{"id":25,"date":"2014-07-29T21:03:09","date_gmt":"2014-07-29T19:03:09","guid":{"rendered":"https:\/\/www.edisco.it\/life-reflections\/?page_id=25"},"modified":"2023-03-29T10:55:06","modified_gmt":"2023-03-29T08:55:06","slug":"scheda-dellopera","status":"publish","type":"page","link":"https:\/\/www.edisco.it\/life-reflections\/","title":{"rendered":"Scheda dell&#8217;opera"},"content":{"rendered":"<div id=\"fondopagina\">\n<div>\n<p><strong><br \/>\n<span style=\"font-family: 'Pridi'; font-size: 17pt; color: #31476c; font-weight: 200;\">L\u2019argomento<\/span><\/strong><span style=\"font-size: 12pt; font-family: OpenSans; font-weight: 400;\">. <em><strong>Life Reflections<\/strong><\/em> \u00e8 rivolto agli studenti dei <strong>Licei delle Scienze Umane<\/strong> (Indirizzo tradizionale e Opzione economico-sociale).<\/span><\/p>\n<p><span style=\"font-size: 12pt; font-family: OpenSans; font-weight: 400;\"> I contenuti sono stati ordinati secondo criteri di graduale complessit\u00e0 concettuale e linguistica e vengono esplorati utilizzando le quattro abilit\u00e0 in modo omogeneo ed integrato.<\/span><\/p>\n<p><span style=\"font-size: 12pt; font-family: OpenSans; font-weight: 400;\"><span style=\"font-family: 'Pridi'; font-size: 17pt; color: #31476c; font-weight: 200;\"><strong>La struttura<\/strong><\/span>. <em><strong>Life Reflections<\/strong><\/em> \u00e8 diviso in <strong>sei Moduli<\/strong>, ognuno dei quali \u00e8 ripartito in tre sezioni:<\/span><\/p>\n<p><span style=\"font-size: 12pt; font-family: OpenSans; font-weight: 400;\"><strong>1. Contents Section<\/strong> \u2013 Divisa in <strong>Unit\u00e0<\/strong>, contiene testi e attivit\u00e0 che riguardano i contenuti specifici della specializzazione gi\u00e0 affrontati in L1. Ogni Unit\u00e0 \u00e8 suddivisa in brevi <strong>Capitoli <\/strong>per favorire non solo uno studio pi\u00f9 parcellizzato, ma anche la scelta antologica da parte dell\u2019insegnante. Brevi <strong>box di approfondimento<\/strong>, denominati <em>Moving Deeper<\/em>, permettono di ampliare le conoscenze sull\u2019argomento. Un ricco <strong>apparato iconografico<\/strong> correda i brani di lettura, per ognuno dei quali \u00e8 previsto un esauriente <strong>glossario<\/strong>.<\/span><\/p>\n<p><span style=\"font-size: 12pt; font-family: OpenSans; font-weight: 400;\"><strong>2. Revision and Practice<\/strong> \u2013 Si occupa di contenuti inerenti alla disciplina ponendo particolare attenzione all\u2019arricchimento lessicale, strutturale e allo sviluppo delle quattro abilit\u00e0 linguistiche. Presenta le seguenti ripartizioni: <\/span><\/p>\n<\/div>\n<ul>\n<li>\n<div><span style=\"font-size: 12pt; font-family: OpenSans; font-weight: 400;\"><strong>Vocabulary<\/strong>. Comprende specifiche attivit\u00e0 per il conseguimento del lessico pi\u00f9 importante del Modulo. <\/span><\/div>\n<\/li>\n<li>\n<div><span style=\"font-size: 12pt; font-family: OpenSans; font-weight: 400;\"><strong>Grammar<\/strong>. Propone il rinforzo delle strutture morfo-sintattiche pi\u00f9 ricorrenti.<\/span><\/div>\n<\/li>\n<li>\n<div><span style=\"font-size: 12pt; font-family: OpenSans; font-weight: 400;\"><strong>Communication<\/strong>. Offre testi e attivit\u00e0 di consolidamento dei contenuti appresi per sviluppare le quattro abilit\u00e0 linguistiche: <em>Reading <\/em>\u2013 <em>Listening <\/em>\u2013 <em>Speaking <\/em>\u2013 <em>Writing<\/em>.<\/span><\/div>\n<\/li>\n<\/ul>\n<div><span style=\"font-size: 12pt; font-family: OpenSans; font-weight: 400;\"> <strong>3. Language Immersion<\/strong> \u2013 \u00c8 volta al potenziamento della lingua tramite l\u2019esplorazione di materie non linguistiche in inglese e la pratica di esercitazioni per certificazione linguistica. <\/span><\/div>\n<ul>\n<li>\n<div><span style=\"font-size: 12pt; font-family: OpenSans; font-weight: 400;\"><strong>CLIL<\/strong> (<em>Content and Language Integrated Learning<\/em>). Alla fine di ogni Modulo \u00e8 presente un CLIL CORNER che si collega alle tematiche presentate in alcune delle discipline curriculari: Biologia, Scienze Naturali, Filosofia, Storia, Diritto, Arte. Gli argomenti proposti possono favorire una didattica cross-curricolare, coinvolgendo docenti delle materie citate.<\/span><\/div>\n<\/li>\n<li>\n<div><span style=\"font-size: 12pt; font-family: OpenSans; font-weight: 400;\"><strong>B2<\/strong> \u2013 Gli studenti hanno l\u2019opportunit\u00e0 di fare pratica di alcuni dei test di una delle pi\u00f9 popolari certificazioni linguistiche (Cambridge English Language Assessment) a livello B2 del Quadro Comune Europeo di Riferimento Linguistico.<\/span><\/div>\n<\/li>\n<\/ul>\n<div><span style=\"font-family: 'Pridi'; font-size: 17pt; color: #31476c; font-weight: 200;\"> <strong>Materiali integrativi<\/strong><\/span>.<\/div>\n<ul>\n<li>\n<div><span style=\"font-size: 12pt; font-family: OpenSans; font-weight: 400;\"><strong>TEACHER\u2019S GUIDE<\/strong>. Con le chiavi di soluzione degli esercizi, i <\/span><span style=\"font-size: 12pt; font-family: OpenSans; font-weight: 400;\">transcripts delle attivit\u00e0 di ascolto, note e procedure didattiche, suggerimenti per ulteriori attivit\u00e0, panoramica su CLIL e B2, prove di verifica collegate ai singoli Moduli e simulazioni della Terza Prova dell\u2019Esame di Stato.<\/span><\/div>\n<\/li>\n<li>\n<div><span style=\"font-size: 12pt; font-family: OpenSans; font-weight: 400;\"><strong>CD AUDIO FORMATO MP3<\/strong>. Registrato con l\u2019impiego di madrelingua, contiene le attivit\u00e0 di ascolto.<\/span><\/div>\n<\/li>\n<\/ul>\n<\/div>\n<div><\/div>\n<div id=\"fondinogiallo\">\n<p><span style=\"font-size: 12pt; font-family: OpenSans; font-weight: 400;\">Nelle <a href=\"https:\/\/www.edisco.it\/life-reflections\/risorse-digitali-online\/\" target=\"_blank\" rel=\"noopener noreferrer\"><span style=\"color: #000080;\"><strong>Risorse digitali online<\/strong><\/span><\/a> si trovano, liberamente accessibili<\/span><\/p>\n<ul>\n<li><span style=\"font-size: 12pt; font-family: OpenSans; font-weight: 400;\">Letture e attivit\u00e0 integrative<\/span><\/li>\n<li><span style=\"font-size: 12pt; font-family: OpenSans; font-weight: 400;\">Listening activities<\/span><\/li>\n<\/ul>\n<p><span style=\"font-size: 12pt; font-family: OpenSans; font-weight: 400;\"> Nei <a href=\"https:\/\/www.edisco.it\/life-reflections\/materiali-per-il-docente\/\" target=\"_blank\" rel=\"noopener noreferrer\"><span style=\"color: #000080;\"><strong>Materiali per il docente<\/strong><\/span><\/a> si trovano, accessibili ai docenti dopo aver effettuato il LOGIN:<\/span><\/p>\n<ul>\n<li><span style=\"font-size: 12pt; font-family: OpenSans; font-weight: 400;\">Teacher's Guide in forma digitale<\/span><\/li>\n<li><span style=\"font-size: 12pt; font-family: OpenSans; font-weight: 400;\">Soluzioni delle attivit\u00e0 delle risorse online<\/span><\/li>\n<\/ul>\n<\/div>\n<div><\/div>\n<div id=\"fondinoschedeadozione\">\n<p><span style=\"font-family: verdana, geneva, sans-serif; font-size: 12pt;\"><a href=\"https:\/\/www.edisco.it\/life-reflections\/wp-content\/uploads\/sites\/45\/2015\/04\/LIFE-REFLECTIONS_Relazione-per-ladozione.pdf\"><img style=\"line-height: 23.1111116872559px;\" src=\"https:\/\/www.edisco.it\/a-caring-society\/wp-content\/uploads\/sites\/86\/2019\/09\/icona-PDF_60.png\" alt=\"\" align=\"absMiddle\" \/> LIFE REFLECTIONS_Relazione per l'adozione.pdf <\/a><\/span><\/p>\n<p><span style=\"font-family: verdana, geneva, sans-serif; font-size: 12pt;\"><a href=\"https:\/\/www.edisco.it\/materiali\/proposte-adozione\/LIFE REFLECTIONS_Relazione per l'adozione.rtf\"><img style=\"line-height: 23.1111px;\" src=\"https:\/\/www.edisco.it\/il-colore-delle-parole\/wp-content\/uploads\/sites\/66\/2015\/04\/icona-Word_60.png\" alt=\"\" align=\"absMiddle\" \/> LIFE REFLECTIONS_Relazione per l'adozione.rtf<\/a><\/span><\/p>\n<\/div>\n","protected":false},"excerpt":{"rendered":"<p>L\u2019argomento. Life Reflections \u00e8 rivolto agli studenti dei Licei delle Scienze Umane (Indirizzo tradizionale e Opzione economico-sociale). I contenuti sono stati ordinati secondo criteri di graduale complessit\u00e0 concettuale e linguistica e vengono esplorati utilizzando le quattro abilit\u00e0 in modo omogeneo ed integrato. La struttura. Life Reflections \u00e8 diviso in sei Moduli, ognuno dei quali \u00e8<\/p>\n","protected":false},"author":3,"featured_media":0,"parent":0,"menu_order":1,"comment_status":"closed","ping_status":"closed","template":"page-templates\/scheda_opera.php","meta":[],"acf":[],"_links":{"self":[{"href":"https:\/\/www.edisco.it\/life-reflections\/wp-json\/wp\/v2\/pages\/25"}],"collection":[{"href":"https:\/\/www.edisco.it\/life-reflections\/wp-json\/wp\/v2\/pages"}],"about":[{"href":"https:\/\/www.edisco.it\/life-reflections\/wp-json\/wp\/v2\/types\/page"}],"author":[{"embeddable":true,"href":"https:\/\/www.edisco.it\/life-reflections\/wp-json\/wp\/v2\/users\/3"}],"replies":[{"embeddable":true,"href":"https:\/\/www.edisco.it\/life-reflections\/wp-json\/wp\/v2\/comments?post=25"}],"version-history":[{"count":10,"href":"https:\/\/www.edisco.it\/life-reflections\/wp-json\/wp\/v2\/pages\/25\/revisions"}],"predecessor-version":[{"id":207,"href":"https:\/\/www.edisco.it\/life-reflections\/wp-json\/wp\/v2\/pages\/25\/revisions\/207"}],"wp:attachment":[{"href":"https:\/\/www.edisco.it\/life-reflections\/wp-json\/wp\/v2\/media?parent=25"}],"curies":[{"name":"wp","href":"https:\/\/api.w.org\/{rel}","templated":true}]}}