{"id":10,"date":"2026-01-21T11:03:36","date_gmt":"2026-01-21T10:03:36","guid":{"rendered":"https:\/\/www.edisco.it\/life-stages\/?page_id=10"},"modified":"2026-03-23T15:04:58","modified_gmt":"2026-03-23T14:04:58","slug":"scheda-dellopera","status":"publish","type":"page","link":"https:\/\/www.edisco.it\/life-stages\/","title":{"rendered":"Scheda dell&#8217;opera"},"content":{"rendered":"<p><span style=\"font-family: 'Pridi'; font-size: 17pt; color: #31476c; font-weight: 200;\"><strong>Argomento e obiettivi del testo<\/strong><\/span><br \/>\n<span style=\"font-size: 12pt; font-family: 'Open Sans'; font-weight: 400;\"><em><br \/>\n<span style=\"font-size: 14pt;\">Life Stages <\/span><\/em>\u00e8 un corso di inglese specialistico per il settore dei <strong>Servizi per la sanit\u00e0 e l\u2019assistenza sociale<\/strong>.<\/span><\/p>\n<p><span style=\"font-size: 12pt; font-family: 'Open Sans'; font-weight: 400;\">I contenuti sono ordinati secondo criteri di graduale complessit\u00e0 concettuale e linguistica e vengono esplorati utilizzando le quattro abilit\u00e0 in modo omogeneo e integrato.<br \/>\nI brani offrono un assortimento di stili, registri e livelli di difficolt\u00e0, e sono tratti da fonti diverse ed autentiche: libri e manuali, riviste e quotidiani online e siti web, anche specialistici.<\/span><\/p>\n<p><span style=\"font-size: 12pt; font-family: 'Open Sans'; font-weight: 400;\">Il testo si propone di:<\/span><\/p>\n<ul style=\"font-size: 12pt; font-family: 'Open Sans'; font-weight: 400;\">\n<li>far acquisire le competenze necessarie per comprendere testi che presentano termini, espressioni, strutture sintattiche e modalit\u00e0 discorsive specifiche del linguaggio settoriale;<\/li>\n<li>migliorare le capacit\u00e0 di ricezione e produzione orale e scritta, anche tramite attivit\u00e0 tipo Preliminary, FCE e IELTS;<\/li>\n<li>consolidare abitudini grammaticali corrette;<\/li>\n<li>incoraggiare l'autonomia linguistica e la soluzione di problemi;<\/li>\n<li>stimolare l'interesse e la partecipazione attiva degli studenti, dando spazio alla loro esperienza personale e a problematiche di attualit\u00e0.<\/li>\n<\/ul>\n<p><span style=\"font-family: 'Pridi'; font-size: 17pt; color: #31476c; font-weight: 200;\"><strong>La struttura<\/strong><\/span><br \/>\n<span style=\"font-size: 12pt; font-family: 'Open Sans'; font-weight: 400;\"><em>Life Stages<\/em> \u00e8 diviso in <strong>sette Moduli<\/strong>, ognuno dei quali ripartito in un numero variabile di Unit\u00e0.<br \/>\nOgni Unit\u00e0 \u00e8 suddivisa in brevi Capitoli su due pagine \u2013 teoria ed esercizi \u2013 per favorire sia uno studio pi\u00f9 parcellizzato, sia la scelta antologica da parte dell'insegnante.<\/span><\/p>\n<p><span style=\"font-size: 12pt; font-family: 'Open Sans'; font-weight: 400;\">Brevi link (curiosit\u00e0, ampliamenti, rimandi, attivit\u00e0 o mini-approfondimenti) arricchiscono i brani per consentire una maggiore interattivit\u00e0. Un ricco apparato iconografico correda i brani di lettura, per ognuno dei quali \u00e8 previsto un esauriente glossario.<\/span><\/p>\n<p><span style=\"font-size: 12pt; font-family: 'Open Sans'; font-weight: 400;\">Ogni Unit\u00e0 si conclude con due sezioni:<\/span><\/p>\n<ul style=\"font-size: 12pt; font-family: 'Open Sans'; font-weight: 400;\">\n<li><strong>Vocabulary<\/strong>: con specifiche attivit\u00e0 di revisione e consolidamento del lessico;<\/li>\n<li><strong>Mapping your Mind<\/strong>: mappa riepilogativa per rappresentare la rete di relazioni tra i vari argomenti dell'unit\u00e0.<\/li>\n<\/ul>\n<p><span style=\"font-size: 12pt; font-family: 'Open Sans'; font-weight: 400;\">Alla fine di ogni Modulo, il testo propone ulteriori attivit\u00e0:<\/span><\/p>\n<ul style=\"font-size: 12pt; font-family: 'Open Sans'; font-weight: 400;\">\n<li><strong>Key people<\/strong>: persone influenti nell'ambito dell'argomento trattato;<\/li>\n<li><strong>Case study<\/strong>: analisi di un evento, un'organizzazione o un problema specifico;<\/li>\n<li><strong>Clip<\/strong>: brevi filmati tratti da opere cinematografiche;<\/li>\n<li><strong>Civic education<\/strong>: tematiche legate all'educazione civica e alla cittadinanza.<\/li>\n<\/ul>\n<p><span style=\"font-size: 12pt; font-family: 'Open Sans'; font-weight: 400;\">Un ultimo modulo extra comprende:<\/span><\/p>\n<ul style=\"font-size: 12pt; font-family: 'Open Sans'; font-weight: 400;\">\n<li>Hands on: informazioni, consigli utili ed esercizi di <em>role-play<\/em> per immergersi in situazioni lavorative realistiche;<\/li>\n<li>Grammar: ripasso degli argomenti pi\u00f9 importanti della grammatica inglese con lessico specifico del settore socio-sanitario;<\/li>\n<li>Spunti interdisciplinari.<\/li>\n<\/ul>\n<p><span style=\"font-family: 'Pridi'; font-size: 17pt; color: #31476c; font-weight: 200;\"><strong>Contenuti digitali integrativi<\/strong><\/span><\/p>\n<ul style=\"font-size: 12pt; font-family: 'Open Sans'; font-weight: 400;\">\n<li>Video per attivit\u00e0 di <em>listening<\/em> e <em>speaking<\/em><\/li>\n<li>Tracce audio in formato mp3<\/li>\n<li>Schemi e mappe interattive<\/li>\n<li>Testi per attivit\u00e0 di approfondimento e di esercitazione<\/li>\n<li>Schede di civilt\u00e0 comparata UK vs US<\/li>\n<\/ul>\n<p><span style=\"font-family: 'Pridi'; font-size: 17pt; color: #31476c; font-weight: 200;\"><strong>Teacher's Book<\/strong>.<\/span> <span style=\"font-size: 12pt; font-family: 'Open Sans'; font-weight: 400;\">Disponibile sia in formato cartaceo sia digitale.<\/span><\/p>\n<ul style=\"font-size: 12pt; font-family: 'Open Sans'; font-weight: 400;\">\n<li>Programmazione didattica \/ Piano di lavoro<\/li>\n<li>Didattica inclusiva e BES<\/li>\n<li>Agenda 2030<\/li>\n<li>Test di verifica di tutte le Unit\u00e0 e i Moduli, in formato editabile<\/li>\n<li>Soluzioni degli esercizi e note didattiche<\/li>\n<li><em>Audioscript<\/em> delle attivit\u00e0 di ascolto e dei video<\/li>\n<\/ul>\n<div class=\"centra\">\n<p><span style=\"font-family: verdana, geneva, sans-serif; font-size: 12pt;\"><a href=\"https:\/\/www.edisco.it\/materiali\/proposte-adozione\/Life-Stages_Relazione_adozione.pdf\" target=\"_blank\" rel=\"noopener noreferrer\"><img src=\"https:\/\/www.edisco.it\/a-caring-society\/wp-content\/uploads\/sites\/86\/2019\/09\/icona-PDF_60.png\" alt=\"\" align=\"absMiddle\"><\/a> <a href=\"https:\/\/www.edisco.it\/materiali\/proposte-adozione\/Life-Stages_Relazione_adozione.pdf\" target=\"_blank\" rel=\"noopener noreferrer\"><br \/>\nLIFE STAGES<br \/>\nRelazione per l'adozione.pdf<\/a><\/span><\/p>\n<p><span style=\"font-size: 12pt;\"><span style=\"font-family: verdana, geneva, sans-serif;\"><a href=\"https:\/\/www.edisco.it\/materiali\/proposte-adozione\/Life-Stages_Relazione_adozione.rtf\"><img style=\"line-height: 23.1111px;\" src=\"https:\/\/www.edisco.it\/il-colore-delle-parole\/wp-content\/uploads\/sites\/66\/2015\/04\/icona-Word_60.png\" alt=\"\" align=\"absMiddle\"><\/a> <a href=\"https:\/\/www.edisco.it\/materiali\/proposte-adozione\/Life-Stages_Relazione_adozione.rtf\"><br \/>\nLIFE STAGES<br \/>\nRelazione per l'adozione.rtf<\/a><\/span><\/span><\/p>\n<\/div>\n","protected":false},"excerpt":{"rendered":"<p>Argomento e obiettivi del testo Life Stages \u00e8 un corso di inglese specialistico per il settore dei Servizi per la sanit\u00e0 e l\u2019assistenza sociale. I contenuti sono ordinati secondo criteri di graduale complessit\u00e0 concettuale e linguistica e vengono esplorati utilizzando le quattro abilit\u00e0 in modo omogeneo e integrato. I brani offrono un assortimento di stili,<\/p>\n","protected":false},"author":3,"featured_media":0,"parent":0,"menu_order":0,"comment_status":"closed","ping_status":"closed","template":"page-templates\/scheda_opera.php","meta":[],"acf":[],"_links":{"self":[{"href":"https:\/\/www.edisco.it\/life-stages\/wp-json\/wp\/v2\/pages\/10"}],"collection":[{"href":"https:\/\/www.edisco.it\/life-stages\/wp-json\/wp\/v2\/pages"}],"about":[{"href":"https:\/\/www.edisco.it\/life-stages\/wp-json\/wp\/v2\/types\/page"}],"author":[{"embeddable":true,"href":"https:\/\/www.edisco.it\/life-stages\/wp-json\/wp\/v2\/users\/3"}],"replies":[{"embeddable":true,"href":"https:\/\/www.edisco.it\/life-stages\/wp-json\/wp\/v2\/comments?post=10"}],"version-history":[{"count":10,"href":"https:\/\/www.edisco.it\/life-stages\/wp-json\/wp\/v2\/pages\/10\/revisions"}],"predecessor-version":[{"id":205,"href":"https:\/\/www.edisco.it\/life-stages\/wp-json\/wp\/v2\/pages\/10\/revisions\/205"}],"wp:attachment":[{"href":"https:\/\/www.edisco.it\/life-stages\/wp-json\/wp\/v2\/media?parent=10"}],"curies":[{"name":"wp","href":"https:\/\/api.w.org\/{rel}","templated":true}]}}