{"id":164,"date":"2016-01-20T09:23:24","date_gmt":"2016-01-20T08:23:24","guid":{"rendered":"https:\/\/www.edisco.it\/lingua-et-mores\/?page_id=164"},"modified":"2024-10-31T10:43:16","modified_gmt":"2024-10-31T09:43:16","slug":"esercizi","status":"publish","type":"page","link":"https:\/\/www.edisco.it\/lingua-et-mores\/esercizi\/","title":{"rendered":"Esercizi interattivi"},"content":{"rendered":"<style type=\"text\/css\">\n#fondinoleggero {<br \/>\nborder-left: 1px solid #0095d8;<br \/>\nborder-right: 1px solid #0095d8;<br \/>\n\/*background-color: #e9f2fb;*\/<br \/>\npadding: 40px;<br \/>\n}<\/style>\n<div id=\"fondinoleggero\">\n<p>\t\t<span style=\"font-size:16px;\"><span style=\"font-family:verdana,geneva,sans-serif;\"><a href=\"https:\/\/www.edisco.it\/materiali\/lingua-et-mores\/index.html?book=full4411980&amp;id=qg1403164139287&amp;n=1\" target=\"_blank\" rel=\"noopener\"><img align=\"absMiddle\" alt=\"\" src=\"https:\/\/www.edisco.it\/tecnologie-chimiche-industriali\/wp-content\/uploads\/sites\/62\/2015\/01\/icona-esercizi_60.png\">&nbsp; &nbsp;<strong> Per cominciare<\/strong><\/a><\/span><\/span><\/p>\n<p><span style=\"font-size:16px;\"><span style=\"font-family:verdana,geneva,sans-serif;\"><a href=\"https:\/\/www.edisco.it\/materiali\/lingua-et-mores\/index.html?book=full4411980&amp;id=qg1404130903404&amp;n=1\" target=\"_blank\" rel=\"noopener\"><img align=\"absMiddle\" alt=\"\" src=\"https:\/\/www.edisco.it\/tecnologie-chimiche-industriali\/wp-content\/uploads\/sites\/62\/2015\/01\/icona-esercizi_60.png\">&nbsp; &nbsp;<strong> Modulo 1 - Unit\u00e0 1<\/strong><\/a><\/span><\/span><\/p>\n<p><span style=\"font-size:16px;\"><span style=\"font-family:verdana,geneva,sans-serif;\"><a href=\"https:\/\/www.edisco.it\/materiali\/lingua-et-mores\/index.html?book=full4411980&amp;id=qg1404142433670&amp;n=1\" target=\"_blank\" rel=\"noopener\"><img align=\"absMiddle\" alt=\"\" src=\"https:\/\/www.edisco.it\/tecnologie-chimiche-industriali\/wp-content\/uploads\/sites\/62\/2015\/01\/icona-esercizi_60.png\">&nbsp; &nbsp;<strong> Modulo 1 - Unit\u00e0 2<\/strong><\/a><\/span><\/span><\/p>\n<p><span style=\"font-size:16px;\"><span style=\"font-family:verdana,geneva,sans-serif;\"><a href=\"https:\/\/www.edisco.it\/materiali\/lingua-et-mores\/index.html?book=full4411980&amp;id=qg1404308669667&amp;n=1\" target=\"_blank\" rel=\"noopener\"><img align=\"absMiddle\" alt=\"\" src=\"https:\/\/www.edisco.it\/tecnologie-chimiche-industriali\/wp-content\/uploads\/sites\/62\/2015\/01\/icona-esercizi_60.png\">&nbsp; &nbsp;<strong> Modulo 1 - Unit\u00e0 3<\/strong><\/a><\/span><\/span><\/p>\n<p><span style=\"font-size:16px;\"><span style=\"font-family:verdana,geneva,sans-serif;\"><a href=\"https:\/\/www.edisco.it\/materiali\/lingua-et-mores\/index.html?book=full4411980&amp;id=qg1403168673125&amp;n=1\" target=\"_blank\" rel=\"noopener\"><img align=\"absMiddle\" alt=\"\" src=\"https:\/\/www.edisco.it\/tecnologie-chimiche-industriali\/wp-content\/uploads\/sites\/62\/2015\/01\/icona-esercizi_60.png\">&nbsp; &nbsp;<strong> Modulo 1 - Esercizi di riepilogo<\/strong><\/a><\/span><\/span><\/p>\n<p><span style=\"font-size:16px;\"><span style=\"font-family:verdana,geneva,sans-serif;\"><a href=\"https:\/\/www.edisco.it\/materiali\/lingua-et-mores\/index.html?book=full4411980&amp;id=qg1404314571256&amp;n=1\" target=\"_blank\" rel=\"noopener\"><img align=\"absMiddle\" alt=\"\" src=\"https:\/\/www.edisco.it\/tecnologie-chimiche-industriali\/wp-content\/uploads\/sites\/62\/2015\/01\/icona-esercizi_60.png\">&nbsp; &nbsp;<strong> Modulo 2&nbsp;- Unit\u00e0 1<\/strong><\/a><\/span><\/span><\/p>\n<p><span style=\"font-size:16px;\"><span style=\"font-family:verdana,geneva,sans-serif;\"><a href=\"https:\/\/www.edisco.it\/materiali\/lingua-et-mores\/index.html?book=full4411980&amp;id=qg1404381928408&amp;n=1\" target=\"_blank\" rel=\"noopener\"><img align=\"absMiddle\" alt=\"\" src=\"https:\/\/www.edisco.it\/tecnologie-chimiche-industriali\/wp-content\/uploads\/sites\/62\/2015\/01\/icona-esercizi_60.png\">&nbsp; &nbsp;<strong> Modulo 2 - Unit\u00e0 2<\/strong><\/a><\/span><\/span><\/p>\n<p><span style=\"font-size:16px;\"><span style=\"font-family:verdana,geneva,sans-serif;\"><a href=\"https:\/\/www.edisco.it\/materiali\/lingua-et-mores\/index.html?book=full4411980&amp;id=qg1404383784273&amp;n=1\" target=\"_blank\" rel=\"noopener\"><img align=\"absMiddle\" alt=\"\" src=\"https:\/\/www.edisco.it\/tecnologie-chimiche-industriali\/wp-content\/uploads\/sites\/62\/2015\/01\/icona-esercizi_60.png\">&nbsp; &nbsp;<strong> Modulo 2 - Unit\u00e0 3<\/strong><\/a><\/span><\/span><\/p>\n<p><span style=\"font-size:16px;\"><span style=\"font-family:verdana,geneva,sans-serif;\"><a href=\"https:\/\/www.edisco.it\/materiali\/lingua-et-mores\/index.html?book=full4411980&amp;id=qg1403251141022&amp;n=1\" target=\"_blank\" rel=\"noopener\"><img align=\"absMiddle\" alt=\"\" src=\"https:\/\/www.edisco.it\/tecnologie-chimiche-industriali\/wp-content\/uploads\/sites\/62\/2015\/01\/icona-esercizi_60.png\">&nbsp; &nbsp;<strong> Modulo 2 - Esercizi di riepilogo<\/strong><\/a><\/span><\/span><\/p>\n<p><span style=\"font-size:16px;\"><span style=\"font-family:verdana,geneva,sans-serif;\"><a href=\"https:\/\/www.edisco.it\/materiali\/lingua-et-mores\/index.html?book=full4411980&amp;id=qg1404395108980&amp;n=1\" target=\"_blank\" rel=\"noopener\"><img align=\"absMiddle\" alt=\"\" src=\"https:\/\/www.edisco.it\/tecnologie-chimiche-industriali\/wp-content\/uploads\/sites\/62\/2015\/01\/icona-esercizi_60.png\">&nbsp; &nbsp;<strong> Modulo 3 - Unit\u00e0 1<\/strong><\/a><\/span><\/span><\/p>\n<p><span style=\"font-size:16px;\"><span style=\"font-family:verdana,geneva,sans-serif;\"><a href=\"https:\/\/www.edisco.it\/materiali\/lingua-et-mores\/index.html?book=full4411980&amp;id=qg1404399439515&amp;n=1\" target=\"_blank\" rel=\"noopener\"><img align=\"absMiddle\" alt=\"\" src=\"https:\/\/www.edisco.it\/tecnologie-chimiche-industriali\/wp-content\/uploads\/sites\/62\/2015\/01\/icona-esercizi_60.png\">&nbsp; &nbsp;<strong> Modulo 3 - Unit\u00e0 2<\/strong><\/a><\/span><\/span><\/p>\n<p><span style=\"font-size:16px;\"><span style=\"font-family:verdana,geneva,sans-serif;\"><a href=\"https:\/\/www.edisco.it\/materiali\/lingua-et-mores\/index.html?book=full4411980&amp;id=qg1404410805799&amp;n=1\" target=\"_blank\" rel=\"noopener\"><img align=\"absMiddle\" alt=\"\" src=\"https:\/\/www.edisco.it\/tecnologie-chimiche-industriali\/wp-content\/uploads\/sites\/62\/2015\/01\/icona-esercizi_60.png\">&nbsp; &nbsp;<strong> Modulo 3 - Unit\u00e0 3<\/strong><\/a><\/span><\/span><\/p>\n<p><span style=\"font-size:16px;\"><span style=\"font-family:verdana,geneva,sans-serif;\"><a href=\"https:\/\/www.edisco.it\/materiali\/lingua-et-mores\/index.html?book=full4411980&amp;id=qg1403260555325&amp;n=1\" target=\"_blank\" rel=\"noopener\"><img align=\"absMiddle\" alt=\"\" src=\"https:\/\/www.edisco.it\/tecnologie-chimiche-industriali\/wp-content\/uploads\/sites\/62\/2015\/01\/icona-esercizi_60.png\">&nbsp; &nbsp;<strong> Modulo 3 - Esercizi di riepilogo<\/strong><\/a><\/span><\/span><\/p>\n<p><span style=\"font-size:16px;\"><span style=\"font-family:verdana,geneva,sans-serif;\"><a href=\"https:\/\/www.edisco.it\/materiali\/lingua-et-mores\/index.html?book=full4411980&amp;id=qg1404744299378&amp;n=1\" target=\"_blank\" rel=\"noopener\"><img align=\"absMiddle\" alt=\"\" src=\"https:\/\/www.edisco.it\/tecnologie-chimiche-industriali\/wp-content\/uploads\/sites\/62\/2015\/01\/icona-esercizi_60.png\">&nbsp; &nbsp;<strong> Modulo 4 - Unit\u00e0 1<\/strong><\/a><\/span><\/span><\/p>\n<p><span style=\"font-size:16px;\"><span style=\"font-family:verdana,geneva,sans-serif;\"><a href=\"https:\/\/www.edisco.it\/materiali\/lingua-et-mores\/index.html?book=full4411980&amp;id=qg1405350273848&amp;n=1\" target=\"_blank\" rel=\"noopener\"><img align=\"absMiddle\" alt=\"\" src=\"https:\/\/www.edisco.it\/tecnologie-chimiche-industriali\/wp-content\/uploads\/sites\/62\/2015\/01\/icona-esercizi_60.png\">&nbsp; &nbsp;<strong> Modulo 4 - Unit\u00e0 2<\/strong><\/a><\/span><\/span><\/p>\n<p><span style=\"font-size:16px;\"><span style=\"font-family:verdana,geneva,sans-serif;\"><a href=\"https:\/\/www.edisco.it\/materiali\/lingua-et-mores\/index.html?book=full4411980&amp;id=qg1405504825999&amp;n=1\" target=\"_blank\" rel=\"noopener\"><img align=\"absMiddle\" alt=\"\" src=\"https:\/\/www.edisco.it\/tecnologie-chimiche-industriali\/wp-content\/uploads\/sites\/62\/2015\/01\/icona-esercizi_60.png\">&nbsp; &nbsp;<strong> Modulo 4&nbsp;- Unit\u00e0 3<\/strong><\/a><\/span><\/span><\/p>\n<p><span style=\"font-size:16px;\"><span style=\"font-family:verdana,geneva,sans-serif;\"><a href=\"https:\/\/www.edisco.it\/materiali\/lingua-et-mores\/index.html?book=full4411980&amp;id=qg1403511964595&amp;n=1\" target=\"_blank\" rel=\"noopener\"><img align=\"absMiddle\" alt=\"\" src=\"https:\/\/www.edisco.it\/tecnologie-chimiche-industriali\/wp-content\/uploads\/sites\/62\/2015\/01\/icona-esercizi_60.png\">&nbsp; &nbsp;<strong> Modulo 4 - Esercizi di riepilogo<\/strong><\/a><\/span><\/span><\/p>\n<p><span style=\"font-size:16px;\"><span style=\"font-family:verdana,geneva,sans-serif;\"><a href=\"https:\/\/www.edisco.it\/materiali\/lingua-et-mores\/index.html?book=full4411980&amp;id=qg1405679033874&amp;n=1\" target=\"_blank\" rel=\"noopener\"><img align=\"absMiddle\" alt=\"\" src=\"https:\/\/www.edisco.it\/tecnologie-chimiche-industriali\/wp-content\/uploads\/sites\/62\/2015\/01\/icona-esercizi_60.png\">&nbsp; &nbsp;<strong> Modulo 5 - Unit\u00e0 1<\/strong><\/a><\/span><\/span><\/p>\n<p><span style=\"font-size:16px;\"><span style=\"font-family:verdana,geneva,sans-serif;\"><a href=\"https:\/\/www.edisco.it\/materiali\/lingua-et-mores\/index.html?book=full4411980&amp;id=qg1405687935058&amp;n=1\" target=\"_blank\" rel=\"noopener\"><img align=\"absMiddle\" alt=\"\" src=\"https:\/\/www.edisco.it\/tecnologie-chimiche-industriali\/wp-content\/uploads\/sites\/62\/2015\/01\/icona-esercizi_60.png\">&nbsp; &nbsp;<strong> Modulo 5 - Unit\u00e0 2<\/strong><\/a><\/span><\/span><\/p>\n<p><span style=\"font-size:16px;\"><span style=\"font-family:verdana,geneva,sans-serif;\"><a href=\"https:\/\/www.edisco.it\/materiali\/lingua-et-mores\/index.html?book=full4411980&amp;id=qg1405689179777&amp;n=1\" target=\"_blank\" rel=\"noopener\"><img align=\"absMiddle\" alt=\"\" src=\"https:\/\/www.edisco.it\/tecnologie-chimiche-industriali\/wp-content\/uploads\/sites\/62\/2015\/01\/icona-esercizi_60.png\">&nbsp; &nbsp;<strong> Modulo 5 - Unit\u00e0 3<\/strong><\/a><\/span><\/span><\/p>\n<p><span style=\"font-size:16px;\"><span style=\"font-family:verdana,geneva,sans-serif;\"><a href=\"https:\/\/www.edisco.it\/materiali\/lingua-et-mores\/index.html?book=full4411980&amp;id=qg1403517748748&amp;n=1\" target=\"_blank\" rel=\"noopener\"><img align=\"absMiddle\" alt=\"\" src=\"https:\/\/www.edisco.it\/tecnologie-chimiche-industriali\/wp-content\/uploads\/sites\/62\/2015\/01\/icona-esercizi_60.png\">&nbsp; &nbsp;<strong> Modulo 5 - Esercizi di riepilogo 1<\/strong><\/a><\/span><\/span><\/p>\n<p><span style=\"font-size:16px;\"><span style=\"font-family:verdana,geneva,sans-serif;\"><a href=\"https:\/\/www.edisco.it\/materiali\/lingua-et-mores\/index.html?book=full4411980&amp;id=qg1405929732039&amp;n=1\" target=\"_blank\" rel=\"noopener\"><img align=\"absMiddle\" alt=\"\" src=\"https:\/\/www.edisco.it\/tecnologie-chimiche-industriali\/wp-content\/uploads\/sites\/62\/2015\/01\/icona-esercizi_60.png\">&nbsp; &nbsp;<strong> Modulo 6 - Unit\u00e0 2<\/strong><\/a><\/span><\/span><\/p>\n<p><span style=\"font-size:16px;\"><span style=\"font-family:verdana,geneva,sans-serif;\"><a href=\"https:\/\/www.edisco.it\/materiali\/lingua-et-mores\/index.html?book=full4411980&amp;id=qg1405932465148&amp;n=1\" target=\"_blank\" rel=\"noopener\"><img align=\"absMiddle\" alt=\"\" src=\"https:\/\/www.edisco.it\/tecnologie-chimiche-industriali\/wp-content\/uploads\/sites\/62\/2015\/01\/icona-esercizi_60.png\">&nbsp; &nbsp;<strong> Modulo 6 - Unit\u00e0 3<\/strong><\/a><\/span><\/span><\/p>\n<p><span style=\"font-size:16px;\"><span style=\"font-family:verdana,geneva,sans-serif;\"><a href=\"https:\/\/www.edisco.it\/materiali\/lingua-et-mores\/index.html?book=full4411980&amp;id=qg1403529553238&amp;n=1\" target=\"_blank\" rel=\"noopener\"><img align=\"absMiddle\" alt=\"\" src=\"https:\/\/www.edisco.it\/tecnologie-chimiche-industriali\/wp-content\/uploads\/sites\/62\/2015\/01\/icona-esercizi_60.png\">&nbsp; &nbsp;<strong> Modulo 6 - Esercizi di riepilogo<\/strong><\/a><\/span><\/span><\/p>\n<p><span style=\"font-size:16px;\"><span style=\"font-family:verdana,geneva,sans-serif;\"><a href=\"https:\/\/www.edisco.it\/materiali\/lingua-et-mores\/index.html?book=full4411980&amp;id=qg1405937649651&amp;n=1\" target=\"_blank\" rel=\"noopener\"><img align=\"absMiddle\" alt=\"\" src=\"https:\/\/www.edisco.it\/tecnologie-chimiche-industriali\/wp-content\/uploads\/sites\/62\/2015\/01\/icona-esercizi_60.png\">&nbsp; &nbsp;<strong> Modulo 7 - Unit\u00e0 1<\/strong><\/a><\/span><\/span><\/p>\n<p><span style=\"font-size:16px;\"><span style=\"font-family:verdana,geneva,sans-serif;\"><a href=\"https:\/\/www.edisco.it\/materiali\/lingua-et-mores\/index.html?book=full4411980&amp;id=qg1405945397192&amp;n=1\" target=\"_blank\" rel=\"noopener\"><img align=\"absMiddle\" alt=\"\" src=\"https:\/\/www.edisco.it\/tecnologie-chimiche-industriali\/wp-content\/uploads\/sites\/62\/2015\/01\/icona-esercizi_60.png\">&nbsp; &nbsp;<strong> Modulo 7 - Unit\u00e0 2<\/strong><\/a><\/span><\/span><\/p>\n<p><span style=\"font-size:16px;\"><span style=\"font-family:verdana,geneva,sans-serif;\"><a href=\"https:\/\/www.edisco.it\/materiali\/lingua-et-mores\/index.html?book=full4411980&amp;id=qg1405948124955&amp;n=1\" target=\"_blank\" rel=\"noopener\"><img align=\"absMiddle\" alt=\"\" src=\"https:\/\/www.edisco.it\/tecnologie-chimiche-industriali\/wp-content\/uploads\/sites\/62\/2015\/01\/icona-esercizi_60.png\">&nbsp; &nbsp;<strong> Modulo 7 - Unit\u00e0 3<\/strong><\/a><\/span><\/span><\/p>\n<p><span style=\"font-size:16px;\"><span style=\"font-family:verdana,geneva,sans-serif;\"><a href=\"https:\/\/www.edisco.it\/materiali\/lingua-et-mores\/index.html?book=full4411980&amp;id=qg1403534840186&amp;n=1\" target=\"_blank\" rel=\"noopener\"><img align=\"absMiddle\" alt=\"\" src=\"https:\/\/www.edisco.it\/tecnologie-chimiche-industriali\/wp-content\/uploads\/sites\/62\/2015\/01\/icona-esercizi_60.png\">&nbsp; &nbsp;<strong> Modulo 7 - Esercizi di riepilogo<\/strong><\/a><\/span><\/span><\/p>\n<p><span style=\"font-size:16px;\"><span style=\"font-family:verdana,geneva,sans-serif;\"><a href=\"https:\/\/www.edisco.it\/materiali\/lingua-et-mores\/index.html?book=full4411980&amp;id=qg1405948234329&amp;n=1\" target=\"_blank\" rel=\"noopener\"><img align=\"absMiddle\" alt=\"\" src=\"https:\/\/www.edisco.it\/tecnologie-chimiche-industriali\/wp-content\/uploads\/sites\/62\/2015\/01\/icona-esercizi_60.png\">&nbsp; &nbsp;<strong> Modulo 8 - Unit\u00e0 1<\/strong><\/a><\/span><\/span><\/p>\n<p><span style=\"font-size:16px;\"><span style=\"font-family:verdana,geneva,sans-serif;\"><a href=\"https:\/\/www.edisco.it\/materiali\/lingua-et-mores\/index.html?book=full4411980&amp;id=qg1405951691825&amp;n=1\" target=\"_blank\" rel=\"noopener\"><img align=\"absMiddle\" alt=\"\" src=\"https:\/\/www.edisco.it\/tecnologie-chimiche-industriali\/wp-content\/uploads\/sites\/62\/2015\/01\/icona-esercizi_60.png\">&nbsp; &nbsp;<strong> Modulo 8 - Unit\u00e0 2<\/strong><\/a><\/span><\/span><\/p>\n<p><span style=\"font-size:16px;\"><span style=\"font-family:verdana,geneva,sans-serif;\"><a href=\"https:\/\/www.edisco.it\/materiali\/lingua-et-mores\/index.html?book=full4411980&amp;id=qg1403691965064&amp;n=1\" target=\"_blank\" rel=\"noopener\"><img align=\"absMiddle\" alt=\"\" src=\"https:\/\/www.edisco.it\/tecnologie-chimiche-industriali\/wp-content\/uploads\/sites\/62\/2015\/01\/icona-esercizi_60.png\">&nbsp; &nbsp;<strong> Modulo 8 - Esercizi di riepilogo<\/strong><\/a><\/span><\/span><\/p>\n<p><span style=\"font-size:16px;\"><span style=\"font-family:verdana,geneva,sans-serif;\"><a href=\"https:\/\/www.edisco.it\/materiali\/lingua-et-mores\/index.html?book=full4411980&amp;id=qg1405951711169&amp;n=1\" target=\"_blank\" rel=\"noopener\"><img align=\"absMiddle\" alt=\"\" src=\"https:\/\/www.edisco.it\/tecnologie-chimiche-industriali\/wp-content\/uploads\/sites\/62\/2015\/01\/icona-esercizi_60.png\">&nbsp; &nbsp;<strong> Modulo 9 - Unit\u00e0 1<\/strong><\/a><\/span><\/span><\/p>\n<p><span style=\"font-size:16px;\"><span style=\"font-family:verdana,geneva,sans-serif;\"><a href=\"https:\/\/www.edisco.it\/materiali\/lingua-et-mores\/index.html?book=full4411980&amp;id=qg1405954675199&amp;n=1\" target=\"_blank\" rel=\"noopener\"><img align=\"absMiddle\" alt=\"\" src=\"https:\/\/www.edisco.it\/tecnologie-chimiche-industriali\/wp-content\/uploads\/sites\/62\/2015\/01\/icona-esercizi_60.png\">&nbsp; &nbsp;<strong> Modulo 9 - Unit\u00e0 2<\/strong><\/a><\/span><\/span><\/p>\n<p><span style=\"font-size:16px;\"><span style=\"font-family:verdana,geneva,sans-serif;\"><a href=\"https:\/\/www.edisco.it\/materiali\/lingua-et-mores\/index.html?book=full4411980&amp;id=qg1405955356746&amp;n=1\" target=\"_blank\" rel=\"noopener\"><img align=\"absMiddle\" alt=\"\" src=\"https:\/\/www.edisco.it\/tecnologie-chimiche-industriali\/wp-content\/uploads\/sites\/62\/2015\/01\/icona-esercizi_60.png\">&nbsp; &nbsp;<strong> Modulo 9 - Unit\u00e0 3<\/strong><\/a><\/span><\/span><\/p>\n<p><span style=\"font-size:16px;\"><span style=\"font-family:verdana,geneva,sans-serif;\"><a href=\"https:\/\/www.edisco.it\/materiali\/lingua-et-mores\/index.html?book=full4411980&amp;id=qg1403773311086&amp;n=1\" target=\"_blank\" rel=\"noopener\"><img align=\"absMiddle\" alt=\"\" src=\"https:\/\/www.edisco.it\/tecnologie-chimiche-industriali\/wp-content\/uploads\/sites\/62\/2015\/01\/icona-esercizi_60.png\">&nbsp; &nbsp;<strong> Modulo 9 - Esercizi di riepilogo<\/strong><\/a><\/span><\/span><\/p>\n<p><span style=\"font-size:16px;\"><span style=\"font-family:verdana,geneva,sans-serif;\"><a href=\"https:\/\/www.edisco.it\/materiali\/lingua-et-mores\/index.html?book=full4411980&amp;id=qg1405958862157&amp;n=1\" target=\"_blank\" rel=\"noopener\"><img align=\"absMiddle\" alt=\"\" src=\"https:\/\/www.edisco.it\/tecnologie-chimiche-industriali\/wp-content\/uploads\/sites\/62\/2015\/01\/icona-esercizi_60.png\">&nbsp; &nbsp;<strong> Modulo 10 - Unit\u00e0 1<\/strong><\/a><\/span><\/span><\/p>\n<p><span style=\"font-size:16px;\"><span style=\"font-family:verdana,geneva,sans-serif;\"><a href=\"https:\/\/www.edisco.it\/materiali\/lingua-et-mores\/index.html?book=full4411980&amp;id=qg1405961897453&amp;n=1\" target=\"_blank\" rel=\"noopener\"><img align=\"absMiddle\" alt=\"\" src=\"https:\/\/www.edisco.it\/tecnologie-chimiche-industriali\/wp-content\/uploads\/sites\/62\/2015\/01\/icona-esercizi_60.png\">&nbsp; &nbsp;<strong> Modulo 10 - Unit\u00e0 2<\/strong><\/a><\/span><\/span><\/p>\n<p><span style=\"font-size:16px;\"><span style=\"font-family:verdana,geneva,sans-serif;\"><a href=\"https:\/\/www.edisco.it\/materiali\/lingua-et-mores\/index.html?book=full4411980&amp;id=qg1403785845900&amp;n=1\" target=\"_blank\" rel=\"noopener\"><img align=\"absMiddle\" alt=\"\" src=\"https:\/\/www.edisco.it\/tecnologie-chimiche-industriali\/wp-content\/uploads\/sites\/62\/2015\/01\/icona-esercizi_60.png\">&nbsp; &nbsp;<strong> Modulo 10 - Esercizi di riepilogo 1<\/strong><\/a><\/span><\/span><\/p>\n<p><span style=\"font-size:16px;\"><span style=\"font-family:verdana,geneva,sans-serif;\"><a href=\"https:\/\/www.edisco.it\/materiali\/lingua-et-mores\/index.html?book=full4411980&amp;id=qg1405962252044&amp;n=1\" target=\"_blank\" rel=\"noopener\"><img align=\"absMiddle\" alt=\"\" src=\"https:\/\/www.edisco.it\/tecnologie-chimiche-industriali\/wp-content\/uploads\/sites\/62\/2015\/01\/icona-esercizi_60.png\">&nbsp; &nbsp;<strong> Modulo 11 - Unit\u00e0 1<\/strong><\/a><\/span><\/span><\/p>\n<p><span style=\"font-size:16px;\"><span style=\"font-family:verdana,geneva,sans-serif;\"><a href=\"https:\/\/www.edisco.it\/materiali\/lingua-et-mores\/index.html?book=full4411980&amp;id=qg1405962279011&amp;n=1\" target=\"_blank\" rel=\"noopener\"><img align=\"absMiddle\" alt=\"\" src=\"https:\/\/www.edisco.it\/tecnologie-chimiche-industriali\/wp-content\/uploads\/sites\/62\/2015\/01\/icona-esercizi_60.png\">&nbsp; &nbsp;<strong> Modulo 11 - Unit\u00e0 2<\/strong><\/a><\/span><\/span><\/p>\n<p><span style=\"font-size:16px;\"><span style=\"font-family:verdana,geneva,sans-serif;\"><a href=\"https:\/\/www.edisco.it\/materiali\/lingua-et-mores\/index.html?book=full4411980&amp;id=qg1405962309466&amp;n=1\" target=\"_blank\" rel=\"noopener\"><img align=\"absMiddle\" alt=\"\" src=\"https:\/\/www.edisco.it\/tecnologie-chimiche-industriali\/wp-content\/uploads\/sites\/62\/2015\/01\/icona-esercizi_60.png\">&nbsp; &nbsp;<strong> Modulo 11 - Unit\u00e0 3<\/strong><\/a><\/span><\/span><\/p>\n<p><span style=\"font-size:16px;\"><span style=\"font-family:verdana,geneva,sans-serif;\"><a href=\"https:\/\/www.edisco.it\/materiali\/lingua-et-mores\/index.html?book=full4411980&amp;id=qg1403791081701&amp;n=1\" target=\"_blank\" rel=\"noopener\"><img align=\"absMiddle\" alt=\"\" src=\"https:\/\/www.edisco.it\/tecnologie-chimiche-industriali\/wp-content\/uploads\/sites\/62\/2015\/01\/icona-esercizi_60.png\">&nbsp; &nbsp;<strong> Modulo 11 - Esercizi di riepilogo<\/strong><\/a><\/span><\/span><\/p>\n<p><span style=\"font-size:16px;\"><span style=\"font-family:verdana,geneva,sans-serif;\"><a href=\"https:\/\/www.edisco.it\/materiali\/lingua-et-mores\/index.html?book=full4411980&amp;id=qg1405962326474&amp;n=1\" target=\"_blank\" rel=\"noopener\"><img align=\"absMiddle\" alt=\"\" src=\"https:\/\/www.edisco.it\/tecnologie-chimiche-industriali\/wp-content\/uploads\/sites\/62\/2015\/01\/icona-esercizi_60.png\">&nbsp; &nbsp;<strong> Modulo 12 - Unit\u00e0 1<\/strong><\/a><\/span><\/span><\/p>\n<p><span style=\"font-size:16px;\"><span style=\"font-family:verdana,geneva,sans-serif;\"><a href=\"https:\/\/www.edisco.it\/materiali\/lingua-et-mores\/index.html?book=full4411980&amp;id=qg1405962346290&amp;n=1\" target=\"_blank\" rel=\"noopener\"><img align=\"absMiddle\" alt=\"\" src=\"https:\/\/www.edisco.it\/tecnologie-chimiche-industriali\/wp-content\/uploads\/sites\/62\/2015\/01\/icona-esercizi_60.png\">&nbsp; &nbsp;<strong> Modulo 12 - Unit\u00e0 2<\/strong><\/a><\/span><\/span><\/p>\n<p><span style=\"font-size:16px;\"><span style=\"font-family:verdana,geneva,sans-serif;\"><a href=\"https:\/\/www.edisco.it\/materiali\/lingua-et-mores\/index.html?book=full4411980&amp;id=qg1403793590091&amp;n=1\" target=\"_blank\" rel=\"noopener\"><img align=\"absMiddle\" alt=\"\" src=\"https:\/\/www.edisco.it\/tecnologie-chimiche-industriali\/wp-content\/uploads\/sites\/62\/2015\/01\/icona-esercizi_60.png\">&nbsp; &nbsp;<strong> Modulo 12 - Esercizi di riepilogo<\/strong><\/a><\/span><\/span><\/p>\n<p>&nbsp;<\/p>\n<\/div>\n","protected":false},"excerpt":{"rendered":"<p>&nbsp; &nbsp; Per cominciare &nbsp; &nbsp; Modulo 1 &#8211; Unit\u00e0 1 &nbsp; &nbsp; Modulo 1 &#8211; Unit\u00e0 2 &nbsp; &nbsp; Modulo 1 &#8211; Unit\u00e0 3 &nbsp; &nbsp; Modulo 1 &#8211; Esercizi di riepilogo &nbsp; &nbsp; Modulo 2&nbsp;&#8211; Unit\u00e0 1 &nbsp; &nbsp; Modulo 2 &#8211; Unit\u00e0 2 &nbsp; &nbsp; Modulo 2 &#8211; Unit\u00e0 3 &nbsp; &nbsp;<\/p>\n","protected":false},"author":3,"featured_media":0,"parent":0,"menu_order":0,"comment_status":"closed","ping_status":"closed","template":"page-templates\/custom_page.php","meta":[],"acf":[],"_links":{"self":[{"href":"https:\/\/www.edisco.it\/lingua-et-mores\/wp-json\/wp\/v2\/pages\/164"}],"collection":[{"href":"https:\/\/www.edisco.it\/lingua-et-mores\/wp-json\/wp\/v2\/pages"}],"about":[{"href":"https:\/\/www.edisco.it\/lingua-et-mores\/wp-json\/wp\/v2\/types\/page"}],"author":[{"embeddable":true,"href":"https:\/\/www.edisco.it\/lingua-et-mores\/wp-json\/wp\/v2\/users\/3"}],"replies":[{"embeddable":true,"href":"https:\/\/www.edisco.it\/lingua-et-mores\/wp-json\/wp\/v2\/comments?post=164"}],"version-history":[{"count":16,"href":"https:\/\/www.edisco.it\/lingua-et-mores\/wp-json\/wp\/v2\/pages\/164\/revisions"}],"predecessor-version":[{"id":272,"href":"https:\/\/www.edisco.it\/lingua-et-mores\/wp-json\/wp\/v2\/pages\/164\/revisions\/272"}],"wp:attachment":[{"href":"https:\/\/www.edisco.it\/lingua-et-mores\/wp-json\/wp\/v2\/media?parent=164"}],"curies":[{"name":"wp","href":"https:\/\/api.w.org\/{rel}","templated":true}]}}