{"id":23,"date":"2014-06-15T19:55:07","date_gmt":"2014-06-15T17:55:07","guid":{"rendered":"https:\/\/www.edisco.it\/lingua-et-mores\/?page_id=23"},"modified":"2023-02-20T10:28:15","modified_gmt":"2023-02-20T09:28:15","slug":"scheda-dellopera","status":"publish","type":"page","link":"https:\/\/www.edisco.it\/lingua-et-mores\/","title":{"rendered":"Scheda dell&#8217;opera"},"content":{"rendered":"<div id=\"fondopagina\">\n<p>&nbsp;<\/p>\n<p><span style=\"font-family: verdana, geneva, sans-serif; font-size: 11pt;\"><em>Lingua et mores<\/em> \u00e8 un corso di lingua latina per il biennio dei licei, coerente con i nuovi programmi ministeriali e si prefigge di raggiungere alcuni obiettivi fondamentali.<\/span><\/p>\n<p><span style=\"font-size: 12pt; font-family: OpenSans; font-weight: 400;\">Vuole essere una <strong>grammatica della lingua latina<\/strong> che, accanto allo scrupolo e al rigore indispensabili, utilizza tutte le risorse della moderna didattica e l\u2019esperienza diretta in classe delle Autrici. La trattazione della teoria grammaticale \u00e8 suddivisa in unit\u00e0 (a loro volta divise in modo didattico in paragrafi e sottoparagrafi).<br \/>\nL\u2019esposizione \u00e8 sempre molto chiara e puntuale e la partizione degli argomenti favorisce l\u2019apprendimento graduale.<\/span><\/p>\n<p><span style=\"font-size: 12pt; font-family: OpenSans; font-weight: 400;\">Indispensabile il corredo degli <strong>esercizi<\/strong>, sia quelli che seguono immediatamente i singoli paragrafi sia quelli di ricapitolazione a fine unit\u00e0. Gli esercizi sono diversificati, graduali, numerosi e seguono immediatamente la teoria. Alla fine di ogni unit\u00e0 vengono proposti <strong>esercizi di riepilogo<\/strong>. Lo svolgimento degli esercizi \u00e8 facilitato dal <strong>dizionario finale<\/strong> (relativo ai primi 5 moduli) che costituisce un primo avvio alla consultazione.<\/span><\/p>\n<p><span style=\"font-size: 12pt; font-family: OpenSans; font-weight: 400;\">Il secondo traguardo a cui mira il corso \u00e8 quello dichiarato fin dal titolo: proporre una panoramica della <strong>vita quotidiana<\/strong> e della <strong>civilt\u00e0 romana<\/strong>, nella convinzione che studiare la lingua di un popolo non possa prescindere dalla conoscenza dei suoi usi e costumi, delle sue tradizioni e del suo pensiero. I 12 moduli sono strutturati su un importante argomento di civilt\u00e0 romana, presentato e illustrato nelle pagine di apertura.<\/span><\/p>\n<p><span style=\"font-size: 12pt; font-family: OpenSans; font-weight: 400;\">L\u2019argomento viene ripreso in chiusura di modulo nelle rubriche <em><strong>Mores Romani<\/strong><\/em>, in cui si propongono alcuni passi significativi che affrontano particolari aspetti del tema in questione. A concludere questa \u00abcircolarit\u00e0\u00bb del modulo, che parte e si chiude sullo stesso argomento, viene proposto un <strong>brano di grandi autori<\/strong> della letteratura latina con la relativa traduzione ed esercizi di comprensione e di applicazione delle regole. In tal modo lo studente inizia a famigliarizzare con nomi e testi della tradizione letteraria latina e ad apprezzarne la profondit\u00e0 e l\u2019attualit\u00e0.<\/span><\/p>\n<p><span style=\"font-size: 12pt; font-family: OpenSans; font-weight: 400;\">Ulteriore obiettivo di <em>Lingua et mores<\/em> \u00e8 di guidare lo studente nella riflessione sulla<strong> lingua latina come matrice di quella italiana e di quelle neolatine<\/strong> (con influenze anche su quelle sassoni). Utili a questo scopo sono le tabelle sinottiche nella rubrica <em><strong>Lingue a confronto<\/strong><\/em> che mette in parallelo lemmi e vocaboli che dal latino si radicano, seppure in modi diversi, nei vari idiomi. Altro momento di riflessione linguistica \u00e8 costituito dalla rubrica <em><strong>Verba in intinere<\/strong><\/em> che, posta a fine modulo, espone in forma vivace e sistematica l\u2019origine e l\u2019evoluzione di termini settoriali relativi all\u2019argomento.<\/span><\/p>\n<p><span style=\"font-size: 12pt; font-family: OpenSans; font-weight: 400;\">Ma \u00e8 soprattutto con la lingua italiana che il latino ha un rapporto privilegiato e diretto, una \u201cfigliazione\u201d stretta. \u00c8 fondamentale che gli studenti si rendano conto che senza risalire alle matrici latine non \u00e8 possibile una conoscenza vera dell\u2019Italiano. A tale scopo la rubrica <em><strong>Il lessico. Espressioni e modi di dire<\/strong><\/em> segue tutto il corso con una cadenza ripetuta e regolare proponendo tutte le espressioni, i modi di dire e i termini che sopravvivono nel nostro parlato e nella tradizione scritta e che costituiscono il grande patrimonio che la lingua latina ha lasciato alla nostra. In tal modo il corso di latino diventa un vero strumento di <strong>educazione linguistica<\/strong>.<\/span><\/p>\n<p><span style=\"font-size: 12pt; font-family: OpenSans; font-weight: 400;\">Le <strong>risorse digitali<\/strong> sono rilevanti e sono concepite come parte integrante del progetto didattico; sono costituite da: <\/span><\/p>\n<ul>\n<li>\n<div><span style=\"font-size: 12pt; font-family: OpenSans; font-weight: 400;\">esercizi interattivi di riepilogo sui singoli argomenti del modulo;<\/span><\/div>\n<\/li>\n<li><span style=\"font-size: 12pt; font-family: OpenSans; font-weight: 400;\">ulteriori brani d\u2019autore sulla civilt\u00e0 e sulla vita quotidiana;<\/span><\/li>\n<li><span style=\"font-size: 12pt; font-family: OpenSans; font-weight: 400;\">unit\u00e0 sui verbi deponenti.<\/span><\/li>\n<\/ul>\n<p><span style=\"font-size: 12pt; font-family: OpenSans; font-weight: 400;\">Gli strumenti multimediali possono avvicinare lo studente a una lingua difficile per lontananza nel tempo e possono facilitare l\u2019apprendimento.<\/span><\/p>\n<p><span style=\"font-size: 12pt; font-family: OpenSans; font-weight: 400;\">La <strong>Guida per il Docente<\/strong> \u00e8 un vero strumento indispensabile per il lavoro del Docente. Discrete ma utili le indicazioni per la programmazione. Il Docente ha a sua disposizione le <strong>verifiche sommative<\/strong> di ogni modulo, strutturate in due modalit\u00e0 diverse: la prima prova verifica la comprensione delle regole sintattiche e la capacit\u00e0 di applicarle; la seconda \u00e8 una versione calibrata su tutti gli argomenti svolti. Delle verifiche sommative vengono date le soluzioni.<br \/>\nL\u2019ampio <strong>correttore <\/strong>offre le soluzioni di tutti gli esercizi contenuti nel volume. <\/span><\/p>\n<p>&nbsp;<\/p>\n<\/div>\n<p>&nbsp;<\/p>\n<div id=\"fondinoschedeadozione\">\n<p><span style=\"font-family: verdana, geneva, sans-serif; font-size: 12pt;\"><a href=\"https:\/\/www.edisco.it\/lingua-et-mores\/wp-content\/uploads\/sites\/27\/2015\/04\/Lingua-et-mores_Relazione-per-ladozione.pdf\"><img style=\"line-height: 23.1111116872559px;\" src=\"https:\/\/www.edisco.it\/a-caring-society\/wp-content\/uploads\/sites\/86\/2019\/09\/icona-PDF_60.png\" alt=\"\" align=\"absMiddle\"> Lingua et mores_Relazione per l'adozione.pdf <\/a><\/span><\/p>\n<p><span style=\"font-family: verdana, geneva, sans-serif; font-size: 12pt;\"><a href=\"https:\/\/www.edisco.it\/materiali\/proposte-adozione\/Lingua et mores_Relazione per l'adozione.rtf\"><img style=\"line-height: 23.1111px;\" src=\"https:\/\/www.edisco.it\/il-colore-delle-parole\/wp-content\/uploads\/sites\/66\/2015\/04\/icona-Word_60.png\" alt=\"\" align=\"absMiddle\"> Lingua et mores_Relazione per l'adozione.rtf<\/a><\/span><\/p>\n<\/div>\n<p>&nbsp;<\/p>\n<p>&nbsp;<\/p>\n","protected":false},"excerpt":{"rendered":"<p>&nbsp; Lingua et mores \u00e8 un corso di lingua latina per il biennio dei licei, coerente con i nuovi programmi ministeriali e si prefigge di raggiungere alcuni obiettivi fondamentali. Vuole essere una grammatica della lingua latina che, accanto allo scrupolo e al rigore indispensabili, utilizza tutte le risorse della moderna didattica e l\u2019esperienza diretta in<\/p>\n","protected":false},"author":3,"featured_media":0,"parent":0,"menu_order":1,"comment_status":"closed","ping_status":"closed","template":"page-templates\/scheda_opera.php","meta":[],"acf":[],"_links":{"self":[{"href":"https:\/\/www.edisco.it\/lingua-et-mores\/wp-json\/wp\/v2\/pages\/23"}],"collection":[{"href":"https:\/\/www.edisco.it\/lingua-et-mores\/wp-json\/wp\/v2\/pages"}],"about":[{"href":"https:\/\/www.edisco.it\/lingua-et-mores\/wp-json\/wp\/v2\/types\/page"}],"author":[{"embeddable":true,"href":"https:\/\/www.edisco.it\/lingua-et-mores\/wp-json\/wp\/v2\/users\/3"}],"replies":[{"embeddable":true,"href":"https:\/\/www.edisco.it\/lingua-et-mores\/wp-json\/wp\/v2\/comments?post=23"}],"version-history":[{"count":8,"href":"https:\/\/www.edisco.it\/lingua-et-mores\/wp-json\/wp\/v2\/pages\/23\/revisions"}],"predecessor-version":[{"id":250,"href":"https:\/\/www.edisco.it\/lingua-et-mores\/wp-json\/wp\/v2\/pages\/23\/revisions\/250"}],"wp:attachment":[{"href":"https:\/\/www.edisco.it\/lingua-et-mores\/wp-json\/wp\/v2\/media?parent=23"}],"curies":[{"name":"wp","href":"https:\/\/api.w.org\/{rel}","templated":true}]}}