{"id":7,"date":"2023-02-24T16:04:30","date_gmt":"2023-02-24T15:04:30","guid":{"rendered":"https:\/\/www.edisco.it\/lives\/?page_id=7"},"modified":"2024-09-10T20:30:23","modified_gmt":"2024-09-10T18:30:23","slug":"scheda-dellopera","status":"publish","type":"page","link":"https:\/\/www.edisco.it\/lives\/","title":{"rendered":"Scheda dell&#8217;opera"},"content":{"rendered":"<p><span style=\"font-family: 'Pridi'; font-size: 17pt; color: #31476c; font-weight: 200;\"><strong><br \/>\nL\u2019argomento.<\/strong><\/span><br \/>\n<span style=\"font-size: 12pt; font-family: OpenSans; font-weight: 400;\"><em>Lives<\/em> \u00e8 un testo di civilt\u00e0 che intende stimolare la curiosit\u00e0 verso culture, popolazioni, abitudini e stili diversi dalla nostra per favorire la reciproca comprensione. I brani fanno riferimento ai principali paesi parlanti la lingua inglese: Gran Bretagna, Irlanda, Stati Uniti, Australia e Sud Africa.<\/span><\/p>\n<p>Ciascuna Unit\u00e0 presenta testi originali, informativi ed accattivanti, suddivisi per argomenti:<\/p>\n<ul style=\"font-size: 12pt; font-family: OpenSans; font-weight: 400;\">\n<li>Cities &amp; Landmarks<\/li>\n<li>Culture, Art &amp; Literature<\/li>\n<li>Customs &amp; Traditions<\/li>\n<li>Environment &amp; Technology<\/li>\n<li>Geography<\/li>\n<li>History<\/li>\n<li>Music &amp; Sport<\/li>\n<li>Geography<\/li>\n<li>People, TV &amp; Cinema<\/li>\n<\/ul>\n<p>Lives \u00e8 suddiviso in tre sezioni corrispondenti ai livelli linguistici delle tre classi della secondaria di primo grado:<br \/>\n<strong>A1, A1+, A2<\/strong>.<\/p>\n<p>Ogni Unit\u00e0 prevede:<\/p>\n<ul style=\"font-size: 12pt; font-family: OpenSans; font-weight: 400;\">\n<li>un\u2019attivit\u00e0 di <strong>warm-up<\/strong> che introduce il tema del brano<\/li>\n<li>un ampio <strong>glossario<\/strong>, per offrire una lettura agevole e scorrevole<\/li>\n<li>diversi esercizi di <strong>comprensione<\/strong>, per consolidare l\u2019apprendimento e stimolare l\u2019analisi<\/li>\n<li>una rubrica dedicata all\u2019<strong>Agenda 2030<\/strong> e alle <strong>Competenze del XXI secolo<\/strong><\/li>\n<li>un\u2019attivit\u00e0 di <em>Do-it-yourself<\/em>: <strong>compiti di realt\u00e0<\/strong> da svolgere in coppia o in gruppo<\/li>\n<\/ul>\n<p>Ogni sezione si conclude con delle <strong>mappe riepilogative<\/strong> per singolo brano, utile supporto allo studio e all\u2019analisi.<\/p>\n<p>La sezione dedicata alla classe terza include altri spunti per l\u2019<strong>Esame di Stato<\/strong>, suggerendo, per ciascun brano, possibili collegamenti interdisciplinari. Il testo si chiude con delle <strong>mappe geopolitiche<\/strong> e un piccolo gioco: \u201c<em>Guess the Country<\/em>!\u201d.<\/p>\n<p><span style=\"font-family: 'Pridi'; font-size: 17pt; color: #31476c; font-weight: 200;\"><strong>Contenuti digitali integrativi<\/strong><\/span><\/p>\n<ul style=\"font-size: 12pt; font-family: OpenSans; font-weight: 400;\">\n<li>Audio in formato mp3 delle attivit\u00e0 di ascolto<\/li>\n<li>Video per attivit\u00e0 di listening e speaking<\/li>\n<\/ul>\n<p><span style=\"font-family: 'Pridi'; font-size: 17pt; color: #31476c; font-weight: 200;\"><strong>Teacher\u2019s Book - <\/strong>Disponibile solo in formato digitale.<\/span><br \/>\n<span style=\"font-size: 12pt; font-family: OpenSans; font-weight: 400;\">Contiene:<\/span><\/p>\n<ul style=\"font-size: 12pt; font-family: OpenSans; font-weight: 400;\">\n<li>Soluzioni degli esercizi<\/li>\n<li><em>Script<\/em> delle attivit\u00e0 di ascolto e dei video<\/li>\n<li>2 Test di verifica per ogni Unit\u00e0 (fila A e fila B), in formato editabile<\/li>\n<li>Guida didattica di supporto per studenti BES<\/li>\n<\/ul>\n<div class=\"centra\">\n<p><span style=\"font-family: verdana, geneva, sans-serif; font-size: 12pt;\"><a href=\"https:\/\/www.edisco.it\/wp-content\/uploads\/2023\/03\/LIVES_Relazione_per_l_adozione.pdf\" target=\"_blank\" rel=\"noopener noreferrer\"><img src=\"https:\/\/www.edisco.it\/a-caring-society\/wp-content\/uploads\/sites\/86\/2019\/09\/icona-PDF_60.png\" alt=\"\" align=\"absMiddle\" \/><\/a> <a href=\"https:\/\/www.edisco.it\/wp-content\/uploads\/2023\/03\/LIVES_Relazione_per_l_adozione.pdf\" target=\"_blank\" rel=\"noopener noreferrer\"><br \/>\nLIVES<br \/>\nRelazione per l'adozione.pdf<\/a><\/span><\/p>\n<p><span style=\"font-size: 12pt;\"><span style=\"font-family: verdana, geneva, sans-serif;\"><a href=\"https:\/\/www.edisco.it\/materiali\/proposte-adozione\/2023\/LIVES_Relazione_per_l_adozione.rtf\"><img style=\"line-height: 23.1111px;\" src=\"https:\/\/www.edisco.it\/il-colore-delle-parole\/wp-content\/uploads\/sites\/66\/2015\/04\/icona-Word_60.png\" alt=\"\" align=\"absMiddle\" \/><\/a> <a href=\"https:\/\/www.edisco.it\/materiali\/proposte-adozione\/2023\/LIVES_Relazione_per_l_adozione.rtf\"><br \/>\nLIVES<br \/>\nRelazione per l'adozione.rtf<\/a><\/span><\/span><\/p>\n<\/div>\n","protected":false},"excerpt":{"rendered":"<p>L\u2019argomento. Lives \u00e8 un testo di civilt\u00e0 che intende stimolare la curiosit\u00e0 verso culture, popolazioni, abitudini e stili diversi dalla nostra per favorire la reciproca comprensione. I brani fanno riferimento ai principali paesi parlanti la lingua inglese: Gran Bretagna, Irlanda, Stati Uniti, Australia e Sud Africa. Ciascuna Unit\u00e0 presenta testi originali, informativi ed accattivanti, suddivisi<\/p>\n","protected":false},"author":3,"featured_media":0,"parent":0,"menu_order":0,"comment_status":"closed","ping_status":"closed","template":"page-templates\/scheda_opera.php","meta":[],"acf":[],"_links":{"self":[{"href":"https:\/\/www.edisco.it\/lives\/wp-json\/wp\/v2\/pages\/7"}],"collection":[{"href":"https:\/\/www.edisco.it\/lives\/wp-json\/wp\/v2\/pages"}],"about":[{"href":"https:\/\/www.edisco.it\/lives\/wp-json\/wp\/v2\/types\/page"}],"author":[{"embeddable":true,"href":"https:\/\/www.edisco.it\/lives\/wp-json\/wp\/v2\/users\/3"}],"replies":[{"embeddable":true,"href":"https:\/\/www.edisco.it\/lives\/wp-json\/wp\/v2\/comments?post=7"}],"version-history":[{"count":14,"href":"https:\/\/www.edisco.it\/lives\/wp-json\/wp\/v2\/pages\/7\/revisions"}],"predecessor-version":[{"id":293,"href":"https:\/\/www.edisco.it\/lives\/wp-json\/wp\/v2\/pages\/7\/revisions\/293"}],"wp:attachment":[{"href":"https:\/\/www.edisco.it\/lives\/wp-json\/wp\/v2\/media?parent=7"}],"curies":[{"name":"wp","href":"https:\/\/api.w.org\/{rel}","templated":true}]}}