{"id":29,"date":"2022-02-23T10:03:42","date_gmt":"2022-02-23T09:03:42","guid":{"rendered":"https:\/\/www.edisco.it\/marketplace\/?page_id=29"},"modified":"2024-10-30T19:51:07","modified_gmt":"2024-10-30T18:51:07","slug":"risorse-digitali-online","status":"publish","type":"page","link":"https:\/\/www.edisco.it\/marketplace\/risorse-digitali-online\/","title":{"rendered":"Risorse digitali online"},"content":{"rendered":"<div id=\"fondopagina\" style=\"word-wrap: break-word;\">\n<p><span style=\"font-size: 10pt; font-family: OpenSans; font-weight: 400;\">L\u2019Editore \u00e8 a disposizione degli aventi diritto con i quali non gli \u00e8 stato possibile comunicare, nonch\u00e9 per eventuali omissioni e inesattezze nella citazione delle fonti dei brani, illustrazioni, fotografie e video riprodotti nella presente opera<br \/>\n<em>All reasonable efforts were made to acknowledge and contact the source and\/or copyright holder of material used in this work. The publisher apologizes for any unintentional errors or omissions and will be pleased to make corrections in future editions. All lyrics, music and films quoted are for rewiew, study or critical purposes<\/em>.<\/span><\/p>\n<div id=\"fondinoazzurro\">\n<p><a href=\"https:\/\/www.edisco.it\/marketplace\/risorse-digitali-online\/listening-activities\/\" target=\"_blank\" rel=\"noopener noreferrer\"><span style=\"font-size: 13.3333px;\"><img style=\"line-height: 23.1111px; width: 80px; height: 60px;\" src=\"https:\/\/www.edisco.it\/life-reflections\/wp-content\/uploads\/sites\/45\/2015\/04\/audio1.png\" alt=\"\" align=\"absMiddle\"> <\/span><span style=\"font-size: 14pt;\"><strong><span style=\"font-family: verdana,geneva,sans-serif;\">Listening activities <\/span><\/strong><\/span><\/a><\/p>\n<\/div>\n<div id=\"spaziobianco\">&nbsp;<\/div>\n<div id=\"fondinovideo\">\n<p><span style=\"color: #999999;\"><strong><span style=\"font-family: verdana, geneva, sans-serif;\"><span style=\"color: #c70b02; font-size: 12pt;\"><span style=\"color: #333399;\">Video and Web Activities <\/span><\/span><\/span><\/strong><\/span><\/p>\n<ul style=\"list-style-type: none; padding-left: 0; margin-left: 0;\">\n<li class=\"fondinoscrittecolorate\"><span style=\"font-size: 12pt;\"><span style=\"font-family: verdana, geneva, sans-serif; color: #018e72;\"><strong>Page 13 \u2192 Video: <\/strong><\/span><\/span><br \/>\n<span style=\"font-size: 12pt;\"><a href=\"https:\/\/www.edisco.it\/marketplace\/risorse-digitali-online\/introduction-to-supply-and-demand\/\" target=\"_blank\" rel=\"noopener noreferrer\"><span style=\"font-family: verdana, geneva, sans-serif; color: #c70b02;\"><strong>Introduction to Supply and Demand<\/strong><\/span><\/a><\/span><\/li>\n<li class=\"fondinoscrittecolorate\"><span style=\"font-size: 12pt;\"><span style=\"font-family: verdana, geneva, sans-serif; color: #018e72;\"><strong>Page 19 \u2192 Video: <\/strong><\/span><\/span><br \/>\n<span style=\"font-size: 12pt;\"><a href=\"https:\/\/www.edisco.it\/marketplace\/risorse-digitali-online\/how-the-economy-really-works\/\" target=\"_blank\" rel=\"noopener noreferrer\"><span style=\"font-family: verdana, geneva, sans-serif; color: #c70b02;\"><strong>How the Economy really works <\/strong><\/span><\/a><\/span><\/li>\n<li class=\"fondinoscrittecolorate\"><span style=\"font-size: 12pt;\"><span style=\"font-family: verdana, geneva, sans-serif; color: #018e72;\"><strong>Page 23 \u2192 Video: <\/strong><\/span><\/span><br \/>\n<span style=\"font-size: 12pt;\"><a href=\"https:\/\/www.edisco.it\/marketplace\/risorse-digitali-online\/nationalisation-and-privatisation\/\" target=\"_blank\" rel=\"noopener noreferrer\"><span style=\"font-family: verdana, geneva, sans-serif; color: #c70b02;\"><strong>Nationalisation and privatisation<\/strong><\/span><\/a><\/span><\/li>\n<li class=\"fondinoscrittecolorate\"><span style=\"font-size: 12pt;\"><span style=\"font-family: verdana, geneva, sans-serif; color: #018e72;\"><strong>Page 26 \u2192 Video: <\/strong><\/span><\/span><br \/>\n<span style=\"font-size: 12pt;\"><a href=\"https:\/\/www.edisco.it\/marketplace\/risorse-digitali-online\/what-is-ebay-how-does-it-work\/\" target=\"_blank\" rel=\"noopener noreferrer\"><span style=\"font-family: verdana, geneva, sans-serif; color: #c70b02;\"><strong>What is eBay &amp; How Does It Work?<\/strong><\/span><\/a><\/span><\/li>\n<li class=\"fondinoscrittecolorate\"><span style=\"font-size: 12pt;\"><span style=\"font-family: verdana, geneva, sans-serif; color: #018e72;\"><strong>Page 31 \u2192 Video: <\/strong><\/span><\/span><br \/>\n<span style=\"font-size: 12pt;\"><a href=\"https:\/\/www.edisco.it\/marketplace\/risorse-digitali-online\/credit-unions-are-cooperatives\/\" target=\"_blank\" rel=\"noopener noreferrer\"><span style=\"font-family: verdana, geneva, sans-serif; color: #c70b02;\"><strong>Credit Unions are Cooperatives<\/strong><\/span><\/a><\/span><\/li>\n<li class=\"fondinoscrittecolorate\"><span style=\"font-size: 12pt;\"><span style=\"font-family: verdana, geneva, sans-serif; color: #018e72;\"><strong>Page 45 \u2192 Video: <\/strong><\/span><\/span><br \/>\n<span style=\"font-size: 12pt;\"><a href=\"https:\/\/www.edisco.it\/marketplace\/risorse-digitali-online\/starbucks-swot-analysis\/\" target=\"_blank\" rel=\"noopener noreferrer\"><span style=\"font-family: verdana, geneva, sans-serif; color: #c70b02;\"><strong>Starbucks SWOT Analysis<\/strong><\/span><\/a><\/span><\/li>\n<li class=\"fondinoscrittecolorate\"><span style=\"font-size: 12pt;\"><span style=\"font-family: verdana, geneva, sans-serif; color: #018e72;\"><strong>Page 61 \u2192Video: <\/strong><\/span><\/span><br \/>\n<span style=\"font-size: 12pt;\"><a href=\"https:\/\/www.edisco.it\/marketplace\/risorse-digitali-online\/economies-of-scale-in-one-minute-definitiontheory-explanation-and-examples\/\" target=\"_blank\" rel=\"noopener noreferrer\"><span style=\"font-family: verdana, geneva, sans-serif; color: #c70b02;\"><strong>Economies of Scale in One Minute: Definition\/Theory, Explanation and Examples<\/strong><\/span><\/a><\/span><\/li>\n<li class=\"fondinoscrittecolorate\"><span style=\"font-size: 12pt;\"><span style=\"font-family: verdana, geneva, sans-serif; color: #018e72;\"><strong>Page 63 \u2192 Video: <\/strong><\/span><\/span><br \/>\n<span style=\"font-size: 12pt;\"><span style=\"font-family: verdana, geneva, sans-serif; color: #c70b02;\"><strong><a href=\"https:\/\/www.edisco.it\/marketplace\/risorse-digitali-online\/prohibited-goods\/\" target=\"_blank\" rel=\"noopener noreferrer\"><span style=\"font-family: verdana, geneva, sans-serif; color: #c70b02;\">Prohibited goods<\/span><\/a><br \/>\n<\/strong><\/span><\/span><\/li>\n<li class=\"fondinoscrittecolorate\"><span style=\"font-size: 12pt;\"><span style=\"font-family: verdana, geneva, sans-serif; color: #018e72;\"><strong>Page 77 \u2192 Video: <\/strong><\/span><\/span><br \/>\n<span style=\"font-size: 12pt;\"><span style=\"font-family: verdana, geneva, sans-serif; color: #c70b02;\"><strong><a href=\"https:\/\/www.edisco.it\/marketplace\/risorse-digitali-online\/what-to-expect-during-a-car-insurance-claim\/\" target=\"_blank\" rel=\"noopener noreferrer\"><span style=\"font-family: verdana, geneva, sans-serif; color: #c70b02;\">What to Expect During a Car Insurance Claim<\/span><\/a> <\/strong><\/span><\/span><\/li>\n<li class=\"fondinoscrittecolorate\"><span style=\"font-size: 12pt;\"><span style=\"font-family: verdana, geneva, sans-serif; color: #018e72;\"><strong>Page 79 \u2192 Video:<\/strong><\/span><\/span><br \/>\n<span style=\"font-size: 12pt;\"><a href=\"https:\/\/www.edisco.it\/marketplace\/risorse-digitali-online\/inside-a-warehouse-where-thousands-of-robots-pack-groceries\/\" target=\"_blank\" rel=\"noopener noreferrer\"><span style=\"font-family: verdana, geneva, sans-serif; color: #c70b02;\"><strong>Inside A Warehouse Where Thousands Of Robots Pack Groceries<\/strong><\/span><\/a><\/span><\/li>\n<li class=\"fondinoscrittecolorate\"><span style=\"font-size: 12pt;\"><span style=\"font-family: verdana, geneva, sans-serif; color: #018e72;\"><strong>Page 81 \u2192 Video: <\/strong><\/span><\/span><br \/>\n<span style=\"font-size: 12pt;\"><a href=\"https:\/\/www.edisco.it\/marketplace\/risorse-digitali-online\/3-bank-accounts-every-small-business-owner-should-have\/\" target=\"_blank\" rel=\"noopener noreferrer\"><span style=\"font-family: verdana, geneva, sans-serif; color: #c70b02;\"><strong>3 bank accounts every small business owner should have<\/strong><\/span><\/a><\/span><\/li>\n<li class=\"fondinoscrittecolorate\"><span style=\"font-size: 12pt;\"><span style=\"font-family: verdana, geneva, sans-serif; color: #018e72;\"><strong>Page 88 \u2192 Video: <\/strong><\/span><\/span><br \/>\n<span style=\"font-size: 12pt;\"><a href=\"https:\/\/www.edisco.it\/marketplace\/risorse-digitali-online\/why-do-competitors-open-their-stores-next-to-one-another\/\" target=\"_blank\" rel=\"noopener noreferrer\"><span style=\"font-family: verdana, geneva, sans-serif; color: #c70b02;\"><strong>Why do competitors open their stores next to one another?<\/strong><\/span><\/a><\/span><\/li>\n<li class=\"fondinoscrittecolorate\"><span style=\"font-size: 12pt;\"><span style=\"font-family: verdana, geneva, sans-serif; color: #018e72;\"><strong>Page 92 \u2192 Film Clip: <\/strong><\/span><\/span><br \/>\n<span style=\"font-size: 12pt;\"><a href=\"https:\/\/www.edisco.it\/marketplace\/risorse-digitali-online\/the-founder\/\" target=\"_blank\" rel=\"noopener noreferrer\"><span style=\"font-family: verdana, geneva, sans-serif; color: #c70b02;\"><strong>The Founder<\/strong><\/span><\/a><\/span><\/li>\n<li class=\"fondinoscrittecolorate\"><span style=\"font-size: 12pt;\"><span style=\"font-family: verdana, geneva, sans-serif; color: #018e72;\"><strong>Page 97 \u2192 Video: <\/strong><\/span><\/span><br \/>\n<span style=\"font-size: 12pt;\"><a href=\"https:\/\/www.edisco.it\/marketplace\/risorse-digitali-online\/when-the-phone-rings-telephone-skills-for-better-service\/\" target=\"_blank\" rel=\"noopener noreferrer\"><span style=\"font-family: verdana, geneva, sans-serif; color: #c70b02;\"><strong>When the Phone Rings: Telephone Skills for Better Service<\/strong><\/span><\/a><\/span><\/li>\n<li class=\"fondinoscrittecolorate\"><span style=\"font-size: 12pt;\"><span style=\"font-family: verdana, geneva, sans-serif; color: #018e72;\"><strong>Page 103 \u2192 Video: <\/strong><\/span><\/span><br \/>\n<span style=\"font-size: 12pt;\"><a href=\"https:\/\/www.edisco.it\/marketplace\/risorse-digitali-online\/effective-meetings-agenda-and-preparation\/\" target=\"_blank\" rel=\"noopener noreferrer\"><span style=\"font-family: verdana, geneva, sans-serif; color: #c70b02;\"><strong>Effective Meetings [Agenda and Preparation]<\/strong><\/span><\/a><\/span><\/li>\n<li class=\"fondinoscrittecolorate\"><span style=\"font-size: 12pt;\"><span style=\"font-family: verdana, geneva, sans-serif; color: #018e72;\"><strong>Page 105 \u2192 Video: <\/strong><\/span><\/span><br \/>\n<span style=\"font-size: 12pt;\"><a href=\"https:\/\/www.edisco.it\/marketplace\/risorse-digitali-online\/how-to-give-reasons-and-use-graphs-to-describe-trends-in-english\/\" target=\"_blank\" rel=\"noopener noreferrer\"><span style=\"font-family: verdana, geneva, sans-serif; color: #c70b02;\"><strong>How to Give Reasons and use Graphs to Describe Trends in English<\/strong><\/span><\/a><\/span><\/li>\n<li class=\"fondinoscrittecolorate\"><span style=\"font-size: 12pt;\"><span style=\"font-family: verdana, geneva, sans-serif; color: #018e72;\"><strong>Page 151 \u2192 Video: <\/strong><\/span><\/span><br \/>\n<span style=\"font-size: 12pt;\"><a href=\"https:\/\/www.edisco.it\/marketplace\/risorse-digitali-online\/5-tips-for-writing-an-awesome-blog-post\/\" target=\"_blank\" rel=\"noopener noreferrer\"><span style=\"font-family: verdana, geneva, sans-serif; color: #c70b02;\"><strong>5 Tips For Writing An Awesome Blog Post<\/strong><\/span><\/a><\/span><\/li>\n<li class=\"fondinoscrittecolorate\"><span style=\"font-size: 12pt;\"><span style=\"font-family: verdana, geneva, sans-serif; color: #018e72;\"><strong>Page 164 \u2192 Film Clip: <\/strong><\/span><\/span><br \/>\n<span style=\"font-size: 12pt;\"><a href=\"https:\/\/www.edisco.it\/marketplace\/risorse-digitali-online\/jobs\/\" target=\"_blank\" rel=\"noopener noreferrer\"><span style=\"font-family: verdana, geneva, sans-serif; color: #c70b02;\"><strong>Jobs<\/strong><\/span><\/a><\/span><\/li>\n<li class=\"fondinoscrittecolorate\"><span style=\"font-size: 12pt;\"><span style=\"font-family: verdana, geneva, sans-serif; color: #018e72;\"><strong>Page 168 \u2192 Video: <\/strong><\/span><\/span><br \/>\n<span style=\"font-size: 12pt;\"><a href=\"https:\/\/www.edisco.it\/marketplace\/risorse-digitali-online\/the-job-hunting-process\/\" target=\"_blank\" rel=\"noopener noreferrer\"><span style=\"font-family: verdana, geneva, sans-serif; color: #c70b02;\"><strong>The job hunting process<\/strong><\/span><\/a><\/span><\/li>\n<li class=\"fondinoscrittecolorate\"><span style=\"font-size: 12pt;\"><span style=\"font-family: verdana, geneva, sans-serif; color: #018e72;\"><strong>Page 173 \u2192 Video: <\/strong><\/span><\/span><br \/>\n<span style=\"font-size: 12pt;\"><a href=\"https:\/\/www.edisco.it\/marketplace\/risorse-digitali-online\/video-cv\/\" target=\"_blank\" rel=\"noopener noreferrer\"><span style=\"font-family: verdana, geneva, sans-serif; color: #c70b02;\"><strong>Video CV<\/strong><\/span><\/a><\/span><\/li>\n<li class=\"fondinoscrittecolorate\"><span style=\"font-size: 12pt;\"><span style=\"font-family: verdana, geneva, sans-serif; color: #018e72;\"><strong>Page 174 \u2192 Video: <\/strong><\/span><\/span><br \/>\n<span style=\"font-size: 12pt;\"><a href=\"https:\/\/www.edisco.it\/marketplace\/risorse-digitali-online\/preparing-for-the-stress-interview\/\" target=\"_blank\" rel=\"noopener noreferrer\"><span style=\"font-family: verdana, geneva, sans-serif; color: #c70b02;\"><strong>Preparing for the Stress Interview<\/strong><\/span><\/a><\/span><\/li>\n<li class=\"fondinoscrittecolorate\"><span style=\"font-size: 12pt;\"><span style=\"font-family: verdana, geneva, sans-serif; color: #018e72;\"><strong>Page 176 \u2192 Video: <\/strong><\/span><\/span><br \/>\n<span style=\"font-size: 12pt;\"><a href=\"https:\/\/www.edisco.it\/marketplace\/risorse-digitali-online\/12-top-tips-for-successful-interviews\/\" target=\"_blank\" rel=\"noopener noreferrer\"><span style=\"font-family: verdana, geneva, sans-serif; color: #c70b02;\"><strong>12 Top Tips for Successful Interviews<\/strong><\/span><\/a><\/span><\/li>\n<li class=\"fondinoscrittecolorate\"><span style=\"font-size: 12pt;\"><span style=\"font-family: verdana, geneva, sans-serif; color: #018e72;\"><strong>Page 178 \u2192 Video: <\/strong><\/span><\/span><br \/>\n<span style=\"font-size: 12pt;\"><a href=\"https:\/\/www.edisco.it\/marketplace\/risorse-digitali-online\/competency-questions-the-s-t-a-r-technique\/\" target=\"_blank\" rel=\"noopener noreferrer\"><span style=\"font-family: verdana, geneva, sans-serif; color: #c70b02;\"><strong>Competency Questions &amp; The S.T.A.R. Technique<\/strong><\/span><\/a><\/span><\/li>\n<li class=\"fondinoscrittecolorate\"><span style=\"font-size: 12pt;\"><span style=\"font-family: verdana, geneva, sans-serif; color: #018e72;\"><strong>Page 182 \u2192 Video: <\/strong><\/span><\/span><br \/>\n<span style=\"font-size: 12pt;\"><a href=\"https:\/\/www.edisco.it\/marketplace\/risorse-digitali-online\/organisation-structure-business-exam-tips\/\" target=\"_blank\" rel=\"noopener noreferrer\"><span style=\"font-family: verdana, geneva, sans-serif; color: #c70b02;\"><strong>Organisation Structure: Business Exam Tips<\/strong><\/span><\/a><\/span><\/li>\n<li class=\"fondinoscrittecolorate\"><span style=\"font-size: 12pt;\"><span style=\"font-family: verdana, geneva, sans-serif; color: #018e72;\"><strong>Page 188 \u2192 Video: <\/strong><\/span><\/span><br \/>\n<span style=\"font-size: 12pt;\"><a href=\"https:\/\/www.edisco.it\/marketplace\/risorse-digitali-online\/big-data-why-should-you-care\/\" target=\"_blank\" rel=\"noopener noreferrer\"><span style=\"font-family: verdana, geneva, sans-serif; color: #c70b02;\"><strong>Big data: why should you care?<\/strong><\/span><\/a><\/span><\/li>\n<li class=\"fondinoscrittecolorate\"><span style=\"font-size: 12pt;\"><span style=\"font-family: verdana, geneva, sans-serif; color: #018e72;\"><strong>Page 190 \u2192 Video: <\/strong><\/span><\/span><br \/>\n<span style=\"font-size: 12pt;\"><a href=\"https:\/\/www.edisco.it\/marketplace\/risorse-digitali-online\/how-to-create-a-strong-password\/\" target=\"_blank\" rel=\"noopener noreferrer\"><span style=\"font-family: verdana, geneva, sans-serif; color: #c70b02;\"><strong>How to Create a Strong Password<\/strong><\/span><\/a><\/span><\/li>\n<li class=\"fondinoscrittecolorate\"><span style=\"font-size: 12pt;\"><span style=\"font-family: verdana, geneva, sans-serif; color: #018e72;\"><strong>Page 192 \u2192 Video: <\/strong><\/span><\/span><br \/>\n<span style=\"font-size: 12pt;\"><a href=\"https:\/\/www.edisco.it\/marketplace\/risorse-digitali-online\/customer-service-last-method\/\" target=\"_blank\" rel=\"noopener noreferrer\"><span style=\"font-family: verdana, geneva, sans-serif; color: #c70b02;\"><strong>Customer Service - Last Method<\/strong><\/span><\/a><\/span><\/li>\n<li class=\"fondinoscrittecolorate\"><span style=\"font-size: 12pt;\"><span style=\"font-family: verdana, geneva, sans-serif; color: #018e72;\"><strong>Page 201 \u2192 Video: <\/strong><\/span><\/span><br \/>\n<span style=\"font-size: 12pt;\"><a href=\"https:\/\/www.edisco.it\/marketplace\/risorse-digitali-online\/could-circular-economics-fix-the-planet\/\" target=\"_blank\" rel=\"noopener noreferrer\"><span style=\"font-family: verdana, geneva, sans-serif; color: #c70b02;\"><strong>Could circular economics fix the planet?<\/strong><\/span><\/a><\/span><\/li>\n<li class=\"fondinoscrittecolorate\"><span style=\"font-size: 12pt;\"><span style=\"font-family: verdana, geneva, sans-serif; color: #018e72;\"><strong>Page 211 \u2192 Video: <\/strong><\/span><\/span><br \/>\n<span style=\"font-size: 12pt;\"><a href=\"https:\/\/www.edisco.it\/marketplace\/risorse-digitali-online\/the-international-monetary-fund-imf-and-the-world-bank-explained-in-one-minute\/\" target=\"_blank\" rel=\"noopener noreferrer\"><span style=\"font-family: verdana, geneva, sans-serif; color: #c70b02;\"><strong>The International Monetary Fund (IMF) and the World Bank Explained in One Minute<\/strong><\/span><\/a><\/span><\/li>\n<li class=\"fondinoscrittecolorate\"><span style=\"font-size: 12pt;\"><span style=\"font-family: verdana, geneva, sans-serif; color: #018e72;\"><strong>Page 213 \u2192 Video: <\/strong><\/span><\/span><br \/>\n<span style=\"font-size: 12pt;\"><a href=\"https:\/\/www.edisco.it\/marketplace\/risorse-digitali-online\/ilo-at-work\/\" target=\"_blank\" rel=\"noopener noreferrer\"><span style=\"font-family: verdana, geneva, sans-serif; color: #c70b02;\"><strong>ILO at Work<\/strong><\/span><\/a><\/span><\/li>\n<li class=\"fondinoscrittecolorate\"><span style=\"font-size: 12pt;\"><span style=\"font-family: verdana, geneva, sans-serif; color: #018e72;\"><strong>Page 220 \u2192 Video: <\/strong><\/span><\/span><br \/>\n<span style=\"font-size: 12pt;\"><a href=\"https:\/\/www.edisco.it\/marketplace\/risorse-digitali-online\/video-resume-mistakes\/\" target=\"_blank\" rel=\"noopener noreferrer\"><span style=\"font-family: verdana, geneva, sans-serif; color: #c70b02;\"><strong>Video Resume Mistakes<\/strong><\/span><\/a><\/span><\/li>\n<li class=\"fondinoscrittecolorate\"><span style=\"font-size: 12pt;\"><span style=\"font-family: verdana, geneva, sans-serif; color: #018e72;\"><strong>Page 222 \u2192 Film Clip: <\/strong><\/span><\/span><br \/>\n<span style=\"font-size: 12pt;\"><a href=\"https:\/\/www.edisco.it\/marketplace\/risorse-digitali-online\/snowden\/\" target=\"_blank\" rel=\"noopener noreferrer\"><span style=\"font-family: verdana, geneva, sans-serif; color: #c70b02;\"><strong>Snowden<\/strong><\/span><\/a><\/span><\/li>\n<li class=\"fondinoscrittecolorate\"><span style=\"font-size: 12pt;\"><span style=\"font-family: verdana, geneva, sans-serif; color: #018e72;\"><strong>Page 227 \u2192 Video: <\/strong><\/span><\/span><br \/>\n<span style=\"font-size: 12pt;\"><a href=\"https:\/\/www.edisco.it\/marketplace\/risorse-digitali-online\/the-first-mayflower-pilgrims-land-at-plymouth-to-establish-the-plymouth-colony\/\" target=\"_blank\" rel=\"noopener noreferrer\"><span style=\"font-family: verdana, geneva, sans-serif; color: #c70b02;\"><strong>The first Mayflower Pilgrims land at Plymouth to establish the Plymouth Colony<\/strong><\/span><\/a><\/span><\/li>\n<li class=\"fondinoscrittecolorate\"><span style=\"font-size: 12pt;\"><span style=\"font-family: verdana, geneva, sans-serif; color: #018e72;\"><strong>Page 229 \u2192 Video: <\/strong><\/span><\/span><br \/>\n<span style=\"font-size: 12pt;\"><a href=\"https:\/\/www.edisco.it\/marketplace\/risorse-digitali-online\/the-impact-of-the-industrial-revolution\/\" target=\"_blank\" rel=\"noopener noreferrer\"><span style=\"font-family: verdana, geneva, sans-serif; color: #c70b02;\"><strong>The impact of the Industrial Revolution<\/strong><\/span><\/a><\/span><\/li>\n<li class=\"fondinoscrittecolorate\"><span style=\"font-size: 12pt;\"><span style=\"font-family: verdana, geneva, sans-serif; color: #018e72;\"><strong>Page 235 \u2192 Video: <\/strong><\/span><\/span><br \/>\n<span style=\"font-size: 12pt;\"><a href=\"https:\/\/www.edisco.it\/marketplace\/queens-speech-2021-key-points-boris-johnsons-policy-pledges-revealed\/\" target=\"_blank\" rel=\"noopener noreferrer\"><span style=\"font-family: verdana, geneva, sans-serif; color: #c70b02;\"><strong>Queen\u2019s Speech 2021 key points: Boris Johnson's policy pledges revealed<\/strong><\/span><\/a><\/span><\/li>\n<\/ul>\n<\/div>\n<div id=\"spaziobianco\">&nbsp;<\/div>\n<div id=\"fondinopdf\">\n<p><span style=\"color: #999999;\"><strong><span style=\"font-family: verdana, geneva, sans-serif;\"><span style=\"color: #006299; font-size: 13pt;\"><br \/>\n<span style=\"color: #006299;\">Materiali di approfondimento e di esercitazione <span style=\"color: #999999;\"><span style=\"font-size: 12pt;\"><br \/>\n<\/span><\/span><\/span><\/span><\/span><\/strong><\/span><\/p>\n<ul style=\"list-style-type: none; padding-left: 0; margin-left: 0;\">\n<li class=\"fondinoscrittecolorate\">\n<p style=\"float: left; padding-right: 5px;\">&nbsp;<\/p>\n<p><span style=\"font-size: 14pt;\"><a href=\"https:\/\/www.edisco.it\/marketplace\/risorse-digitali-online\/the-basics\/\"><span style=\"font-family: verdana, geneva, sans-serif; color: #0084b6;\"><strong>THE BASICS<\/strong><\/span><\/a><\/span><\/li>\n<li class=\"fondinoscrittecolorate\">\n<p style=\"float: left; padding-right: 5px;\">&nbsp;<\/p>\n<p><span style=\"font-size: 14pt;\"><a href=\"https:\/\/www.edisco.it\/marketplace\/risorse-digitali-online\/the-real-world\/\"><span style=\"font-family: verdana, geneva, sans-serif; color: #0084b6;\"><strong>THE REAL WORLD<\/strong><\/span><\/a><\/span><\/li>\n<\/ul>\n<\/div>\n<div id=\"spaziobianco\">&nbsp;<\/div>\n<\/div>\n","protected":false},"excerpt":{"rendered":"<p>L\u2019Editore \u00e8 a disposizione degli aventi diritto con i quali non gli \u00e8 stato possibile comunicare, nonch\u00e9 per eventuali omissioni e inesattezze nella citazione delle fonti dei brani, illustrazioni, fotografie e video riprodotti nella presente opera All reasonable efforts were made to acknowledge and contact the source and\/or copyright holder of material used in this<\/p>\n","protected":false},"author":3,"featured_media":0,"parent":0,"menu_order":0,"comment_status":"closed","ping_status":"closed","template":"page-templates\/custom_page.php","meta":[],"acf":[],"_links":{"self":[{"href":"https:\/\/www.edisco.it\/marketplace\/wp-json\/wp\/v2\/pages\/29"}],"collection":[{"href":"https:\/\/www.edisco.it\/marketplace\/wp-json\/wp\/v2\/pages"}],"about":[{"href":"https:\/\/www.edisco.it\/marketplace\/wp-json\/wp\/v2\/types\/page"}],"author":[{"embeddable":true,"href":"https:\/\/www.edisco.it\/marketplace\/wp-json\/wp\/v2\/users\/3"}],"replies":[{"embeddable":true,"href":"https:\/\/www.edisco.it\/marketplace\/wp-json\/wp\/v2\/comments?post=29"}],"version-history":[{"count":53,"href":"https:\/\/www.edisco.it\/marketplace\/wp-json\/wp\/v2\/pages\/29\/revisions"}],"predecessor-version":[{"id":376,"href":"https:\/\/www.edisco.it\/marketplace\/wp-json\/wp\/v2\/pages\/29\/revisions\/376"}],"wp:attachment":[{"href":"https:\/\/www.edisco.it\/marketplace\/wp-json\/wp\/v2\/media?parent=29"}],"curies":[{"name":"wp","href":"https:\/\/api.w.org\/{rel}","templated":true}]}}