{"id":8,"date":"2024-01-30T13:53:44","date_gmt":"2024-01-30T12:53:44","guid":{"rendered":"https:\/\/www.edisco.it\/mechpower-n-e\/?page_id=8"},"modified":"2024-03-12T14:49:18","modified_gmt":"2024-03-12T13:49:18","slug":"scheda-dellopera","status":"publish","type":"page","link":"https:\/\/www.edisco.it\/mechpower-new-edition\/","title":{"rendered":"Scheda dell&#8217;opera"},"content":{"rendered":"<p><span style=\"font-family: 'Pridi'; font-size: 17pt; color: #31476c; font-weight: 200;\"><strong>L\u2019argomento<\/strong><\/span><br \/>\n<span style=\"font-size: 12pt; font-family: OpenSans; font-weight: 400;\"><em>MechPower&nbsp;<\/em>\u00e8 un corso di inglese specialistico per il settore&nbsp;<strong>Meccanica<\/strong>, <strong>Meccatronica<\/strong> ed <strong>Energia<\/strong>.<\/span><\/p>\n<p><span style=\"font-size: 12pt; font-family: OpenSans; font-weight: 400;\">I contenuti sono ordinati secondo criteri di graduale complessit\u00e0 concettuale e linguistica e vengono esplorati utilizzando le quattro abilit\u00e0 in modo omogeneo e integrato. I brani offrono un assortimento di stili, registri e livelli di difficolt\u00e0.<\/span><\/p>\n<p><span style=\"font-family: 'Pridi'; font-size: 17pt; color: #31476c; font-weight: 200;\"><strong>La struttura<\/strong><\/span><br \/>\n<span style=\"font-size: 12pt; font-family: OpenSans; font-weight: 400;\"><em>MechPower<\/em>&nbsp;\u00e8 diviso in sette Moduli, ognuno dei quali \u00e8 ripartito in un numero variabile di Unit\u00e0.<\/span><\/p>\n<p><span style=\"font-size: 12pt; font-family: OpenSans; font-weight: 400;\">Ogni Unit\u00e0 \u00e8 suddivisa in brevi Capitoli su due pagine \u2013 teoria ed esercizi \u2013 per favorire uno studio pi\u00f9 parcellizzato e la scelta antologica da parte dell\u2019insegnante. Brevi link (curiosit\u00e0, ampliamenti, rimandi, attivit\u00e0 o mini-approfondimenti) arricchiscono i brani per consentire una maggiore interattivit\u00e0. Un ricco apparato iconografico correda i brani di lettura, per ognuno dei quali \u00e8 previsto un esauriente glossario.<\/span><\/p>\n<p><span style=\"font-size: 12pt; font-family: OpenSans; font-weight: 400;\">Al termine di ogni Unit\u00e0 \u00e8 presente la seguente sezione:<\/span><\/p>\n<ul>\n<li><span style=\"font-size: 12pt; font-family: OpenSans; font-weight: 400;\"><strong>Mapping your mind<\/strong>: Mappa riepilogativa.<\/span><\/li>\n<\/ul>\n<p>Alla fine dei primi sei Moduli, il testo propone ulteriori attivit\u00e0:<\/p>\n<ul>\n<li><span style=\"font-size: 12pt; font-family: OpenSans; font-weight: 400;\"><strong>Vocabulary<\/strong>: Esercizi di revisione e consolidamento;<\/span><\/li>\n<li><span style=\"font-size: 12pt; font-family: OpenSans; font-weight: 400;\"><strong>Real-life skills<\/strong>: Compiti di realt\u00e0 e collaborativi, lavori di gruppo con un taglio di tipo pratico calato nella realt\u00e0;<\/span><\/li>\n<li><span style=\"font-size: 12pt; font-family: OpenSans; font-weight: 400;\"><strong>Case study<\/strong>: Argomento di attualit\u00e0 corredato di esercizi mirati all\u2019approfondimento e alla discussione;<\/span><\/li>\n<li><span style=\"font-size: 12pt; font-family: OpenSans; font-weight: 400;\"><strong>Clip<\/strong>: Breve clip tratta da film attinenti agli argomenti del Modulo;<\/span><\/li>\n<li><span style=\"font-size: 12pt; font-family: OpenSans; font-weight: 400;\"><strong>Citizenship<\/strong>: Attivit\u00e0 che prendono spunto da contenuti dell\u2019unit\u00e0 per agganciarsi a tematiche legate all\u2019educazione civica e alla cittadinanza.<\/span><\/li>\n<\/ul>\n<p><span style=\"font-family: 'Pridi'; font-size: 17pt; color: #31476c; font-weight: 200;\"><strong>Contenuti digitali integrativi<\/strong><\/span><\/p>\n<ul>\n<li><span style=\"font-size: 12pt; font-family: OpenSans; font-weight: 400;\">Testi per attivit\u00e0 di approfondimento<\/span><\/li>\n<li><span style=\"font-size: 12pt; font-family: OpenSans; font-weight: 400;\">Testi per attivit\u00e0 cross-curricolari<\/span><\/li>\n<li><span style=\"font-size: 12pt; font-family: OpenSans; font-weight: 400;\">Approfondimenti di civilt\u00e0<\/span><\/li>\n<li><span style=\"font-size: 12pt; font-family: OpenSans; font-weight: 400;\">Audio in formato mp3 delle attivit\u00e0 di ascolto<\/span><\/li>\n<li><span style=\"font-size: 12pt; font-family: OpenSans; font-weight: 400;\">Video per attivit\u00e0 di <em>listening<\/em> e <em>speaking<\/em><\/span><\/li>\n<li><span style=\"font-size: 12pt; font-family: OpenSans; font-weight: 400;\">Esempio di prova INVALSI<\/span><\/li>\n<\/ul>\n<p><span style=\"font-family: 'Pridi'; font-size: 17pt; color: #31476c; font-weight: 200;\"><strong>Teacher\u2019s Book<\/strong><\/span>. Disponibile sia in formato cartaceo sia digitale.<\/p>\n<ul>\n<li><span style=\"font-size: 12pt; font-family: OpenSans; font-weight: 400;\">Programmazione didattica \/ Piano di lavoro<\/span><\/li>\n<li><span style=\"font-size: 12pt; font-family: OpenSans; font-weight: 400;\">Didattica inclusiva e BES<\/span><\/li>\n<li><span style=\"font-size: 12pt; font-family: OpenSans; font-weight: 400;\">Test di verifica di tutti i Moduli e le Unit\u00e0, in formato editabile<\/span><\/li>\n<li><span style=\"font-size: 12pt; font-family: OpenSans; font-weight: 400;\">Materiali per la preparazione dell\u2019esame di Stato<\/span><\/li>\n<li><span style=\"font-size: 12pt; font-family: OpenSans; font-weight: 400;\">Soluzioni di tutti gli esercizi e dei test<\/span><\/li>\n<li><span style=\"font-size: 12pt; font-family: OpenSans; font-weight: 400;\"><em>Audioscript<\/em>&nbsp;delle attivit\u00e0 di ascolto e dei video<\/span><\/li>\n<li><span style=\"font-size: 12pt; font-family: OpenSans; font-weight: 400;\">Agenda 2030<\/span><\/li>\n<\/ul>\n<div class=\"centra\">\n<p><span style=\"font-family: verdana, geneva, sans-serif; font-size: 12pt;\"><a href=\"https:\/\/www.edisco.it\/mechpower-new-edition\/wp-content\/uploads\/sites\/116\/2024\/03\/MECHPOWER_NE_Relazione_per_l_adozione.pdf\" target=\"_blank\" rel=\"noopener noreferrer\"><img src=\"https:\/\/www.edisco.it\/a-caring-society\/wp-content\/uploads\/sites\/86\/2019\/09\/icona-PDF_60.png\" alt=\"\" align=\"absMiddle\"><\/a> <a href=\"https:\/\/www.edisco.it\/mechpower-new-edition\/wp-content\/uploads\/sites\/116\/2024\/03\/MECHPOWER_NE_Relazione_per_l_adozione.pdf\" target=\"_blank\" rel=\"noopener noreferrer\"><br \/>\nMECHPOWER NE<br \/>\nRelazione per l'adozione.pdf<\/a><\/span><\/p>\n<p><span style=\"font-size: 12pt;\"><span style=\"font-family: verdana, geneva, sans-serif;\"><a href=\"https:\/\/www.edisco.it\/materiali\/proposte-adozione\/2024\/MECHPOWER_NE_Relazione_per_l_adozione.rtf\"><img style=\"line-height: 23.1111px;\" src=\"https:\/\/www.edisco.it\/il-colore-delle-parole\/wp-content\/uploads\/sites\/66\/2015\/04\/icona-Word_60.png\" alt=\"\" align=\"absMiddle\"><\/a> <a href=\"https:\/\/www.edisco.it\/materiali\/proposte-adozione\/2024\/MECHPOWER_NE_Relazione_per_l_adozione.rtf\"><br \/>\nMECHPOWER NE<br \/>\nRelazione per l'adozione.rtf<\/a><\/span><\/span><\/p>\n<\/div>\n","protected":false},"excerpt":{"rendered":"<p>L\u2019argomento MechPower&nbsp;\u00e8 un corso di inglese specialistico per il settore&nbsp;Meccanica, Meccatronica ed Energia. I contenuti sono ordinati secondo criteri di graduale complessit\u00e0 concettuale e linguistica e vengono esplorati utilizzando le quattro abilit\u00e0 in modo omogeneo e integrato. I brani offrono un assortimento di stili, registri e livelli di difficolt\u00e0. La struttura MechPower&nbsp;\u00e8 diviso in sette<\/p>\n","protected":false},"author":3,"featured_media":0,"parent":0,"menu_order":0,"comment_status":"closed","ping_status":"closed","template":"page-templates\/scheda_opera.php","meta":[],"acf":[],"_links":{"self":[{"href":"https:\/\/www.edisco.it\/mechpower-new-edition\/wp-json\/wp\/v2\/pages\/8"}],"collection":[{"href":"https:\/\/www.edisco.it\/mechpower-new-edition\/wp-json\/wp\/v2\/pages"}],"about":[{"href":"https:\/\/www.edisco.it\/mechpower-new-edition\/wp-json\/wp\/v2\/types\/page"}],"author":[{"embeddable":true,"href":"https:\/\/www.edisco.it\/mechpower-new-edition\/wp-json\/wp\/v2\/users\/3"}],"replies":[{"embeddable":true,"href":"https:\/\/www.edisco.it\/mechpower-new-edition\/wp-json\/wp\/v2\/comments?post=8"}],"version-history":[{"count":11,"href":"https:\/\/www.edisco.it\/mechpower-new-edition\/wp-json\/wp\/v2\/pages\/8\/revisions"}],"predecessor-version":[{"id":172,"href":"https:\/\/www.edisco.it\/mechpower-new-edition\/wp-json\/wp\/v2\/pages\/8\/revisions\/172"}],"wp:attachment":[{"href":"https:\/\/www.edisco.it\/mechpower-new-edition\/wp-json\/wp\/v2\/media?parent=8"}],"curies":[{"name":"wp","href":"https:\/\/api.w.org\/{rel}","templated":true}]}}