{"id":7,"date":"2025-03-11T17:09:46","date_gmt":"2025-03-11T16:09:46","guid":{"rendered":"https:\/\/www.edisco.it\/new-forget-me-not\/?page_id=7"},"modified":"2025-03-21T13:47:08","modified_gmt":"2025-03-21T12:47:08","slug":"scheda-dellopera","status":"publish","type":"page","link":"https:\/\/www.edisco.it\/new-forget-me-not\/","title":{"rendered":"Scheda dell&#8217;opera"},"content":{"rendered":"<p><span style=\"font-family: 'Pridi'; font-size: 17pt; color: #31476c; font-weight: 200;\"><strong>L\u2019argomento<\/strong><\/span><br \/>\n<span style=\"font-size: 12pt; font-family: OpenSans; font-weight: 400;\"><strong><em>Forget-me-not, N.E.<\/em><\/strong> \u00e8 un supporto per l\u2019apprendimento della grammatica inglese per attivit\u00e0 di ripasso, consolidamento e recupero, facilmente adattabile a contesti scolastici differenziati. Pu\u00f2 essere usato in affiancamento a qualsiasi corso di lingua generale, in classe o a casa, durante l\u2019anno scolastico o le vacanze estive.<\/span><\/p>\n<p><span style=\"font-family: 'Pridi'; font-size: 17pt; color: #31476c; font-weight: 200;\"><strong>La struttura<\/strong><\/span><br \/>\n\u00c8 organizzato in tre volumi, indipendenti l\u2019uno dall\u2019altro, che rispecchiano la progressione nello studio della grammatica e i livelli di conoscenza della lingua:<\/p>\n<ul>\n<li>il primo volume tratta le strutture di base, corrispondenti ai livelli <em>Beginner<\/em> \/ <em>Elementary<\/em> o A1 \/ A2 del QCER;<\/li>\n<li>il secondo volume affronta strutture pi\u00f9 complesse, corrispondenti al livello <em>Pre-intermediate<\/em> o B1 del QCER;<\/li>\n<li>il terzo volume completa l\u2019esame degli argomenti grammaticali, fino a coprire i livelli <em>Intermediate<\/em> \/ <em>Upper intermediate <\/em>o B2 \/ B2+ del QCER.<\/li>\n<\/ul>\n<p><span style=\"font-family: 'Pridi'; font-size: 17pt; color: #31476c; font-weight: 200;\"><strong>Contenuti digitali integrativi<\/strong><\/span><\/p>\n<p>Tutti e tre i volumi:<\/p>\n<ul>\n<li>\u00a0sono organizzati in unit\u00e0 singole e contrastive per agevolare la consultazione;<\/li>\n<li>\u00a0si basano su un metodo induttivo per obbligare lo studente ad una lettura interattiva, non superficiale e distratta, ed attivare in lui dei processi cognitivi che lo aiutano ad apprendere e memorizzare;<\/li>\n<li>presentano alcune unit\u00e0 di lavoro che mettono a confronto due o pi\u00f9 strutture, che spesso creano difficolt\u00e0 allo studente italiano;<\/li>\n<li>propongono numerosi esempi e un congruo numero di esercizi;<\/li>\n<li>contengono alcune unit\u00e0 riassuntive con tabelle sinottiche.<\/li>\n<\/ul>\n<p><span style=\"font-family: 'Pridi'; font-size: 17pt; color: #31476c; font-weight: 200;\"><strong>Per l\u2019insegnante e l\u2019uso in classe<\/strong><\/span><\/p>\n<p><strong>Answer Key<\/strong>. Fornita a parte, rende <em>Forget-me-not, N.E. <\/em>adatto allo studio guidato e allo studio individuale.<\/p>\n","protected":false},"excerpt":{"rendered":"<p>L\u2019argomento Forget-me-not, N.E. \u00e8 un supporto per l\u2019apprendimento della grammatica inglese per attivit\u00e0 di ripasso, consolidamento e recupero, facilmente adattabile a contesti scolastici differenziati. Pu\u00f2 essere usato in affiancamento a qualsiasi corso di lingua generale, in classe o a casa, durante l\u2019anno scolastico o le vacanze estive. La struttura \u00c8 organizzato in tre volumi, indipendenti<\/p>\n","protected":false},"author":3,"featured_media":0,"parent":0,"menu_order":0,"comment_status":"closed","ping_status":"closed","template":"page-templates\/scheda_opera.php","meta":[],"acf":[],"_links":{"self":[{"href":"https:\/\/www.edisco.it\/new-forget-me-not\/wp-json\/wp\/v2\/pages\/7"}],"collection":[{"href":"https:\/\/www.edisco.it\/new-forget-me-not\/wp-json\/wp\/v2\/pages"}],"about":[{"href":"https:\/\/www.edisco.it\/new-forget-me-not\/wp-json\/wp\/v2\/types\/page"}],"author":[{"embeddable":true,"href":"https:\/\/www.edisco.it\/new-forget-me-not\/wp-json\/wp\/v2\/users\/3"}],"replies":[{"embeddable":true,"href":"https:\/\/www.edisco.it\/new-forget-me-not\/wp-json\/wp\/v2\/comments?post=7"}],"version-history":[{"count":2,"href":"https:\/\/www.edisco.it\/new-forget-me-not\/wp-json\/wp\/v2\/pages\/7\/revisions"}],"predecessor-version":[{"id":24,"href":"https:\/\/www.edisco.it\/new-forget-me-not\/wp-json\/wp\/v2\/pages\/7\/revisions\/24"}],"wp:attachment":[{"href":"https:\/\/www.edisco.it\/new-forget-me-not\/wp-json\/wp\/v2\/media?parent=7"}],"curies":[{"name":"wp","href":"https:\/\/api.w.org\/{rel}","templated":true}]}}