{"id":8,"date":"2021-02-13T10:23:48","date_gmt":"2021-02-13T09:23:48","guid":{"rendered":"https:\/\/www.edisco.it\/images-and-messages-new-edition\/?page_id=8"},"modified":"2026-03-26T11:49:41","modified_gmt":"2026-03-26T10:49:41","slug":"scheda-dellopera","status":"publish","type":"page","link":"https:\/\/www.edisco.it\/new-images-and-messages\/","title":{"rendered":"Scheda dell&#8217;opera"},"content":{"rendered":"\n<p><\/p>\n\n\n<div>\u00a0<\/div>\n<div id=\"fondinorimando\">\n<p><span style=\"font-size: 18pt;\"><a href=\"https:\/\/www.edisco.it\/images-and-messages-3\/\"><span style=\"color: #800000;\"><strong><span style=\"font-family: verdana, geneva, sans-serif;\">Vai alla nuova edizione -&gt;<\/span><\/strong><\/span><\/a><\/span><\/p>\n<\/div>\n<div id=\"fondopagina\">\n<p><span style=\"font-family: 'Pridi'; font-size: 17pt; color: #31476c; font-weight: 200;\">L'argomento<\/span><\/p>\n<p><span style=\"font-size: 12pt; font-family: OpenSans; font-weight: 400;\"><span class=\"s1\"><em><strong>Images &amp; Messages N.E.<\/strong><\/em> \u00e8 un testo rivolto in particolare agli studenti dei corsi con <strong>indirizzo Grafica, Design, Comunicazione visiva e pubblicitaria<\/strong>, e, pi\u00f9 in generale, a coloro che hanno l\u2019esigenza di utilizzare la lingua inglese come strumento di studio e\/o di lavoro in questi settori.<\/span><\/span><\/p>\n<p><span style=\"font-family: 'Pridi'; font-size: 17pt; color: #31476c; font-weight: 200;\"><br \/>La struttura<\/span><\/p>\n<p><span style=\"font-size: 12pt; font-family: OpenSans; font-weight: 400;\"><em><strong>Images &amp; Messages N.E.<\/strong><\/em> \u00e8 diviso in <strong>sette Moduli<\/strong>, ognuno dei quali \u00e8 ripartito in un numero variabile di unit\u00e0.<br \/>Ogni Unit\u00e0 \u00e8 suddivisa in brevi Capitoli su due pagine \u2013 teoria ed esercizi \u2013 per favorire uno studio pi\u00f9 parcellizzato e la scelta antologica da parte dell\u2019insegnante. Brevi link (curiosit\u00e0, ampliamenti, rimandi, citazioni, attivit\u00e0 o mini-approfondimenti) arricchiscono i brani per consentire una maggiore interattivit\u00e0. Alcune rubriche di approfondimento o curiosit\u00e0 corredano la pagina degli esercizi e un ricco apparato iconografico correda i brani di lettura, per ognuno dei quali \u00e8 previsto un esauriente glossario.<br \/>Al termine di ogni Unit\u00e0 si trovano le seguenti sezioni:<br \/>\u2022 <em>Grammar<\/em> \u2013 Revisione delle strutture grammaticali pi\u00f9 comuni con esercizi di rinforzo calati nel contesto;<br \/>\u2022 <em>Round up<\/em> \u2013 Esercizi ricapitolativi su lessico e contenuti dell\u2019Unit\u00e0 per consentire un efficace consolidamento.<br \/>Al termine di ogni Modulo, il testo propone ulteriori attivit\u00e0:<br \/>\u2022 <em>Vocabulary<\/em> \u2013 Esercizi di revisione e consolidamento;<br \/>\u2022 Life skills \u2013 Compiti di realt\u00e0 e collaborativi, lavori di gruppo con un taglio di tipo pratico calato nella realt\u00e0;<br \/>\u2022 <em>Case study<\/em> \u2013 Argomento di attualit\u00e0 corredato di esercizi mirati all\u2019approfondimento e alla discussione;<br \/>\u2022 <em>Clip<\/em> \u2013 Breve clip tratta da diverse tipologie di filmati;<br \/>\u2022 <em>Mapping your mind<\/em> \u2013 Mappa concettuale riepilogativa.<\/span><\/p>\n<p><span style=\"font-family: 'Pridi'; font-size: 17pt; color: #31476c; font-weight: 200;\"><br \/>Materiali integrativi<\/span><br \/><span style=\"font-family: verdana, geneva, sans-serif; font-size: 11pt;\"><span class=\"s1\"><br \/>\u2022 TEACHER\u2019S BOOK. Programmazione didattica, soluzioni degli esercizi, trascrizione delle attivit\u00e0 di ascolto, note didattiche, prove di verifica, materiali legati all\u2019Esame di Stato, Unit\u00e0 Didattiche di Apprendimento, approfondimento su didattica inclusiva e BES.<br \/>\u2022 Tracce AUDIO mp3. Le attivit\u00e0 di ascolto registrate con l\u2019impiego di madrelingua.<\/span><\/span><\/p>\n<p>\u00a0<\/p>\n<\/div>","protected":false},"excerpt":{"rendered":"<p>\u00a0 Vai alla nuova edizione -&gt; L&#8217;argomento Images &amp; Messages N.E. \u00e8 un testo rivolto in particolare agli studenti dei corsi con indirizzo Grafica, Design, Comunicazione visiva e pubblicitaria, e, pi\u00f9 in generale, a coloro che hanno l\u2019esigenza di utilizzare la lingua inglese come strumento di studio e\/o di lavoro in questi settori. La struttura<\/p>\n","protected":false},"author":3,"featured_media":0,"parent":0,"menu_order":0,"comment_status":"closed","ping_status":"closed","template":"page-templates\/scheda_opera.php","meta":[],"acf":[],"_links":{"self":[{"href":"https:\/\/www.edisco.it\/new-images-and-messages\/wp-json\/wp\/v2\/pages\/8"}],"collection":[{"href":"https:\/\/www.edisco.it\/new-images-and-messages\/wp-json\/wp\/v2\/pages"}],"about":[{"href":"https:\/\/www.edisco.it\/new-images-and-messages\/wp-json\/wp\/v2\/types\/page"}],"author":[{"embeddable":true,"href":"https:\/\/www.edisco.it\/new-images-and-messages\/wp-json\/wp\/v2\/users\/3"}],"replies":[{"embeddable":true,"href":"https:\/\/www.edisco.it\/new-images-and-messages\/wp-json\/wp\/v2\/comments?post=8"}],"version-history":[{"count":32,"href":"https:\/\/www.edisco.it\/new-images-and-messages\/wp-json\/wp\/v2\/pages\/8\/revisions"}],"predecessor-version":[{"id":693,"href":"https:\/\/www.edisco.it\/new-images-and-messages\/wp-json\/wp\/v2\/pages\/8\/revisions\/693"}],"wp:attachment":[{"href":"https:\/\/www.edisco.it\/new-images-and-messages\/wp-json\/wp\/v2\/media?parent=8"}],"curies":[{"name":"wp","href":"https:\/\/api.w.org\/{rel}","templated":true}]}}