{"id":53,"date":"2020-10-20T16:50:42","date_gmt":"2020-10-20T14:50:42","guid":{"rendered":"https:\/\/www.edisco.it\/on-beauty\/?page_id=53"},"modified":"2025-04-14T15:12:54","modified_gmt":"2025-04-14T13:12:54","slug":"risorse-digitali-online","status":"publish","type":"page","link":"https:\/\/www.edisco.it\/on-beauty\/risorse-digitali-online\/","title":{"rendered":"Risorse digitali online"},"content":{"rendered":"<div id=\"fondopagina\">\n<p><span style=\"font-size: 12pt; font-family: OpenSans; font-weight: 400;\">Questi i materiali digitali online al momento disponibili. Eventuali, ulteriori approfondimenti e\/o integrazioni saranno pubblicati su questo sito. <\/span><\/p>\n<p><span style=\"font-size: 10pt; font-family: OpenSans; font-weight: 400;\">L\u2019Editore \u00e8 a disposizione degli aventi diritto con i quali non gli \u00e8 stato possibile comunicare, nonch\u00e9 per eventuali omissioni e inesattezze nella citazione delle fonti dei brani, illustrazioni, fotografie e video riprodotti nella presente opera<br \/>\n<em>All reasonable efforts were made to acknowledge and contact the source and\/or copyright holder of material used in this work. The publisher apologizes for any unintentional errors or omissions and will be pleased to make corrections in future editions. All lyrics, music and films quoted are for rewiew, study or critical purposes<\/em>.<br \/>\n<\/span><\/p>\n<div id=\"fondinovideo\">\n<p><span style=\"color: #999999;\"><strong><span style=\"font-family: verdana, geneva, sans-serif;\"><span style=\"color: #c70b02; font-size: 13pt;\"><span style=\"color: #333399;\">Video Activities <\/span><\/span><\/span><\/strong><\/span><\/p>\n<ul style=\"list-style-type: none; padding-left: 0; margin-left: 0;\">\n<li class=\"fondinoscrittecolorate\"><span style=\"font-size: 13pt;\"><span style=\"font-family: verdana, geneva, sans-serif; color: #018e72;\"><strong>Page 28 \u2192 Video: <\/strong><\/span><\/span><br \/>\n<span style=\"font-size: 13pt;\"><a href=\"https:\/\/www.edisco.it\/on-beauty\/risorse-digitali-online\/how-the-skin-works\/\" target=\"_blank\" rel=\"noopener noreferrer\"><span style=\"font-family: verdana, geneva, sans-serif; color: #c70b02;\"><strong>How The Skin Works<\/strong><\/span><\/a><\/span><\/li>\n<li class=\"fondinoscrittecolorate\"><span style=\"font-size: 13pt;\"><span style=\"font-family: verdana, geneva, sans-serif; color: #018e72;\"><strong>Page 32 \u2192 Video: <\/strong><\/span><\/span><br \/>\n<span style=\"font-size: 13pt;\"><a href=\"https:\/\/www.edisco.it\/on-beauty\/risorse-digitali-online\/how-to-determine-your-skin-type\/\" target=\"_blank\" rel=\"noopener noreferrer\"><span style=\"font-family: verdana, geneva, sans-serif; color: #c70b02;\"><strong>How to Determine Your Skin Type<\/strong><\/span><\/a><\/span><\/li>\n<li class=\"fondinoscrittecolorate\"><span style=\"font-size: 13pt;\"><span style=\"font-family: verdana, geneva, sans-serif; color: #018e72;\"><strong>Page 41 \u2192 Video: <\/strong><\/span><\/span><br \/>\n<span style=\"font-size: 13pt;\"><a href=\"https:\/\/www.edisco.it\/on-beauty\/risorse-digitali-online\/the-best-face-masks-for-your-skin-type-beauty-with-susan-yara\/\" target=\"_blank\" rel=\"noopener noreferrer\"><span style=\"font-family: verdana, geneva, sans-serif; color: #c70b02;\"><strong>The Best Face Masks for Your Skin Type | Beauty with Susan Yara<\/strong><\/span><\/a><\/span><\/li>\n<li class=\"fondinoscrittecolorate\"><span style=\"font-size: 13pt;\"><span style=\"font-family: verdana, geneva, sans-serif; color: #018e72;\"><strong>Page 49 \u2192 Video: <\/strong><\/span><\/span><br \/>\n<span style=\"font-size: 13pt;\"><a href=\"https:\/\/www.edisco.it\/on-beauty\/risorse-digitali-online\/hm-beauty-6-makeup-brushes-everyone-should-have\/\" target=\"_blank\" rel=\"noopener noreferrer\"><span style=\"font-family: verdana, geneva, sans-serif; color: #c70b02;\"><strong>H&amp;M Beauty: 6 makeup brushes everyone should have<\/strong><\/span><\/a><\/span><\/li>\n<li class=\"fondinoscrittecolorate\"><span style=\"font-size: 13pt;\"><span style=\"font-family: verdana, geneva, sans-serif; color: #018e72;\"><strong>Page 51 \u2192 Video: <\/strong><\/span><\/span><br \/>\n<span style=\"font-size: 13pt;\"><a href=\"https:\/\/www.edisco.it\/on-beauty\/risorse-digitali-online\/how-to-apply-three-shades-of-eyeshadow\/\" target=\"_blank\" rel=\"noopener noreferrer\"><span style=\"font-family: verdana, geneva, sans-serif; color: #c70b02;\"><strong>How To Apply Three Shades Of Eyeshadow<\/strong><\/span><\/a><\/span><\/li>\n<li class=\"fondinoscrittecolorate\"><span style=\"font-size: 13pt;\"><span style=\"font-family: verdana, geneva, sans-serif; color: #018e72;\"><strong>Page 52 \u2192 Video: <\/strong><\/span><\/span><br \/>\n<span style=\"font-size: 13pt;\"><a href=\"https:\/\/www.edisco.it\/on-beauty\/risorse-digitali-online\/eye-makeup-tutorial-how-to-create-a-sexy-evening-makeup-look\/\" target=\"_blank\" rel=\"noopener noreferrer\"><span style=\"font-family: verdana, geneva, sans-serif; color: #c70b02;\"><strong>Eye Makeup Tutorial: How to Create a Sexy Evening Makeup Look <\/strong><\/span><\/a><\/span><\/li>\n<li class=\"fondinoscrittecolorate\"><span style=\"font-size: 13pt;\"><span style=\"font-family: verdana, geneva, sans-serif; color: #018e72;\"><strong>Page 60 \u2192 Video: <\/strong><\/span><\/span><br \/>\n<span style=\"font-size: 13pt;\"><a href=\"https:\/\/www.edisco.it\/on-beauty\/risorse-digitali-online\/introduction-to-anatomy-physiology\/\" target=\"_blank\" rel=\"noopener noreferrer\"><span style=\"font-family: verdana, geneva, sans-serif; color: #c70b02;\"><strong>Introduction to Anatomy &amp; Physiology<\/strong><\/span><\/a><\/span><\/li>\n<li class=\"fondinoscrittecolorate\"><span style=\"font-size: 13pt;\"><span style=\"font-family: verdana, geneva, sans-serif; color: #018e72;\"><strong>Page 61 \u2192 Video: <\/strong><\/span><\/span><br \/>\n<span style=\"font-size: 13pt;\"><a href=\"https:\/\/www.edisco.it\/on-beauty\/risorse-digitali-online\/human-body-101-national-geographic\/\" target=\"_blank\" rel=\"noopener noreferrer\"><span style=\"font-family: verdana, geneva, sans-serif; color: #c70b02;\"><strong>Human Body 101 | National Geographic<\/strong><\/span><\/a><\/span><\/li>\n<li class=\"fondinoscrittecolorate\"><span style=\"font-size: 13pt;\"><span style=\"font-family: verdana, geneva, sans-serif; color: #018e72;\"><strong>Page 62 \u2192 Video: <\/strong><\/span><\/span><br \/>\n<span style=\"font-size: 13pt;\"><a href=\"https:\/\/www.edisco.it\/on-beauty\/risorse-digitali-online\/how-to-massage-sore-muscles\/\" target=\"_blank\" rel=\"noopener noreferrer\"><span style=\"font-family: verdana, geneva, sans-serif; color: #c70b02;\"><strong>How to Massage Sore Muscles<\/strong><\/span><\/a><\/span><\/li>\n<li class=\"fondinoscrittecolorate\"><span style=\"font-size: 13pt;\"><span style=\"font-family: verdana, geneva, sans-serif; color: #018e72;\"><strong>Page 69 \u2192 Video # 1: <\/strong><\/span><\/span><br \/>\n<span style=\"font-size: 13pt;\"><a href=\"https:\/\/www.edisco.it\/on-beauty\/risorse-digitali-online\/deep-tissue-massage-vs-swedish-massage\/\" target=\"_blank\" rel=\"noopener noreferrer\"><span style=\"font-family: verdana, geneva, sans-serif; color: #c70b02;\"><strong>Deep Tissue Massage vs. Swedish Massage<\/strong><\/span><\/a><\/span><\/li>\n<li class=\"fondinoscrittecolorate\"><span style=\"font-size: 13pt;\"><span style=\"font-family: verdana, geneva, sans-serif; color: #018e72;\"><strong>Page 69 \u2192 Video # 2: <\/strong><\/span><\/span><br \/>\n<span style=\"font-size: 13pt;\"><a href=\"https:\/\/www.edisco.it\/on-beauty\/risorse-digitali-online\/swedish-massage-swedish-massage-vs-deep-tissue-massage\/\" target=\"_blank\" rel=\"noopener noreferrer\"><span style=\"font-family: verdana, geneva, sans-serif; color: #c70b02;\"><strong>Swedish Massage: Swedish Massage vs. Deep Tissue Massage<\/strong><\/span><\/a><\/span><\/li>\n<li class=\"fondinoscrittecolorate\"><span style=\"font-size: 13pt;\"><span style=\"font-family: verdana, geneva, sans-serif; color: #018e72;\"><strong>Page 72 \u2192 Video: <\/strong><\/span><\/span><br \/>\n<span style=\"font-size: 13pt;\"><a href=\"https:\/\/www.edisco.it\/on-beauty\/risorse-digitali-online\/endermologie-a-cellulite-treatment-that-really-works\/\" target=\"_blank\" rel=\"noopener noreferrer\"><span style=\"font-family: verdana, geneva, sans-serif; color: #c70b02;\"><strong>Endermologie - A Cellulite Treatment That Really Works!<\/strong><\/span><\/a><\/span><\/li>\n<li class=\"fondinoscrittecolorate\"><span style=\"font-size: 13pt;\"><span style=\"font-family: verdana, geneva, sans-serif; color: #018e72;\"><strong>Page 79 \u2192 Video: <\/strong><\/span><\/span><br \/>\n<span style=\"font-size: 13pt;\"><a href=\"https:\/\/www.edisco.it\/on-beauty\/risorse-digitali-online\/structure-of-nails-function-of-nails-anatomy-of-nails-why-do-we-have-nails\/\" target=\"_blank\" rel=\"noopener noreferrer\"><span style=\"font-family: verdana, geneva, sans-serif; color: #c70b02;\"><strong>Structure Of Nails - Function Of Nails - Anatomy Of Nails - Why Do We Have Nails<\/strong><\/span><\/a><\/span><\/li>\n<li class=\"fondinoscrittecolorate\"><span style=\"font-size: 13pt;\"><span style=\"font-family: verdana, geneva, sans-serif; color: #018e72;\"><strong>Page 89 \u2192 Video: <\/strong><\/span><\/span><br \/>\n<span style=\"font-size: 13pt;\"><a href=\"https:\/\/www.edisco.it\/on-beauty\/risorse-digitali-online\/tools-needed-for-nail-designs-diy-nail-art\/\" target=\"_blank\" rel=\"noopener noreferrer\"><span style=\"font-family: verdana, geneva, sans-serif; color: #c70b02;\"><strong>Tools Needed for Nail Designs | DIY Nail Art<\/strong><\/span><\/a><\/span><\/li>\n<li class=\"fondinoscrittecolorate\"><span style=\"font-size: 13pt;\"><span style=\"font-family: verdana, geneva, sans-serif; color: #018e72;\"><strong>Page 99 \u2192 Video: <\/strong><\/span><\/span><br \/>\n<span style=\"font-size: 13pt;\"><a href=\"https:\/\/www.edisco.it\/on-beauty\/risorse-digitali-online\/how-did-we-get-here-why-are-we-so-hairy\/\" target=\"_blank\" rel=\"noopener noreferrer\"><span style=\"font-family: verdana, geneva, sans-serif; color: #c70b02;\"><strong>How Did We Get Here? - Why are we so hairy?<\/strong><\/span><\/a><\/span><\/li>\n<li class=\"fondinoscrittecolorate\"><span style=\"font-size: 13pt;\"><span style=\"font-family: verdana, geneva, sans-serif; color: #018e72;\"><strong>Page 101 \u2192 Video: <\/strong><\/span><\/span><br \/>\n<span style=\"font-size: 13pt;\"><a href=\"https:\/\/www.edisco.it\/on-beauty\/risorse-digitali-online\/why-do-men-grow-facial-hair-greg-foot-answers-head-squeeze\/\" target=\"_blank\" rel=\"noopener noreferrer\"><span style=\"font-family: verdana, geneva, sans-serif; color: #c70b02;\"><strong>Why do men grow facial hair? | Greg Foot Answers | Head Squeeze<\/strong><\/span><\/a><\/span><\/li>\n<li class=\"fondinoscrittecolorate\"><span style=\"font-size: 13pt;\"><span style=\"font-family: verdana, geneva, sans-serif; color: #018e72;\"><strong>Page 107 \u2192 Video: <\/strong><\/span><\/span><br \/>\n<span style=\"font-size: 13pt;\"><a href=\"https:\/\/www.edisco.it\/on-beauty\/risorse-digitali-online\/how-to-wax-facial-hair-on-women-waxing-tips-advice\/\" target=\"_blank\" rel=\"noopener noreferrer\"><span style=\"font-family: verdana, geneva, sans-serif; color: #c70b02;\"><strong>How to Wax Facial Hair on Women: Waxing Tips &amp; Advice<\/strong><\/span><\/a><\/span><\/li>\n<li class=\"fondinoscrittecolorate\"><span style=\"font-size: 13pt;\"><span style=\"font-family: verdana, geneva, sans-serif; color: #018e72;\"><strong>Page 110 \u2192 Video: <\/strong><\/span><\/span><br \/>\n<span style=\"font-size: 13pt;\"><a href=\"https:\/\/www.edisco.it\/on-beauty\/risorse-digitali-online\/how-to-use-threading-to-remove-hair-eyebrow-grooming-more\/\" target=\"_blank\" rel=\"noopener noreferrer\"><span style=\"font-family: verdana, geneva, sans-serif; color: #c70b02;\"><strong>How to Use Threading to Remove Hair : Eyebrow Grooming &amp; More<\/strong><\/span><\/a><\/span><\/li>\n<li class=\"fondinoscrittecolorate\"><span style=\"font-size: 13pt;\"><span style=\"font-family: verdana, geneva, sans-serif; color: #018e72;\"><strong>Page 116 \u2192 Video: <\/strong><\/span><\/span><br \/>\n<span style=\"font-size: 13pt;\"><a href=\"https:\/\/www.edisco.it\/on-beauty\/risorse-digitali-online\/tinting-preparation-tint-test\/\" target=\"_blank\" rel=\"noopener noreferrer\"><span style=\"font-family: verdana, geneva, sans-serif; color: #c70b02;\"><strong>Tinting - Preparation &amp; Tint Test<\/strong><\/span><\/a><\/span><\/li>\n<li class=\"fondinoscrittecolorate\"><span style=\"font-size: 13pt;\"><span style=\"font-family: verdana, geneva, sans-serif; color: #018e72;\"><strong>Page 119 \u2192 Video: <\/strong><\/span><\/span><br \/>\n<span style=\"font-size: 13pt;\"><a href=\"https:\/\/www.edisco.it\/on-beauty\/risorse-digitali-online\/eyelash-and-eyebrow-tinting\/\" target=\"_blank\" rel=\"noopener noreferrer\"><span style=\"font-family: verdana, geneva, sans-serif; color: #c70b02;\"><strong>Eyelash and eyebrow tinting<\/strong><\/span><\/a><\/span><\/li>\n<li class=\"fondinoscrittecolorate\"><span style=\"font-size: 13pt;\"><span style=\"font-family: verdana, geneva, sans-serif; color: #018e72;\"><strong>Page 121 \u2192 Video<\/strong><\/span><\/span><br \/>\n<span style=\"font-size: 13pt;\"><a href=\"https:\/\/www.edisco.it\/on-beauty\/risorse-digitali-online\/eyelash-extension-video\/\" target=\"_blank\" rel=\"noopener noreferrer\"><span style=\"font-family: verdana, geneva, sans-serif; color: #c70b02;\"><strong>Eyelash Extension Video<\/strong><\/span><\/a><\/span><\/li>\n<li class=\"fondinoscrittecolorate\"><span style=\"font-size: 13pt;\"><span style=\"font-family: verdana, geneva, sans-serif; color: #018e72;\"><strong>Page 127 \u2192 Video<\/strong><\/span><\/span><br \/>\n<a href=\"https:\/\/www.edisco.it\/on-beauty\/risorse-digitali-online\/graduate-salon-shampoo-and-conditioner\/\" target=\"_blank\" rel=\"noopener\"><span style=\"font-size: 13pt;\"><span style=\"font-family: verdana, geneva, sans-serif; color: #c70b02;\"><strong>Graduate Salon: Shampoo and Conditioner<\/strong><\/span><\/span><\/a><\/li>\n<li class=\"fondinoscrittecolorate\"><span style=\"font-size: 13pt;\"><span style=\"font-family: verdana, geneva, sans-serif; color: #018e72;\"><strong>Page 129 \u2192 Video # 1: <\/strong><\/span><\/span><br \/>\n<span style=\"font-size: 13pt;\"><a href=\"https:\/\/www.edisco.it\/on-beauty\/risorse-digitali-online\/drybar-pint-brushes-how-to-blow-dry-with-a-round-brush\/\" target=\"_blank\" rel=\"noopener noreferrer\"><span style=\"font-family: verdana, geneva, sans-serif; color: #c70b02;\"><strong>Drybar Pint Brushes: How to blow dry with a round brush!<\/strong><\/span><\/a><\/span><\/li>\n<li class=\"fondinoscrittecolorate\"><span style=\"font-size: 13pt;\"><span style=\"font-family: verdana, geneva, sans-serif; color: #018e72;\"><strong>Page 129 \u2192 Video # 2: <\/strong><\/span><\/span><br \/>\n<span style=\"font-size: 13pt;\"><a href=\"https:\/\/www.edisco.it\/on-beauty\/risorse-digitali-online\/how-to-flat-brush-blow-dry-ekc-group\/\" target=\"_blank\" rel=\"noopener noreferrer\"><span style=\"font-family: verdana, geneva, sans-serif; color: #c70b02;\"><strong>How to Flat Brush Blow-dry | EKC Group<\/strong><\/span><\/a><\/span><\/li>\n<\/ul>\n<\/div>\n<div id=\"spaziobianco\"><\/div>\n<div id=\"fondinoazzurro\">\n<p><span style=\"font-size: 13.3333px;\"><a href=\"https:\/\/www.edisco.it\/on-beauty\/risorse-digitali-online\/materiali-di-approfondimento-e-di-esercitazione\/\" target=\"_blank\" rel=\"noopener noreferrer\"><img style=\"font-size: 13.3333px; line-height: 23.1111px; width: 80px; height: 80px;\" src=\"https:\/\/www.edisco.it\/on-beauty\/wp-content\/uploads\/sites\/103\/2020\/12\/Icona_PDF_con_video.png\" alt=\"\" align=\"absMiddle\" \/><\/a> <\/span><span style=\"font-size: 14px;\"><strong><span style=\"font-family: verdana,geneva,sans-serif;\"><span style=\"font-size: 12pt;\"><a href=\"https:\/\/www.edisco.it\/on-beauty\/risorse-digitali-online\/materiali-di-approfondimento-e-di-esercitazione\/\" target=\"_blank\" rel=\"noopener noreferrer\">Games and Interactive Activities \u2013 Real-life Activities<\/a><\/span><br \/>\n<\/span><\/strong><\/span><\/p>\n<\/div>\n<div id=\"spaziobianco\"><\/div>\n<div id=\"fondinoazzurro\">\n<p><span style=\"font-size: 13.3333px;\"><a href=\"https:\/\/www.edisco.it\/on-beauty\/risorse-digitali-online\/listening-activities\/\" target=\"_blank\" rel=\"noopener noreferrer\"><img style=\"font-size: 13.3333px; line-height: 23.1111px; width: 80px; height: 60px;\" src=\"https:\/\/www.edisco.it\/life-reflections\/wp-content\/uploads\/sites\/45\/2015\/04\/audio1.png\" alt=\"\" align=\"absMiddle\" \/><\/a> <\/span><span style=\"font-size: 14px;\"><strong><span style=\"font-family: verdana,geneva,sans-serif;\"><span style=\"font-size: 12pt;\"><a href=\"https:\/\/www.edisco.it\/on-beauty\/risorse-digitali-online\/listening-activities\/\" target=\"_blank\" rel=\"noopener noreferrer\">Listening activities<\/a><\/span><br \/>\n<\/span><\/strong><\/span><\/p>\n<\/div>\n<\/div>\n<p><!--more--><\/p>\n","protected":false},"excerpt":{"rendered":"<p>Questi i materiali digitali online al momento disponibili. Eventuali, ulteriori approfondimenti e\/o integrazioni saranno pubblicati su questo sito. L\u2019Editore \u00e8 a disposizione degli aventi diritto con i quali non gli \u00e8 stato possibile comunicare, nonch\u00e9 per eventuali omissioni e inesattezze nella citazione delle fonti dei brani, illustrazioni, fotografie e video riprodotti nella presente opera All<\/p>\n","protected":false},"author":3,"featured_media":0,"parent":0,"menu_order":0,"comment_status":"closed","ping_status":"closed","template":"page-templates\/custom_page.php","meta":[],"acf":[],"_links":{"self":[{"href":"https:\/\/www.edisco.it\/on-beauty\/wp-json\/wp\/v2\/pages\/53"}],"collection":[{"href":"https:\/\/www.edisco.it\/on-beauty\/wp-json\/wp\/v2\/pages"}],"about":[{"href":"https:\/\/www.edisco.it\/on-beauty\/wp-json\/wp\/v2\/types\/page"}],"author":[{"embeddable":true,"href":"https:\/\/www.edisco.it\/on-beauty\/wp-json\/wp\/v2\/users\/3"}],"replies":[{"embeddable":true,"href":"https:\/\/www.edisco.it\/on-beauty\/wp-json\/wp\/v2\/comments?post=53"}],"version-history":[{"count":44,"href":"https:\/\/www.edisco.it\/on-beauty\/wp-json\/wp\/v2\/pages\/53\/revisions"}],"predecessor-version":[{"id":316,"href":"https:\/\/www.edisco.it\/on-beauty\/wp-json\/wp\/v2\/pages\/53\/revisions\/316"}],"wp:attachment":[{"href":"https:\/\/www.edisco.it\/on-beauty\/wp-json\/wp\/v2\/media?parent=53"}],"curies":[{"name":"wp","href":"https:\/\/api.w.org\/{rel}","templated":true}]}}