{"id":49,"date":"2020-10-13T16:04:54","date_gmt":"2020-10-13T14:04:54","guid":{"rendered":"https:\/\/www.edisco.it\/on-hair\/?page_id=49"},"modified":"2026-03-11T11:28:47","modified_gmt":"2026-03-11T10:28:47","slug":"risorse-digitali-online","status":"publish","type":"page","link":"https:\/\/www.edisco.it\/on-hair\/risorse-digitali-online\/","title":{"rendered":"Risorse digitali online"},"content":{"rendered":"<div id=\"fondopagina\">\n<p><span style=\"font-size: 12pt; font-family: OpenSans; font-weight: 400;\">Questi i materiali digitali online al momento disponibili. Eventuali, ulteriori approfondimenti e\/o integrazioni saranno pubblicati su questo sito. <\/span><\/p>\n<p><span style=\"font-size: 10pt; font-family: OpenSans; font-weight: 400;\">L\u2019Editore \u00e8 a disposizione degli aventi diritto con i quali non gli \u00e8 stato possibile comunicare, nonch\u00e9 per eventuali omissioni e inesattezze nella citazione delle fonti dei brani, illustrazioni, fotografie e video riprodotti nella presente opera<br \/>\n<em>All reasonable efforts were made to acknowledge and contact the source and\/or copyright holder of material used in this work. The publisher apologizes for any unintentional errors or omissions and will be pleased to make corrections in future editions. All lyrics, music and films quoted are for rewiew, study or critical purposes<\/em>.<\/span><\/p>\n<div id=\"fondinovideo\">\n<p><span style=\"color: #999999;\"><strong><span style=\"font-family: verdana, geneva, sans-serif;\"><span style=\"color: #c70b02; font-size: 13pt;\"><span style=\"color: #333399;\">Video Activities <\/span><\/span><\/span><\/strong><\/span><\/p>\n<ul style=\"list-style-type: none; padding-left: 0; margin-left: 0;\">\n<li class=\"fondinoscrittecolorate\"><span style=\"font-size: 13pt;\"><span style=\"font-family: verdana, geneva, sans-serif; color: #018e72;\"><strong>Page 35 \u2192 Video: <\/strong><\/span><\/span><br \/>\n<span style=\"font-size: 13pt;\"><a href=\"https:\/\/www.edisco.it\/on-hair\/risorse-digitali-online\/20-habits-for-strong-and-healthy-hair\/\" target=\"_blank\" rel=\"noopener noreferrer\"><span style=\"font-family: verdana, geneva, sans-serif; color: #c70b02;\"><strong>20 habits for strong and healthy hair<\/strong><\/span><\/a><\/span><\/li>\n<li class=\"fondinoscrittecolorate\"><span style=\"font-size: 13pt;\"><span style=\"font-family: verdana, geneva, sans-serif; color: #018e72;\"><strong>Page 42 \u2192 Video: <\/strong><\/span><\/span><br \/>\n<a href=\"https:\/\/www.edisco.it\/on-hair\/risorse-digitali-online\/shampooing-hair\/\" target=\"_blank\" rel=\"noopener\"><span style=\"font-size: 13pt;\"><span style=\"font-family: verdana, geneva, sans-serif; color: #c70b02;\"><strong>Shampooing hair<\/strong><\/span><\/span><\/a><\/li>\n<li class=\"fondinoscrittecolorate\"><span style=\"font-size: 13pt;\"><span style=\"font-family: verdana, geneva, sans-serif; color: #018e72;\"><strong>Page 43 \u2192 Video: <\/strong><\/span><\/span><br \/>\n<a href=\"https:\/\/www.edisco.it\/on-hair\/risorse-digitali-online\/conditioning-hair\/\" target=\"_blank\" rel=\"noopener\"><span style=\"font-size: 13pt;\"><span style=\"font-family: verdana, geneva, sans-serif; color: #c70b02;\"><strong>Conditioning hair<\/strong><\/span><\/span><\/a><\/li>\n<li class=\"fondinoscrittecolorate\"><span style=\"font-size: 13pt;\"><span style=\"font-family: verdana, geneva, sans-serif; color: #018e72;\"><strong>Page 70 \u2192 Video: <\/strong><\/span><\/span><br \/>\n<a href=\"https:\/\/www.edisco.it\/on-hair\/risorse-digitali-online\/long-graduation-cut\/\" target=\"_blank\" rel=\"noopener\"><span style=\"font-size: 13pt;\"><span style=\"font-family: verdana, geneva, sans-serif; color: #c70b02;\"><strong>Long graduation cut<\/strong><\/span><\/span><\/a><\/li>\n<li class=\"fondinoscrittecolorate\"><span style=\"font-size: 13pt;\"><span style=\"font-family: verdana, geneva, sans-serif; color: #018e72;\"><strong>Page 80 \u2192 Video # 1: <\/strong><\/span><\/span><br \/>\n<a href=\"https:\/\/www.edisco.it\/on-hair\/risorse-digitali-online\/drybar-pint-brushes-how-to-blow-dry-with-a-round-brush-2\/\" target=\"_blank\" rel=\"noopener\"><span style=\"font-size: 13pt;\"><span style=\"font-family: verdana, geneva, sans-serif; color: #c70b02;\"><strong>Drybar Pint Brushes: How to blow dry with a round brush!<\/strong><\/span><\/span><\/a><\/li>\n<li class=\"fondinoscrittecolorate\"><span style=\"font-size: 13pt;\"><span style=\"font-family: verdana, geneva, sans-serif; color: #018e72;\"><strong>Page 80 \u2192 Video # 2: <\/strong><\/span><\/span><br \/>\n<a href=\"https:\/\/www.edisco.it\/on-hair\/risorse-digitali-online\/how-to-flat-brush-blow-dry-ekc-group-2\/\" target=\"_blank\" rel=\"noopener\"><span style=\"font-size: 13pt;\"><span style=\"font-family: verdana, geneva, sans-serif; color: #c70b02;\"><strong>How to Flat Brush Blow-dry | EKC Group<\/strong><\/span><\/span><\/a><\/li>\n<li class=\"fondinoscrittecolorate\"><span style=\"font-size: 13pt;\"><span style=\"font-family: verdana, geneva, sans-serif; color: #018e72;\"><strong>Page 86 \u2192 Video: <\/strong><\/span><\/span><br \/>\n<span style=\"font-size: 13pt;\"><a href=\"https:\/\/www.edisco.it\/on-hair\/risorse-digitali-online\/the-best-hair-care-products-for-every-hair-type-hair-care-hair-styling-tips\/\" target=\"_blank\" rel=\"noopener noreferrer\"><span style=\"font-family: verdana, geneva, sans-serif; color: #c70b02;\"><strong>The Best Hair Care Products For Every Hair Type | Hair Care &amp; Hair Styling Tips<\/strong><\/span><\/a><\/span><\/li>\n<li class=\"fondinoscrittecolorate\"><span style=\"font-size: 13pt;\"><span style=\"font-family: verdana, geneva, sans-serif; color: #018e72;\"><strong>Page 95 \u2192 Video: <\/strong><\/span><\/span><br \/>\n<a href=\"https:\/\/www.edisco.it\/on-hair\/risorse-digitali-online\/3-most-popular-hair-extension-methods-2\/\" target=\"_blank\" rel=\"noopener\"><span style=\"font-size: 13pt;\"><span style=\"font-family: verdana, geneva, sans-serif; color: #c70b02;\"><strong>3 Most Popular Hair Extension Methods<\/strong><\/span><\/span><\/a><\/li>\n<li class=\"fondinoscrittecolorate\"><span style=\"font-size: 13pt;\"><span style=\"font-family: verdana, geneva, sans-serif; color: #018e72;\"><strong>Page 97 \u2192 Video: <\/strong><\/span><\/span><br \/>\n<span style=\"font-size: 13pt;\"><a href=\"https:\/\/www.edisco.it\/on-hair\/risorse-digitali-online\/how-to-remove-pre-bonded-hair-extensions\/\" target=\"_blank\" rel=\"noopener noreferrer\"><span style=\"font-family: verdana, geneva, sans-serif; color: #c70b02;\"><strong>How to remove pre bonded hair extensions<\/strong><\/span><\/a><\/span><\/li>\n<li class=\"fondinoscrittecolorate\"><span style=\"font-size: 13pt;\"><span style=\"font-family: verdana, geneva, sans-serif; color: #018e72;\"><strong>Page 103 \u2192 Video: <\/strong><\/span><\/span><br \/>\n<span style=\"font-size: 13pt;\"><a href=\"https:\/\/hairdressing.jisc.ac.uk\/resources\/fishtailplaitvideo\/\" target=\"_blank\" rel=\"noopener noreferrer\"><span style=\"font-family: verdana, geneva, sans-serif; color: #c70b02;\"><strong>Fishtail plait<\/strong><\/span><\/a><\/span><\/li>\n<li class=\"fondinoscrittecolorate\"><span style=\"font-size: 13pt;\"><span style=\"font-family: verdana, geneva, sans-serif; color: #018e72;\"><strong>Page 110 \u2192 Video: <\/strong><\/span><\/span><br \/>\n<span style=\"font-size: 13pt;\"><a href=\"https:\/\/www.edisco.it\/on-hair\/risorse-digitali-online\/how-to-apply-three-shades-of-eyeshadow\/\" target=\"_blank\" rel=\"noopener noreferrer\"><span style=\"font-family: verdana, geneva, sans-serif; color: #c70b02;\"><strong>How To Apply Three Shades Of Eyeshadow<\/strong><\/span><\/a><\/span><\/li>\n<li class=\"fondinoscrittecolorate\"><span style=\"font-size: 13pt;\"><span style=\"font-family: verdana, geneva, sans-serif; color: #018e72;\"><strong>Page 112 \u2192 Video: <\/strong><\/span><\/span><br \/>\n<a href=\"https:\/\/www.edisco.it\/on-hair\/risorse-digitali-online\/hm-beauty-6-makeup-brushes-everyone-should-have-2\/\" target=\"_blank\" rel=\"noopener\"><span style=\"font-size: 13pt;\"><span style=\"font-family: verdana, geneva, sans-serif; color: #c70b02;\"><strong>H&amp;M Beauty: 6 makeup brushes everyone should have<\/strong><\/span><\/span><\/a><\/li>\n<li class=\"fondinoscrittecolorate\"><span style=\"font-size: 13pt;\"><span style=\"font-family: verdana, geneva, sans-serif; color: #018e72;\"><strong>Page 113 \u2192 Video: <\/strong><\/span><\/span><br \/>\n<span style=\"font-size: 13pt;\"><a href=\"https:\/\/www.edisco.it\/on-hair\/risorse-digitali-online\/eye-makeup-tutorial-how-to-create-a-sexy-evening-makeup-look\/\" target=\"_blank\" rel=\"noopener noreferrer\"><span style=\"font-family: verdana, geneva, sans-serif; color: #c70b02;\"><strong>Eye Makeup Tutorial: How to Create a Sexy Evening Makeup Look<\/strong><\/span><\/a><\/span><\/li>\n<\/ul>\n<\/div>\n<div id=\"fondinopdf\">\n<p><span style=\"color: #999999;\"><strong><span style=\"font-family: verdana, geneva, sans-serif;\"><span style=\"color: #80b536; font-size: 13pt;\"><br \/>\n<span style=\"color: #333399;\">Extra Videos \u2013 Games and Interactive Activities \u2013 Real-life Activities<br \/>\n<\/span><\/span><\/span><\/strong><\/span><\/p>\n<ul style=\"list-style-type: none;\">\n<li class=\"fondinoscrittecolorate\"><span style=\"font-size: 14pt;\"><span style=\"font-family: verdana, geneva, sans-serif; border: 1px solid; border-radius: 50%; padding: 4px 8px; color: #000080;\">1<\/span> <span style=\"font-family: verdana, geneva, sans-serif; color: #80b536;\"><strong><a href=\"https:\/\/www.edisco.it\/on-hair\/risorse-digitali-online\/the-salon\/\" target=\"_blank\" rel=\"noopener noreferrer\"><img src=\"https:\/\/www.edisco.it\/a-caring-society\/wp-content\/uploads\/sites\/86\/2019\/09\/icona-PDF_60.png\" alt=\"\" align=\"absMiddle\" \/><\/a> <a href=\"https:\/\/www.edisco.it\/on-hair\/risorse-digitali-online\/the-salon\/\" target=\"_blank\" rel=\"noopener noreferrer\">On_Hair_1_The_Salon.pdf<\/a><\/strong><\/span><\/span><\/li>\n<li class=\"fondinoscrittecolorate\"><span style=\"font-size: 14pt;\"><span style=\"font-family: verdana, geneva, sans-serif;\"><span style=\"color: #000080; border: 1px solid; border-radius: 50%; padding: 4px 10px;\">2<\/span> <span style=\"color: #80b536;\"><strong><a href=\"https:\/\/www.edisco.it\/on-hair\/risorse-digitali-online\/staff\/\" target=\"_blank\" rel=\"noopener noreferrer\"><img src=\"https:\/\/www.edisco.it\/a-caring-society\/wp-content\/uploads\/sites\/86\/2019\/09\/icona-PDF_60.png\" alt=\"\" align=\"absMiddle\" \/><\/a> <a href=\"https:\/\/www.edisco.it\/on-hair\/risorse-digitali-online\/staff\/\" target=\"_blank\" rel=\"noopener noreferrer\">On_Hair_2_Staff.pdf<\/a><\/strong><\/span><\/span><\/span><\/li>\n<li class=\"fondinoscrittecolorate\"><span style=\"font-size: 14pt;\"><span style=\"font-family: verdana, geneva, sans-serif;\"><span style=\"color: #000080; border: 1px solid; border-radius: 50%; padding: 4px 10px;\">3<\/span> <span style=\"color: #80b536;\"><strong><a href=\"https:\/\/www.edisco.it\/on-hair\/risorse-digitali-online\/hair\/\" target=\"_blank\" rel=\"noopener noreferrer\"><img src=\"https:\/\/www.edisco.it\/a-caring-society\/wp-content\/uploads\/sites\/86\/2019\/09\/icona-PDF_60.png\" alt=\"\" align=\"absMiddle\" \/><\/a> <a href=\"https:\/\/www.edisco.it\/on-hair\/risorse-digitali-online\/hair\/\" target=\"_blank\" rel=\"noopener noreferrer\">On_Hair_3_Hair.pdf<\/a><\/strong><\/span><\/span><\/span><\/li>\n<li class=\"fondinoscrittecolorate\"><span style=\"font-size: 14pt;\"><span style=\"font-family: verdana, geneva, sans-serif;\"><span style=\"color: #000080; border: 1px solid; border-radius: 50%; padding: 4px 10px;\">4<\/span> <span style=\"color: #80b536;\"><strong><a href=\"https:\/\/www.edisco.it\/on-hair\/risorse-digitali-online\/shampooing\/\" target=\"_blank\" rel=\"noopener noreferrer\"><img src=\"https:\/\/www.edisco.it\/a-caring-society\/wp-content\/uploads\/sites\/86\/2019\/09\/icona-PDF_60.png\" alt=\"\" align=\"absMiddle\" \/><\/a> <a href=\"https:\/\/www.edisco.it\/on-hair\/risorse-digitali-online\/shampooing\/\" target=\"_blank\" rel=\"noopener noreferrer\">On_Hair_4_Shampooing.pdf<\/a><\/strong><\/span><\/span><\/span><\/li>\n<li class=\"fondinoscrittecolorate\"><span style=\"font-size: 14pt;\"><span style=\"font-family: verdana, geneva, sans-serif;\"><span style=\"color: #000080; border: 1px solid; border-radius: 50%; padding: 4px 10px;\">5<\/span> <span style=\"color: #80b536;\"><strong><a href=\"https:\/\/www.edisco.it\/on-hair\/risorse-digitali-online\/colouring\/\" target=\"_blank\" rel=\"noopener noreferrer\"><img src=\"https:\/\/www.edisco.it\/a-caring-society\/wp-content\/uploads\/sites\/86\/2019\/09\/icona-PDF_60.png\" alt=\"\" align=\"absMiddle\" \/><\/a> <a href=\"https:\/\/www.edisco.it\/on-hair\/risorse-digitali-online\/colouring\/\" target=\"_blank\" rel=\"noopener noreferrer\">On_Hair_5_Colouring.pdf<\/a><\/strong><\/span><\/span><\/span><\/li>\n<li class=\"fondinoscrittecolorate\"><span style=\"font-size: 14pt;\"><span style=\"font-family: verdana, geneva, sans-serif;\"><span style=\"color: #000080; border: 1px solid; border-radius: 50%; padding: 4px 10px;\">6<\/span> <span style=\"color: #80b536;\"><strong><a href=\"https:\/\/www.edisco.it\/on-hair\/risorse-digitali-online\/perming-and-straightening\/\" target=\"_blank\" rel=\"noopener noreferrer\"><img src=\"https:\/\/www.edisco.it\/a-caring-society\/wp-content\/uploads\/sites\/86\/2019\/09\/icona-PDF_60.png\" alt=\"\" align=\"absMiddle\" \/><\/a> <a href=\"https:\/\/www.edisco.it\/on-hair\/risorse-digitali-online\/perming-and-straightening\/\" target=\"_blank\" rel=\"noopener noreferrer\">On_Hair_6_Perming_and_Straightening.pdf<\/a><\/strong><\/span><\/span><\/span><\/li>\n<li class=\"fondinoscrittecolorate\"><span style=\"font-size: 14pt;\"><span style=\"font-family: verdana, geneva, sans-serif;\"><span style=\"color: #000080; border: 1px solid; border-radius: 50%; padding: 4px 10px;\">7<\/span> <span style=\"color: #80b536;\"><strong><a href=\"https:\/\/www.edisco.it\/on-hair\/risorse-digitali-online\/cutting\/\" target=\"_blank\" rel=\"noopener noreferrer\"><img src=\"https:\/\/www.edisco.it\/a-caring-society\/wp-content\/uploads\/sites\/86\/2019\/09\/icona-PDF_60.png\" alt=\"\" align=\"absMiddle\" \/><\/a> <a href=\"https:\/\/www.edisco.it\/on-hair\/risorse-digitali-online\/cutting\/\" target=\"_blank\" rel=\"noopener noreferrer\">On_Hair_7_Cutting.pdf<\/a><\/strong><\/span><\/span><\/span><\/li>\n<li class=\"fondinoscrittecolorate\"><span style=\"font-size: 14pt;\"><span style=\"font-family: verdana, geneva, sans-serif;\"><span style=\"color: #000080; border: 1px solid; border-radius: 50%; padding: 4px 10px;\">8<\/span> <span style=\"color: #80b536;\"><strong><a href=\"https:\/\/www.edisco.it\/on-hair\/risorse-digitali-online\/blow-drying-and-finishing\/\" target=\"_blank\" rel=\"noopener noreferrer\"><img src=\"https:\/\/www.edisco.it\/a-caring-society\/wp-content\/uploads\/sites\/86\/2019\/09\/icona-PDF_60.png\" alt=\"\" align=\"absMiddle\" \/><\/a> <a href=\"https:\/\/www.edisco.it\/on-hair\/risorse-digitali-online\/blow-drying-and-finishing\/\" target=\"_blank\" rel=\"noopener noreferrer\">On_Hair_8_Blow-drying_and_Finishing.pdf<\/a><\/strong><\/span><\/span><\/span><\/li>\n<li class=\"fondinoscrittecolorate\"><span style=\"font-size: 14pt;\"><span style=\"font-family: verdana, geneva, sans-serif;\"><span style=\"color: #000080; border: 1px solid; border-radius: 50%; padding: 4px 10px;\">9<\/span> <span style=\"color: #80b536;\"><strong><a href=\"https:\/\/www.edisco.it\/on-hair\/risorse-digitali-online\/hair-care\/\" target=\"_blank\" rel=\"noopener noreferrer\"><img src=\"https:\/\/www.edisco.it\/a-caring-society\/wp-content\/uploads\/sites\/86\/2019\/09\/icona-PDF_60.png\" alt=\"\" align=\"absMiddle\" \/><\/a> <a href=\"https:\/\/www.edisco.it\/on-hair\/risorse-digitali-online\/hair-care\/\" target=\"_blank\" rel=\"noopener noreferrer\">On_Hair_9_Hair_Care.pdf<\/a><\/strong><\/span><\/span><\/span><\/li>\n<li class=\"fondinoscrittecolorate\"><span style=\"font-size: 14pt;\"><span style=\"font-family: verdana, geneva, sans-serif;\"><span style=\"color: #000080; border: 1px solid; border-radius: 50%; padding: 4px 10px;\">10<\/span> <span style=\"color: #80b536;\"><strong><a href=\"https:\/\/www.edisco.it\/on-hair\/risorse-digitali-online\/hair-extensions\/\" target=\"_blank\" rel=\"noopener noreferrer\"><img src=\"https:\/\/www.edisco.it\/a-caring-society\/wp-content\/uploads\/sites\/86\/2019\/09\/icona-PDF_60.png\" alt=\"\" align=\"absMiddle\" \/><\/a> <a href=\"https:\/\/www.edisco.it\/on-hair\/risorse-digitali-online\/hair-extensions\/\" target=\"_blank\" rel=\"noopener noreferrer\">On_Hair_10_Hair_Extensions.pdf<\/a><\/strong><\/span><\/span><\/span><\/li>\n<li class=\"fondinoscrittecolorate\"><span style=\"font-size: 14pt;\"><span style=\"font-family: verdana, geneva, sans-serif;\"><span style=\"color: #000080; border: 1px solid; border-radius: 50%; padding: 4px 10px;\">11<\/span> <span style=\"color: #80b536;\"><strong><a href=\"https:\/\/www.edisco.it\/on-hair\/risorse-digitali-online\/styles\/\" target=\"_blank\" rel=\"noopener noreferrer\"><img src=\"https:\/\/www.edisco.it\/a-caring-society\/wp-content\/uploads\/sites\/86\/2019\/09\/icona-PDF_60.png\" alt=\"\" align=\"absMiddle\" \/><\/a> <a href=\"https:\/\/www.edisco.it\/on-hair\/risorse-digitali-online\/styles\/\" target=\"_blank\" rel=\"noopener noreferrer\">On_Hair_11_Styles.pdf<\/a><\/strong><\/span><\/span><\/span><\/li>\n<li class=\"fondinoscrittecolorate\"><span style=\"font-size: 14pt;\"><span style=\"font-family: verdana, geneva, sans-serif;\"><span style=\"color: #000080; border: 1px solid; border-radius: 50%; padding: 4px 10px;\">12<\/span> <span style=\"color: #80b536;\"><strong><a href=\"https:\/\/www.edisco.it\/on-hair\/risorse-digitali-online\/some-beauty-extras\/\" target=\"_blank\" rel=\"noopener noreferrer\"><img src=\"https:\/\/www.edisco.it\/a-caring-society\/wp-content\/uploads\/sites\/86\/2019\/09\/icona-PDF_60.png\" alt=\"\" align=\"absMiddle\" \/><\/a> <a href=\"https:\/\/www.edisco.it\/on-hair\/risorse-digitali-online\/some-beauty-extras\/\" target=\"_blank\" rel=\"noopener noreferrer\">On_Hair_12_Some_Beauty_Extras.pdf<\/a><\/strong><\/span><\/span><\/span><\/li>\n<li class=\"fondinoscrittecolorate\"><span style=\"font-size: 14pt;\"><span style=\"font-family: verdana, geneva, sans-serif;\"><span style=\"color: #000080; border: 1px solid; border-radius: 50%; padding: 4px 10px;\">13<\/span> <span style=\"color: #80b536;\"><strong><a href=\"https:\/\/www.edisco.it\/on-hair\/risorse-digitali-online\/barbering\/\" target=\"_blank\" rel=\"noopener noreferrer\"><img src=\"https:\/\/www.edisco.it\/a-caring-society\/wp-content\/uploads\/sites\/86\/2019\/09\/icona-PDF_60.png\" alt=\"\" align=\"absMiddle\" \/><\/a> <a href=\"https:\/\/www.edisco.it\/on-hair\/risorse-digitali-online\/barbering\/\" target=\"_blank\" rel=\"noopener noreferrer\">On_Hair_13_Barbering.pdf<\/a><\/strong><\/span><\/span><\/span><\/li>\n<\/ul>\n<\/div>\n<div id=\"fondinoazzurro\">\n<p><span style=\"font-size: 13.3333px;\"><a href=\"https:\/\/www.edisco.it\/on-hair\/risorse-digitali-online\/listening-activities\/\" target=\"_blank\" rel=\"noopener noreferrer\"><img style=\"font-size: 13.3333px; line-height: 23.1111px; width: 80px; height: 60px;\" src=\"https:\/\/www.edisco.it\/life-reflections\/wp-content\/uploads\/sites\/45\/2015\/04\/audio1.png\" alt=\"\" align=\"absMiddle\" \/><\/a> <\/span><span style=\"font-size: 14px;\"><strong><span style=\"font-family: verdana,geneva,sans-serif;\"><span style=\"font-size: 12pt;\"><a href=\"https:\/\/www.edisco.it\/on-hair\/risorse-digitali-online\/listening-activities\/\" target=\"_blank\" rel=\"noopener noreferrer\">Listening activities<\/a><\/span><br \/>\n<\/span><\/strong><\/span><\/p>\n<\/div>\n<\/div>\n","protected":false},"excerpt":{"rendered":"<p>Questi i materiali digitali online al momento disponibili. Eventuali, ulteriori approfondimenti e\/o integrazioni saranno pubblicati su questo sito. L\u2019Editore \u00e8 a disposizione degli aventi diritto con i quali non gli \u00e8 stato possibile comunicare, nonch\u00e9 per eventuali omissioni e inesattezze nella citazione delle fonti dei brani, illustrazioni, fotografie e video riprodotti nella presente opera All<\/p>\n","protected":false},"author":3,"featured_media":0,"parent":0,"menu_order":0,"comment_status":"closed","ping_status":"closed","template":"page-templates\/custom_page.php","meta":[],"acf":[],"_links":{"self":[{"href":"https:\/\/www.edisco.it\/on-hair\/wp-json\/wp\/v2\/pages\/49"}],"collection":[{"href":"https:\/\/www.edisco.it\/on-hair\/wp-json\/wp\/v2\/pages"}],"about":[{"href":"https:\/\/www.edisco.it\/on-hair\/wp-json\/wp\/v2\/types\/page"}],"author":[{"embeddable":true,"href":"https:\/\/www.edisco.it\/on-hair\/wp-json\/wp\/v2\/users\/3"}],"replies":[{"embeddable":true,"href":"https:\/\/www.edisco.it\/on-hair\/wp-json\/wp\/v2\/comments?post=49"}],"version-history":[{"count":27,"href":"https:\/\/www.edisco.it\/on-hair\/wp-json\/wp\/v2\/pages\/49\/revisions"}],"predecessor-version":[{"id":278,"href":"https:\/\/www.edisco.it\/on-hair\/wp-json\/wp\/v2\/pages\/49\/revisions\/278"}],"wp:attachment":[{"href":"https:\/\/www.edisco.it\/on-hair\/wp-json\/wp\/v2\/media?parent=49"}],"curies":[{"name":"wp","href":"https:\/\/api.w.org\/{rel}","templated":true}]}}