{"id":6,"date":"2020-02-04T16:40:57","date_gmt":"2020-02-04T15:40:57","guid":{"rendered":"https:\/\/www.edisco.it\/on-hair\/?page_id=6"},"modified":"2023-03-21T19:18:51","modified_gmt":"2023-03-21T18:18:51","slug":"scheda-dellopera","status":"publish","type":"page","link":"https:\/\/www.edisco.it\/on-hair\/","title":{"rendered":"Scheda dell&#8217;opera"},"content":{"rendered":"<div id=\"fondopagina\">\n<p><span style=\"font-family: 'Pridi'; font-size: 17pt; color: #31476c; font-weight: 200;\"><strong><br \/>\nL\u2019argomento<\/strong><br \/>\n<\/span><br \/>\n<span style=\"font-size: 12pt; font-family: OpenSans; font-weight: 400;\"><em><strong>On Hair<\/strong><\/em> \u00e8 rivolto agli studenti iscritti ai <strong>percorsi di istruzione e formazione professionale<\/strong> e ai <strong>percorsi di qualifica e diploma professionale<\/strong> nel <strong>settore dei servizi, indirizzo di Acconciatura<\/strong>, e, pi\u00f9 in generale, a chi opera nel settore, in quanto finalizzato all\u2019acquisizione di competenze linguistiche specifiche del settore. <\/span><\/p>\n<p><span style=\"font-size: 12pt; font-family: OpenSans; font-weight: 400;\">Grazie alla ricchezza del materiale proposto, <em><strong>On Hair<\/strong><\/em> \u2013 concepito per promuovere un apprendimento attivo basato sui contenuti (<em>contentbased learning<\/em>) \u2013 offre la possibilit\u00e0 di scegliere gli argomenti sia in base ai programmi delle materie di indirizzo, sia in base al livello di competenza linguistica degli studenti. <\/span><\/p>\n<p><span style=\"font-size: 12pt; font-family: OpenSans; font-weight: 400;\">I brani, autentici o appositamente pensati per il profilo di apprendente a cui il corso \u00e8 indirizzato, sono tratti da fonti diverse: giornali e riviste, libri e manuali, materiale promozionale e siti web.<\/span><\/p>\n<p><span style=\"font-family: 'Pridi'; font-size: 17pt; color: #31476c; font-weight: 200;\"><strong><br \/>\nLa struttura dell\u2019opera<\/strong><br \/>\n<\/span><br \/>\n<span style=\"font-size: 12pt; font-family: OpenSans; font-weight: 400;\">Il testo si articola in 4 sezioni: <\/span><\/p>\n<p><span style=\"font-size: 12pt; font-family: OpenSans; font-weight: 400;\">1. <strong>Student\u2019s book<\/strong> \u2013 13 unit\u00e0 organizzate intorno ad un unico nucleo tematico e con la seguente struttura:<br \/>\n<\/span><span style=\"font-size: 12pt; font-family: OpenSans; font-weight: 400;\">\u00a0 \u00a0 \u2022 <em>Vocabulary<\/em>: lessico specifico dell\u2019unit\u00e0 corredato da immagini ed esercizi e con la traduzione dei termini.<br \/>\n\u2022 <em>Skills<\/em>: brani riguardanti aspetti specifici della professione corredati di glossario, seguiti da attivit\u00e0 di comprensione, scrittura, ascolto e dialoghi.<br \/>\n\u2022 <em>Communication<\/em>: attivit\u00e0 di <em>Listening<\/em>, <em>Speaking<\/em>, <em>Writing<\/em>, <em>Role play<\/em>, <em>Real-life task<\/em> legate alla fraseologia di carattere professionale proposta. <\/span><\/p>\n<p><span style=\"font-size: 12pt; font-family: OpenSans; font-weight: 400;\">2. <strong>Vocabulary bank<\/strong> \u2013 sezione di riferimento lessicale con termini specifici del settore divisi per categorie logiche e per unit\u00e0.<\/span><\/p>\n<p><span style=\"font-size: 12pt; font-family: OpenSans; font-weight: 400;\">3. <strong>Workbook<\/strong> \u2013 eserciziario, per consolidare i contenuti e la lingua appresi nel corso, diviso nelle sezioni di <em>Vocabulary<\/em>, <em>Skills<\/em>, <em>Communication<\/em> e <em>Translation<\/em>. <\/span><\/p>\n<p><span style=\"font-size: 12pt; font-family: OpenSans; font-weight: 400;\">4. <strong>Grammar<\/strong> \u2013 ampia sezione che riprende tutta la grammatica di livello A2\/B1 con schemi semplici ma completi e che la consolida e potenzia con numerosi esercizi in contesto.<\/span><\/p>\n<p><span style=\"font-family: 'Pridi'; font-size: 17pt; color: #31476c; font-weight: 200;\"><strong><br \/>\nMateriali integrativi<\/strong><br \/>\n<\/span><br \/>\n<span style=\"font-size: 12pt; font-family: OpenSans; font-weight: 400;\">\u2022 <strong>TEACHER\u2019S BOOK<\/strong>. Programmazione didattica per modulo, audioscripts delle attivit\u00e0 di ascolto, soluzioni degli esercizi a risposta chiusa e suggerimenti per la correzione di quelli a risposta aperta, note didattiche, prove di verifica formativa per ogni Unit\u00e0 per accertare le competenze acquisite. <\/span><\/p>\n<p><span style=\"font-size: 12pt; font-family: OpenSans; font-weight: 400;\">\u2022 <strong>ONLINE RESOURCES<\/strong>. Video e file audio formato mp3 con la registrazione delle attivit\u00e0 di ascolto, corredati da attivit\u00e0 di comprensione, attivit\u00e0 ludiche per favorire l\u2019apprendimento linguistico, attivit\u00e0 di real life per simulare situazioni lavorative quotidiane, prove di verifica formativa per ogni Unit\u00e0 per accertare le competenze acquisite in formato editabile.<\/span><\/p>\n<\/div>\n","protected":false},"excerpt":{"rendered":"<p>L\u2019argomento On Hair \u00e8 rivolto agli studenti iscritti ai percorsi di istruzione e formazione professionale e ai percorsi di qualifica e diploma professionale nel settore dei servizi, indirizzo di Acconciatura, e, pi\u00f9 in generale, a chi opera nel settore, in quanto finalizzato all\u2019acquisizione di competenze linguistiche specifiche del settore. Grazie alla ricchezza del materiale proposto,<\/p>\n","protected":false},"author":3,"featured_media":0,"parent":0,"menu_order":1,"comment_status":"closed","ping_status":"closed","template":"page-templates\/scheda_opera.php","meta":[],"acf":[],"_links":{"self":[{"href":"https:\/\/www.edisco.it\/on-hair\/wp-json\/wp\/v2\/pages\/6"}],"collection":[{"href":"https:\/\/www.edisco.it\/on-hair\/wp-json\/wp\/v2\/pages"}],"about":[{"href":"https:\/\/www.edisco.it\/on-hair\/wp-json\/wp\/v2\/types\/page"}],"author":[{"embeddable":true,"href":"https:\/\/www.edisco.it\/on-hair\/wp-json\/wp\/v2\/users\/3"}],"replies":[{"embeddable":true,"href":"https:\/\/www.edisco.it\/on-hair\/wp-json\/wp\/v2\/comments?post=6"}],"version-history":[{"count":11,"href":"https:\/\/www.edisco.it\/on-hair\/wp-json\/wp\/v2\/pages\/6\/revisions"}],"predecessor-version":[{"id":221,"href":"https:\/\/www.edisco.it\/on-hair\/wp-json\/wp\/v2\/pages\/6\/revisions\/221"}],"wp:attachment":[{"href":"https:\/\/www.edisco.it\/on-hair\/wp-json\/wp\/v2\/media?parent=6"}],"curies":[{"name":"wp","href":"https:\/\/api.w.org\/{rel}","templated":true}]}}