{"id":103,"date":"2015-02-18T21:18:37","date_gmt":"2015-02-18T20:18:37","guid":{"rendered":"https:\/\/www.edisco.it\/rainbows\/?page_id=103"},"modified":"2024-05-30T15:06:00","modified_gmt":"2024-05-30T13:06:00","slug":"frankenstein","status":"publish","type":"page","link":"https:\/\/www.edisco.it\/rainbows\/configurazione\/frankenstein\/","title":{"rendered":"Frankenstein"},"content":{"rendered":"<div>&nbsp;<\/div>\n<div><span style=\"font-family: verdana, geneva, sans-serif; font-size: 11pt;\"><span style=\"font-family: verdana, geneva, sans-serif; font-size: 11pt;\"> <em>A cura di M.L. Sillitti<\/em><\/span><\/span>&nbsp;<\/p>\n<p><span style=\"color: #000080; font-family: verdana, geneva, sans-serif; font-size: 11pt;\"><strong>Level B2<br \/>\n<\/strong><\/span><span style=\"font-family: verdana, geneva, sans-serif; font-size: 11pt;\"><strong>volume + audio mp3 <\/strong><\/span><\/p>\n<\/div>\n<div>&nbsp;<\/div>\n<div><span style=\"font-size: 11pt; font-family: verdana, geneva, sans-serif;\"><span style=\"font-size: 11pt; font-family: verdana, geneva, sans-serif;\"><span style=\"font-size: 11pt; font-family: verdana, geneva, sans-serif;\"><em>One of the most famous horror stories ever written, it was the first novel of a very young Mary Wollstonecraft Shelley. <\/em><br \/>\n<em>A scientist, Victor Frankenstein, learns how to give life to dead tissue and succeeds in creating a new being. Physically horrible, the monster is rejected by Frankenstein. <\/em><br \/>\n<em>The lack of love or simple acceptance, not only from people but also from his creator, turns an inwardly good being into a cruel and merciless murderer: the consequences will be tragical for many people.<\/em><br \/>\n<em>Stimulating activities, cues for reflections and interesting original inserts enrich the book.<\/em><\/span><\/span><\/span>&nbsp;<\/p>\n<p><em>Teacher's Resources available online: Answer Key - Audioscripts - Key to Summing-up Activities.<\/em><\/p>\n<p>Una delle pi\u00f9 famose storie horror mai scritte, fu il primo romanzo di una giovanissima Mary Wollstonecraft Shelley. \u00c8 la storia di uno scienziato, Frankenstein, che apprende come dare vita a tessuti morti riuscendo cos\u00ec a creare un mostro. Fisicamente orribile, viene rifiutato da Frankenstein. Il non sentirsi accettato non solo dagli esseri umani, ma anche dal suo creatore, trasforma un essere interiormente buono in un crudele e spietato assassino con conseguenze tragiche per molti.<\/p>\n<\/div>\n<div>&nbsp;<\/div>\n<div id=\"fondinoazzurro\">\n<p><span style=\"font-size: 13.3333px;\"><img style=\"line-height: 23.1111px; width: 80px; height: 60px;\" src=\"https:\/\/www.edisco.it\/life-reflections\/wp-content\/uploads\/sites\/45\/2015\/04\/audio1.png\" alt=\"\" align=\"absMiddle\"> <\/span><a href=\"https:\/\/www.edisco.it\/rainbows\/configurazione\/frankenstein\/frankenstein-audiobook\/\" target=\"_blank\" rel=\"noopener\"><span style=\"font-size: 14pt;\"><strong><span style=\"font-family: verdana,geneva,sans-serif;\">Audiobook<\/span><\/strong><\/span><\/a><\/p>\n<\/div>\n<p id=\"fondinobianco\">&nbsp;<\/p>\n<p><a href=\"https:\/\/www.edisco.it\/rainbows\/wp-content\/uploads\/sites\/82\/2016\/07\/frankensteinpre.pdf\" target=\"_blank\" rel=\"noopener noreferrer\"><img src=\"https:\/\/www.edisco.it\/a-caring-society\/wp-content\/uploads\/sites\/86\/2019\/09\/icona-PDF_60.png\" alt=\"\" align=\"absMiddle\"> <\/a><span style=\"font-family: verdana,geneva,sans-serif;\"><span style=\"font-size: 12pt;\"><a href=\"https:\/\/www.edisco.it\/rainbows\/wp-content\/uploads\/sites\/82\/2016\/07\/frankensteinpre.pdf\" target=\"_blank\" rel=\"noopener noreferrer\">Frankenstein_Anteprima.pdf<\/a> <\/span><\/span><\/p>\n<p style=\"text-align: center;\"><span style=\"font-family: verdana, geneva, sans-serif; font-size: 12pt;\"><strong><span style=\"color: #4786b5;\">Clicca sulla copertina per sfogliare l'anteprima<\/span><\/strong> <\/span><\/p>\n<div class=\"contenitore\"><a href=\"https:\/\/www.edisco.it\/anteprime\/rainbows\/frankenstein\"><img class=\"flip\" src=\"https:\/\/www.edisco.it\/rainbows\/wp-content\/uploads\/sites\/82\/2023\/07\/frankenstein-cop.jpg\" width=\"600\" align=\"absmiddle\"><\/a>&nbsp;<\/p>\n<\/div>\n","protected":false},"excerpt":{"rendered":"<p>&nbsp; A cura di M.L. Sillitti&nbsp; Level B2 volume + audio mp3 &nbsp; One of the most famous horror stories ever written, it was the first novel of a very young Mary Wollstonecraft Shelley. A scientist, Victor Frankenstein, learns how to give life to dead tissue and succeeds in creating a new being. Physically horrible,<\/p>\n","protected":false},"author":3,"featured_media":0,"parent":19,"menu_order":33,"comment_status":"closed","ping_status":"closed","template":"page-templates\/dettaglio_volume.php","meta":[],"acf":[],"_links":{"self":[{"href":"https:\/\/www.edisco.it\/rainbows\/wp-json\/wp\/v2\/pages\/103"}],"collection":[{"href":"https:\/\/www.edisco.it\/rainbows\/wp-json\/wp\/v2\/pages"}],"about":[{"href":"https:\/\/www.edisco.it\/rainbows\/wp-json\/wp\/v2\/types\/page"}],"author":[{"embeddable":true,"href":"https:\/\/www.edisco.it\/rainbows\/wp-json\/wp\/v2\/users\/3"}],"replies":[{"embeddable":true,"href":"https:\/\/www.edisco.it\/rainbows\/wp-json\/wp\/v2\/comments?post=103"}],"version-history":[{"count":10,"href":"https:\/\/www.edisco.it\/rainbows\/wp-json\/wp\/v2\/pages\/103\/revisions"}],"predecessor-version":[{"id":1478,"href":"https:\/\/www.edisco.it\/rainbows\/wp-json\/wp\/v2\/pages\/103\/revisions\/1478"}],"up":[{"embeddable":true,"href":"https:\/\/www.edisco.it\/rainbows\/wp-json\/wp\/v2\/pages\/19"}],"wp:attachment":[{"href":"https:\/\/www.edisco.it\/rainbows\/wp-json\/wp\/v2\/media?parent=103"}],"curies":[{"name":"wp","href":"https:\/\/api.w.org\/{rel}","templated":true}]}}