{"id":105,"date":"2015-02-18T21:19:36","date_gmt":"2015-02-18T20:19:36","guid":{"rendered":"https:\/\/www.edisco.it\/rainbows\/?page_id=105"},"modified":"2024-07-30T10:30:28","modified_gmt":"2024-07-30T08:30:28","slug":"dubliners","status":"publish","type":"page","link":"https:\/\/www.edisco.it\/rainbows\/configurazione\/dubliners\/","title":{"rendered":"Dubliners"},"content":{"rendered":"<div>&nbsp;<\/div>\n<div><span style=\"font-family: verdana, geneva, sans-serif; font-size: 11pt;\"><br \/>\n<em>Adaptation, Dossiers and Activities by P. Della Valle<\/em><\/span>&nbsp;<\/p>\n<p><span style=\"color: #000080; font-family: verdana, geneva, sans-serif; font-size: 11pt;\"><strong>Level B2<br \/>\n<\/strong><\/span><span style=\"font-family: verdana, geneva, sans-serif; font-size: 11pt;\"><strong>volume + audio mp3<br \/>\n<\/strong><\/span><\/p>\n<\/div>\n<div>&nbsp;<\/div>\n<div><span style=\"font-size: 11pt; font-family: verdana, geneva, sans-serif;\"><span style=\"font-size: 11pt; font-family: verdana, geneva, sans-serif;\"><span style=\"font-size: 11pt; font-family: verdana, geneva, sans-serif;\"><em>Dubliners is a collection of fifteen short stories started by a very young James Joyce in 1904 and finished in 1907.<\/em><br \/>\n<em>A feeling of stagnation pervades Dublin and its inhabitants, whose lives are dominated by frustration, inertia, alcoholism, poverty and conformity. <\/em><em>The resulting picture is one of afflicted humanity, trying to escape from its destiny but always failing.<br \/>\nSeven stories have been chosen which represent the four phases of life singled out by Joyce: childhood (An Encounter, Araby), adolescence (Eveline, The Boarding House), maturity (A Little Cloud, A Painful Case), public life (A Mother).<\/em><br \/>\n<em>The book is enriched by an introduction to Dubliners and several inserts on Joyce and the Irish literary situation of the time.<\/em><\/span><\/span><\/span>&nbsp;<\/p>\n<p><em>Teacher's Resources available online: Answer Key - Audioscripts - Key to Summing-up Activities.<\/em><\/p>\n<\/div>\n<div>&nbsp;<\/div>\n<div><span style=\"font-size: 11pt; font-family: verdana, geneva, sans-serif;\">Dubliners \u00e8 una raccolta di racconti iniziati da Joyce poco pi\u00f9 che ventenne. I protagonisti sono persone comuni di Dublino viste nelle loro quotidianit\u00e0. Il filo conduttore dei racconti \u00e8 costituito da due elementi: la paralisi e la fuga, volta al tentativo \u2013 sempre fallimentare \u2013 di liberarsi dall\u2019immobilismo della realt\u00e0 irlandese.<br \/>\nIn questa antologia sono stati scelti sette racconti che rappresentano le quattro fasi della vita individuate da Joyce: l\u2019infanzia, l\u2019adolescenza, la maturit\u00e0, la vita pubblica.<br \/>\n<\/span>&nbsp;<\/p>\n<div id=\"fondinoazzurro\">\n<p><a href=\"https:\/\/www.edisco.it\/rainbows\/configurazione\/dubliners\/audio\/\" target=\"_blank\" rel=\"noopener noreferrer\"><span style=\"font-size: 13.3333px;\"><img style=\"line-height: 23.1111px; width: 80px; height: 60px;\" src=\"https:\/\/www.edisco.it\/life-reflections\/wp-content\/uploads\/sites\/45\/2015\/04\/audio1.png\" alt=\"\" align=\"absMiddle\"> <\/span><span style=\"font-size: 14pt;\"><strong><span style=\"font-family: verdana,geneva,sans-serif;\">Audiobook<\/span><\/strong><\/span><\/a><\/p>\n<\/div>\n<div>&nbsp;<\/div>\n<div>&nbsp;<\/div>\n<p><a href=\"https:\/\/www.edisco.it\/rainbows\/wp-content\/uploads\/sites\/82\/2016\/07\/dublinerspre.pdf\" target=\"_blank\" rel=\"noopener noreferrer\"><img src=\"https:\/\/www.edisco.it\/a-caring-society\/wp-content\/uploads\/sites\/86\/2019\/09\/icona-PDF_60.png\" alt=\"\" align=\"absMiddle\"> <\/a><span style=\"font-family: verdana,geneva,sans-serif;\"><span style=\"font-size: 12pt;\"><a href=\"https:\/\/www.edisco.it\/rainbows\/wp-content\/uploads\/sites\/82\/2016\/07\/dublinerspre.pdf\" target=\"_blank\" rel=\"noopener noreferrer\">Dubliners_Anteprima.pdf<\/a> <\/span><\/span><\/p>\n<p style=\"text-align: center;\"><span style=\"font-family: verdana, geneva, sans-serif; font-size: 12pt;\"><strong><span style=\"color: #4786b5;\">Clicca sulla copertina per sfogliare l'anteprima<\/span><\/strong> <\/span><\/p>\n<div class=\"contenitore\"><a href=\"https:\/\/www.edisco.it\/anteprime\/rainbows\/dubliners\"><img class=\"flip\" src=\"https:\/\/www.edisco.it\/rainbows\/wp-content\/uploads\/sites\/82\/2023\/07\/dubliners-cop.jpg\" width=\"600\" align=\"absmiddle\"><\/a>&nbsp;<\/p>\n<\/div>\n<\/div>\n","protected":false},"excerpt":{"rendered":"<p>&nbsp; Adaptation, Dossiers and Activities by P. Della Valle&nbsp; Level B2 volume + audio mp3 &nbsp; Dubliners is a collection of fifteen short stories started by a very young James Joyce in 1904 and finished in 1907. A feeling of stagnation pervades Dublin and its inhabitants, whose lives are dominated by frustration, inertia, alcoholism, poverty<\/p>\n","protected":false},"author":3,"featured_media":0,"parent":19,"menu_order":34,"comment_status":"closed","ping_status":"closed","template":"page-templates\/dettaglio_volume.php","meta":[],"acf":[],"_links":{"self":[{"href":"https:\/\/www.edisco.it\/rainbows\/wp-json\/wp\/v2\/pages\/105"}],"collection":[{"href":"https:\/\/www.edisco.it\/rainbows\/wp-json\/wp\/v2\/pages"}],"about":[{"href":"https:\/\/www.edisco.it\/rainbows\/wp-json\/wp\/v2\/types\/page"}],"author":[{"embeddable":true,"href":"https:\/\/www.edisco.it\/rainbows\/wp-json\/wp\/v2\/users\/3"}],"replies":[{"embeddable":true,"href":"https:\/\/www.edisco.it\/rainbows\/wp-json\/wp\/v2\/comments?post=105"}],"version-history":[{"count":16,"href":"https:\/\/www.edisco.it\/rainbows\/wp-json\/wp\/v2\/pages\/105\/revisions"}],"predecessor-version":[{"id":1738,"href":"https:\/\/www.edisco.it\/rainbows\/wp-json\/wp\/v2\/pages\/105\/revisions\/1738"}],"up":[{"embeddable":true,"href":"https:\/\/www.edisco.it\/rainbows\/wp-json\/wp\/v2\/pages\/19"}],"wp:attachment":[{"href":"https:\/\/www.edisco.it\/rainbows\/wp-json\/wp\/v2\/media?parent=105"}],"curies":[{"name":"wp","href":"https:\/\/api.w.org\/{rel}","templated":true}]}}