{"id":1302,"date":"2024-05-14T17:30:39","date_gmt":"2024-05-14T15:30:39","guid":{"rendered":"https:\/\/www.edisco.it\/rainbows\/?page_id=1302"},"modified":"2024-06-10T20:23:01","modified_gmt":"2024-06-10T18:23:01","slug":"david-copperfield","status":"publish","type":"page","link":"https:\/\/www.edisco.it\/rainbows\/configurazione\/david-copperfield\/","title":{"rendered":"David Copperfield"},"content":{"rendered":"<div><\/div>\n<div><\/div>\n<div><span style=\"font-size: 11pt;\"><span style=\"font-family: verdana,geneva,sans-serif;\"><span style=\"color: #000080;\"><span style=\"font-size: 18px;\"><strong><span style=\"font-size: 14px;\">Level B1<br \/>\n<\/span><\/strong><\/span><\/span><\/span><\/span><\/div>\n<div><strong><span style=\"font-size: 11pt;\"><span style=\"font-family: verdana,geneva,sans-serif;\">volume + audio mp3<br \/>\n<\/span><\/span><\/strong><\/div>\n<div><\/div>\n<p><em><br \/>\nDavid Copperfield, one of Dickens\u2019s most popular novels, is the story of a boy from his birth to maturity.<\/em><br \/>\n<em>The narrator is David himself who, in a vivid, imaginative style full of humour and irony, tells about the many adventures and misadventures of his life, managing to amuse and move the reader in turn. David\u2019s world is peopled by a myriad of characters, some of whom are funny caricatures, while others have a tragic dignity; some are good, and others are real villains. Many of them also become the protagonists of several subplots which help to create an ironic but very realistic portrait of the Victorian Age and enable Dickens to criticise its many evils.<\/em><\/p>\n<p><em>Teacher's Resources available online: Answer Key - Audioscripts - Key to Summing-up Activities.<\/em><\/p>\n<p>David Copperfield, uno dei romanzi pi\u00f9 conosciuti e amati di Dickens, \u00e8 la storia di un ragazzo, dalla nascita fino alla maturit\u00e0.<br \/>\nIl narratore \u00e8 lo stesso David, il quale, in uno stile vivido e ricco di humour, racconta le molte avventure e disavventure della sua vita riuscendo a coinvolgere il lettore, a divertirlo o commuoverlo a seconda delle situazioni.<br \/>\nIl mondo di David \u00e8 popolato da una miriade di personaggi, alcuni dei quali sono delle vere e proprie caricature, mentre altri hanno una dignit\u00e0 tragica; alcuni sono buoni e altri sono dei malvagi furfanti. Molti di loro sono anche protagonisti di diverse trame secondarie che contribuiscono a creare un ritratto ironico, ma realistico, dell\u2019et\u00e0 vittoriana, i cui molti problemi furono sempre oggetto di critica da parte di Dickens.<br \/>\n.<\/p>\n<div><\/div>\n<div id=\"fondinoazzurro\">\n<p><a href=\"https:\/\/www.edisco.it\/rainbows\/configurazione\/david-copperfield\/audio\/\" target=\"_blank\" rel=\"noopener noreferrer\"><span style=\"font-size: 13.3333px;\"><img style=\"line-height: 23.1111px; width: 80px; height: 60px;\" src=\"https:\/\/www.edisco.it\/life-reflections\/wp-content\/uploads\/sites\/45\/2015\/04\/audio1.png\" alt=\"\" align=\"absMiddle\" \/> <\/span><span style=\"font-size: 14pt;\"><strong><span style=\"font-family: verdana,geneva,sans-serif;\">Audiobook<\/span><\/strong><\/span><\/a><\/p>\n<\/div>\n<p>.<\/p>\n<p><a href=\"https:\/\/www.edisco.it\/materiali\/rainbows\/David_Copperfield_Anteprima.pdf\" target=\"_blank\" rel=\"noopener noreferrer\"><img src=\"https:\/\/www.edisco.it\/a-caring-society\/wp-content\/uploads\/sites\/86\/2019\/09\/icona-PDF_60.png\" alt=\"\" align=\"absMiddle\" \/> <span style=\"font-family: verdana,geneva,sans-serif;\"><span style=\"font-size: 12pt;\">David-Copperfield_Anteprima.pdf <\/span><\/span><\/a><\/p>\n<p style=\"text-align: center;\"><span style=\"font-family: verdana, geneva, sans-serif; font-size: 12pt;\"><strong><span style=\"color: #4786b5;\">Clicca sulla copertina per sfogliare l'anteprima<\/span><\/strong> <\/span><\/p>\n<div class=\"contenitore\"><a href=\"https:\/\/www.edisco.it\/anteprime\/rainbows\/david-copperfield\/\"><img class=\"flip\" src=\"https:\/\/www.edisco.it\/rainbows\/wp-content\/uploads\/sites\/82\/2024\/06\/copperfield.jpg\" width=\"600\" align=\"absmiddle\" \/><\/a><\/p>\n<div><\/div>\n<\/div>\n","protected":false},"excerpt":{"rendered":"<p>Level B1 volume + audio mp3 David Copperfield, one of Dickens\u2019s most popular novels, is the story of a boy from his birth to maturity. The narrator is David himself who, in a vivid, imaginative style full of humour and irony, tells about the many adventures and misadventures of his life, managing to amuse and<\/p>\n","protected":false},"author":3,"featured_media":0,"parent":19,"menu_order":0,"comment_status":"closed","ping_status":"closed","template":"page-templates\/dettaglio_volume.php","meta":[],"acf":[],"_links":{"self":[{"href":"https:\/\/www.edisco.it\/rainbows\/wp-json\/wp\/v2\/pages\/1302"}],"collection":[{"href":"https:\/\/www.edisco.it\/rainbows\/wp-json\/wp\/v2\/pages"}],"about":[{"href":"https:\/\/www.edisco.it\/rainbows\/wp-json\/wp\/v2\/types\/page"}],"author":[{"embeddable":true,"href":"https:\/\/www.edisco.it\/rainbows\/wp-json\/wp\/v2\/users\/3"}],"replies":[{"embeddable":true,"href":"https:\/\/www.edisco.it\/rainbows\/wp-json\/wp\/v2\/comments?post=1302"}],"version-history":[{"count":15,"href":"https:\/\/www.edisco.it\/rainbows\/wp-json\/wp\/v2\/pages\/1302\/revisions"}],"predecessor-version":[{"id":1946,"href":"https:\/\/www.edisco.it\/rainbows\/wp-json\/wp\/v2\/pages\/1302\/revisions\/1946"}],"up":[{"embeddable":true,"href":"https:\/\/www.edisco.it\/rainbows\/wp-json\/wp\/v2\/pages\/19"}],"wp:attachment":[{"href":"https:\/\/www.edisco.it\/rainbows\/wp-json\/wp\/v2\/media?parent=1302"}],"curies":[{"name":"wp","href":"https:\/\/api.w.org\/{rel}","templated":true}]}}