{"id":1904,"date":"2025-02-18T16:59:04","date_gmt":"2025-02-18T15:59:04","guid":{"rendered":"https:\/\/www.edisco.it\/rainbows\/?page_id=1904"},"modified":"2025-05-28T13:40:58","modified_gmt":"2025-05-28T11:40:58","slug":"benjamin-button","status":"publish","type":"page","link":"https:\/\/www.edisco.it\/rainbows\/configurazione\/benjamin-button\/","title":{"rendered":"Benjamin Button"},"content":{"rendered":"<div><\/div>\n<div><\/div>\n<div><span style=\"font-size: 11pt;\"><span style=\"font-family: verdana,geneva,sans-serif;\"><span style=\"color: #000080;\"><span style=\"font-size: 18px;\"><strong><span style=\"font-size: 14px;\">Level B2<br \/>\n<\/span><\/strong><\/span><\/span><\/span><\/span><\/div>\n<div><strong><span style=\"font-size: 11pt;\"><span style=\"font-family: verdana,geneva,sans-serif;\">volume + audio mp3<br \/>\n<\/span><\/span><\/strong><\/div>\n<div><\/div>\n<p><em><br \/>\nFollow the extraordinary life of Benjamin Button, a man who is born as an elderly man and ages backward in a wonderful 1920s Baltimore, Maryland. As Benjamin navigates a world that expects him to grow older, he faces unique challenges and experiences. Join Benjamin as he discovers love, loss, and the complexities of life in a way that only he can. This lovely story will make you reflect on what it means to truly live and appreciate every moment. Perfect for readers who enjoy a mix of fantasy and life lessons, The Curious Case of Benjamin Button is a timeless classic that will speak to anyone who has ever wondered about the passage of time. <\/em><\/p>\n<p><em>Teacher's Resources available online: Answer Key - Audioscripts - Key to Summing-up Activities.<\/em><\/p>\n<p>La vita di Benjamin Button, un uomo nato anziano che cresce al contrario in una meravigliosa Baltimora degli anni 20, \u00e8 incredibile. Mentre il mondo intero guarda Benjamin e lo giudica per essere un diverso, lui affronta sfide ed esperienze uniche: scopre l\u2019amore, la perdita e le complessit\u00e0 della vita in un modo che solo lui pu\u00f2. Questo mix di fantasia e profonde lezioni di vita, \u00e8 un classico che parla a chiunque si sia mai interrogato sul passare del tempo.<\/p>\n<div><\/div>\n<div id=\"fondinoazzurro\">\n<p><span style=\"font-size: 13.3333px;\"><img style=\"line-height: 23.1111px; width: 80px; height: 60px;\" src=\"https:\/\/www.edisco.it\/life-reflections\/wp-content\/uploads\/sites\/45\/2015\/04\/audio1.png\" alt=\"\" align=\"absMiddle\" \/> <\/span><a href=\"https:\/\/www.edisco.it\/rainbows\/configurazione\/benjamin-button\/benjamin-button-audiobook\/\" target=\"_blank\" rel=\"noopener\"><span style=\"font-size: 14pt;\"><strong><span style=\"font-family: verdana,geneva,sans-serif;\">Audiobook<\/span><\/strong><\/span><\/a><\/p>\n<\/div>\n<p>.<\/p>\n<p><a href=\"https:\/\/www.edisco.it\/rainbows\/wp-content\/uploads\/sites\/82\/2025\/05\/Benjamin_Button_preview.pdf\" target=\"_blank\" rel=\"noopener\"><img src=\"https:\/\/www.edisco.it\/a-caring-society\/wp-content\/uploads\/sites\/86\/2019\/09\/icona-PDF_60.png\" alt=\"\" align=\"absMiddle\" \/><\/a> <a href=\"https:\/\/www.edisco.it\/rainbows\/wp-content\/uploads\/sites\/82\/2025\/05\/Benjamin_Button_preview.pdf\" target=\"_blank\" rel=\"noopener\"><span style=\"font-family: verdana,geneva,sans-serif;\"><span style=\"font-size: 12pt;\">Benjamin-Button_Anteprima.pdf <\/span><\/span><\/a><\/p>\n<p style=\"text-align: center;\"><span style=\"font-family: verdana, geneva, sans-serif; font-size: 12pt;\"><strong><span style=\"color: #4786b5;\">Clicca sulla copertina per sfogliare l'anteprima<\/span><\/strong> <\/span><\/p>\n<div class=\"contenitore\"><a href=\"https:\/\/www.edisco.it\/anteprime\/Benjamin_Button_preview\/\"><img class=\"flip\" src=\"https:\/\/www.edisco.it\/rainbows\/wp-content\/uploads\/sites\/82\/2025\/05\/benjamin-button-cop.jpg\" width=\"600\" align=\"absmiddle\" \/><\/a><\/p>\n<div><\/div>\n<\/div>\n","protected":false},"excerpt":{"rendered":"<p>Level B2 volume + audio mp3 Follow the extraordinary life of Benjamin Button, a man who is born as an elderly man and ages backward in a wonderful 1920s Baltimore, Maryland. As Benjamin navigates a world that expects him to grow older, he faces unique challenges and experiences. Join Benjamin as he discovers love, loss,<\/p>\n","protected":false},"author":3,"featured_media":0,"parent":19,"menu_order":0,"comment_status":"closed","ping_status":"closed","template":"page-templates\/dettaglio_volume.php","meta":[],"acf":[],"_links":{"self":[{"href":"https:\/\/www.edisco.it\/rainbows\/wp-json\/wp\/v2\/pages\/1904"}],"collection":[{"href":"https:\/\/www.edisco.it\/rainbows\/wp-json\/wp\/v2\/pages"}],"about":[{"href":"https:\/\/www.edisco.it\/rainbows\/wp-json\/wp\/v2\/types\/page"}],"author":[{"embeddable":true,"href":"https:\/\/www.edisco.it\/rainbows\/wp-json\/wp\/v2\/users\/3"}],"replies":[{"embeddable":true,"href":"https:\/\/www.edisco.it\/rainbows\/wp-json\/wp\/v2\/comments?post=1904"}],"version-history":[{"count":3,"href":"https:\/\/www.edisco.it\/rainbows\/wp-json\/wp\/v2\/pages\/1904\/revisions"}],"predecessor-version":[{"id":1957,"href":"https:\/\/www.edisco.it\/rainbows\/wp-json\/wp\/v2\/pages\/1904\/revisions\/1957"}],"up":[{"embeddable":true,"href":"https:\/\/www.edisco.it\/rainbows\/wp-json\/wp\/v2\/pages\/19"}],"wp:attachment":[{"href":"https:\/\/www.edisco.it\/rainbows\/wp-json\/wp\/v2\/media?parent=1904"}],"curies":[{"name":"wp","href":"https:\/\/api.w.org\/{rel}","templated":true}]}}