{"id":1908,"date":"2025-02-18T17:05:22","date_gmt":"2025-02-18T16:05:22","guid":{"rendered":"https:\/\/www.edisco.it\/rainbows\/?page_id=1908"},"modified":"2025-05-28T13:36:57","modified_gmt":"2025-05-28T11:36:57","slug":"much-ado-about-nothing","status":"publish","type":"page","link":"https:\/\/www.edisco.it\/rainbows\/configurazione\/much-ado-about-nothing\/","title":{"rendered":"Much Ado About Nothing"},"content":{"rendered":"<div><\/div>\n<div><\/div>\n<div><span style=\"font-size: 11pt;\"><span style=\"font-family: verdana,geneva,sans-serif;\"><span style=\"color: #000080;\"><span style=\"font-size: 18px;\"><strong><span style=\"font-size: 14px;\">Level B2+<br \/>\n<\/span><\/strong><\/span><\/span><\/span><\/span><\/div>\n<div><strong><span style=\"font-size: 11pt;\"><span style=\"font-family: verdana,geneva,sans-serif;\">volume + audio mp3<br \/>\n<\/span><\/span><\/strong><\/div>\n<div><\/div>\n<p><em><br \/>\nMuch Ado About Nothing is one of Shakespeare\u2019s most famous and brilliant comedies. Set in Messina, it is a tale of love, jealousy, deception, and misunderstanding. The reader is soon caught in a net in which humour and pathos alternate, following the stories of the main characters, Hero and Claudio, Beatrice and Benedick, but also the prince of Aragon and his wicked step-brother. The language will also appeal to the readers: the noble characters have clever, witty conversations, while lower class characters result irresistibly funny by saying paradoxical things. Readers will be both amused and moved and will have the chance to learn something new about the complexities of the human soul. <\/em><\/p>\n<p><em>Teacher's Resources available online: Answer Key - Audioscripts - Key to Summing-up Activities.<\/em><\/p>\n<p>Much Ado About Nothing \u00e8 una delle commedie di Shakespeare pi\u00f9 brillanti. Ambientata a Messina, \u00e8 una storia d\u2019amore e gelosia, di inganni ed equivoci. Il lettore viene subito catturato dallo humour e dal dramma nelle vite di Claudio e Hero, sua cugina Beatrice e Benedick, del principe di Aragona e del suo perfido fratellastro. Leggendo le conversazioni brillanti e spiritose dei personaggi nobili e ridendo dei paradossi comici dei personaggi di classe inferiore, ci si divertir\u00e0, ci si commuover\u00e0 e si imparer\u00e0 qualcosa di nuovo sulla complessit\u00e0 dell\u2019animo umano.<\/p>\n<div><\/div>\n<div id=\"fondinoazzurro\">\n<p><span style=\"font-size: 13.3333px;\"><img style=\"line-height: 23.1111px; width: 80px; height: 60px;\" src=\"https:\/\/www.edisco.it\/life-reflections\/wp-content\/uploads\/sites\/45\/2015\/04\/audio1.png\" alt=\"\" align=\"absMiddle\" \/> <\/span><a href=\"https:\/\/www.edisco.it\/rainbows\/configurazione\/much-ado-about-nothing\/much-ado-about-nothing-audiobook\/\" target=\"_blank\" rel=\"noopener\"><span style=\"font-size: 14pt;\"><strong><span style=\"font-family: verdana,geneva,sans-serif;\">Audiobook<\/span><\/strong><\/span><\/a><\/p>\n<\/div>\n<p>.<\/p>\n<p><a href=\"https:\/\/www.edisco.it\/rainbows\/wp-content\/uploads\/sites\/82\/2025\/05\/Much_Ado_About_Nothing_preview.pdf\" target=\"_blank\" rel=\"noopener\"><img src=\"https:\/\/www.edisco.it\/a-caring-society\/wp-content\/uploads\/sites\/86\/2019\/09\/icona-PDF_60.png\" alt=\"\" align=\"absMiddle\" \/><\/a> <a href=\"https:\/\/www.edisco.it\/rainbows\/wp-content\/uploads\/sites\/82\/2025\/05\/Much_Ado_About_Nothing_preview.pdf\" target=\"_blank\" rel=\"noopener\"><span style=\"font-family: verdana,geneva,sans-serif;\"><span style=\"font-size: 12pt;\">Much-Ado-About-Nothing_Anteprima.pdf <\/span><\/span><\/a><\/p>\n<p style=\"text-align: center;\"><span style=\"font-family: verdana, geneva, sans-serif; font-size: 12pt;\"><strong><span style=\"color: #4786b5;\">Clicca sulla copertina per sfogliare l'anteprima<\/span><\/strong> <\/span><\/p>\n<div class=\"contenitore\"><a href=\"https:\/\/www.edisco.it\/anteprime\/Much_Ado_About_Nothing_preview\/\"><img class=\"flip\" src=\"https:\/\/www.edisco.it\/rainbows\/wp-content\/uploads\/sites\/82\/2025\/05\/much-ado-cop.jpg\" width=\"600\" align=\"absmiddle\" \/><\/a><\/p>\n<div><\/div>\n<\/div>\n","protected":false},"excerpt":{"rendered":"<p>Level B2+ volume + audio mp3 Much Ado About Nothing is one of Shakespeare\u2019s most famous and brilliant comedies. Set in Messina, it is a tale of love, jealousy, deception, and misunderstanding. The reader is soon caught in a net in which humour and pathos alternate, following the stories of the main characters, Hero and<\/p>\n","protected":false},"author":3,"featured_media":0,"parent":19,"menu_order":0,"comment_status":"closed","ping_status":"closed","template":"page-templates\/dettaglio_volume.php","meta":[],"acf":[],"_links":{"self":[{"href":"https:\/\/www.edisco.it\/rainbows\/wp-json\/wp\/v2\/pages\/1908"}],"collection":[{"href":"https:\/\/www.edisco.it\/rainbows\/wp-json\/wp\/v2\/pages"}],"about":[{"href":"https:\/\/www.edisco.it\/rainbows\/wp-json\/wp\/v2\/types\/page"}],"author":[{"embeddable":true,"href":"https:\/\/www.edisco.it\/rainbows\/wp-json\/wp\/v2\/users\/3"}],"replies":[{"embeddable":true,"href":"https:\/\/www.edisco.it\/rainbows\/wp-json\/wp\/v2\/comments?post=1908"}],"version-history":[{"count":4,"href":"https:\/\/www.edisco.it\/rainbows\/wp-json\/wp\/v2\/pages\/1908\/revisions"}],"predecessor-version":[{"id":1955,"href":"https:\/\/www.edisco.it\/rainbows\/wp-json\/wp\/v2\/pages\/1908\/revisions\/1955"}],"up":[{"embeddable":true,"href":"https:\/\/www.edisco.it\/rainbows\/wp-json\/wp\/v2\/pages\/19"}],"wp:attachment":[{"href":"https:\/\/www.edisco.it\/rainbows\/wp-json\/wp\/v2\/media?parent=1908"}],"curies":[{"name":"wp","href":"https:\/\/api.w.org\/{rel}","templated":true}]}}