{"id":37,"date":"2015-02-18T20:03:37","date_gmt":"2015-02-18T19:03:37","guid":{"rendered":"https:\/\/www.edisco.it\/rainbows\/?page_id=37"},"modified":"2023-08-28T13:59:15","modified_gmt":"2023-08-28T11:59:15","slug":"the-canterville-ghost","status":"publish","type":"page","link":"https:\/\/www.edisco.it\/rainbows\/configurazione\/the-canterville-ghost\/","title":{"rendered":"The Canterville Ghost"},"content":{"rendered":"<div>&nbsp;<\/div>\n<div>&nbsp;<\/div>\n<div><em><span style=\"color: #(color);\"><span style=\"font-size: 11pt;\"><span style=\"font-family: verdana,geneva,sans-serif;\">a cura di R. Aimo e L. O'Connor<\/span><\/span><\/span><\/em>&nbsp;<\/p>\n<p><span style=\"color: #000080;\"><span style=\"font-size: 14px;\"><span style=\"font-family: verdana,geneva,sans-serif;\"><strong>Level A1<br \/>\n<\/strong><\/span><\/span><\/span><strong><span style=\"font-size: 11pt;\"><span style=\"font-family: verdana,geneva,sans-serif;\">volume + audio mp3<br \/>\n<\/span><\/span><\/strong><\/p>\n<\/div>\n<div>&nbsp;<\/div>\n<div><span style=\"font-size: 11pt;\"><span style=\"font-family: verdana,geneva,sans-serif;\">Una famiglia americana compera un castello con tutti gli arredi, compreso\u2026 il suo fantasma. Quando l\u2019essere soprannaturale si rivela, viene trattato con molta indifferenza e persino fatto oggetto di scherzi. L\u2019unica persona della famiglia che lo tratta con rispetto \u00e8 Virginia, che gli permetter\u00e0 di liberarsi della sua maledizione secolare. Il pi\u00f9 umoristico dei racconti di Wilde \u00e8 stato realizzato a fumetti, con approfondimenti sulla \u2018esistenza\u2019 di fantasmi in castelli famosi, nella letteratura e al cinema.<\/span><\/span><\/div>\n<div>\n<p>&nbsp;<\/p>\n<p><span style=\"font-size: 11pt;\"><span style=\"font-family: verdana,geneva,sans-serif;\"><em>An American family buys an old English castle with all the furnishings, ... including its ghost. At first they don't believe it exists but then, when the super-natural being appears to the family, they treat him with indifference and the terrible twins even play nasty tricks on him. The only person who respects him is Virginia, who manages to talk to him and sets him free from his long-standing curse.<br \/>\nIn this amusing story, Oscar Wilde portrays the cultural clash between a 16thcentury traditional English ghost and a modern (end of 19th century), stereotyped American family.<br \/>\nA comic-strip version accompanied by inserts on the 'existence' of ghosts in famous castles, literature and cinema.<\/em><\/span><\/span><\/p>\n<p><span style=\"font-size: 11pt;\"><em><span style=\"font-family: verdana,geneva,sans-serif;\">Teacher's Resources available online: Answer Key - Audioscripts - Summing-up Activities<\/span><\/em><\/span><\/p>\n<\/div>\n<p>&nbsp;<\/p>\n<div id=\"fondinoazzurro\">\n<p><a href=\"https:\/\/www.edisco.it\/rainbows\/configurazione\/the-canterville-ghost\/audio\/\" target=\"_blank\" rel=\"noopener noreferrer\"><span style=\"font-size: 13.3333px;\"><img style=\"line-height: 23.1111px; width: 80px; height: 60px;\" src=\"https:\/\/www.edisco.it\/life-reflections\/wp-content\/uploads\/sites\/45\/2015\/04\/audio1.png\" alt=\"\" align=\"absMiddle\"> <\/span><span style=\"font-size: 14pt;\"><strong><span style=\"font-family: verdana,geneva,sans-serif;\">Audiobook<\/span><\/strong><\/span><\/a><\/p>\n<\/div>\n<p>&nbsp;<\/p>\n<p>&nbsp;<\/p>\n<p><a href=\"https:\/\/www.edisco.it\/rainbows\/wp-content\/uploads\/sites\/82\/2016\/06\/the-canterville-ghost_preview.pdf\" target=\"_blank\" rel=\"noopener noreferrer\"><img src=\"https:\/\/www.edisco.it\/a-caring-society\/wp-content\/uploads\/sites\/86\/2019\/09\/icona-PDF_60.png\" alt=\"\" align=\"absMiddle\"> <\/a><span style=\"font-family: verdana,geneva,sans-serif;\"><span style=\"font-size: 12pt;\"><a href=\"https:\/\/www.edisco.it\/rainbows\/wp-content\/uploads\/sites\/82\/2016\/06\/the-canterville-ghost_preview.pdf\" target=\"_blank\" rel=\"noopener noreferrer\">The_Canterville_Ghost_Anteprima.pdf<\/a> <\/span><\/span><\/p>\n<p style=\"text-align: center;\"><span style=\"font-family: verdana, geneva, sans-serif; font-size: 12pt;\"><strong><span style=\"color: #4786b5;\">Clicca sulla copertina per sfogliare l'anteprima<\/span><\/strong> <\/span><\/p>\n<div class=\"contenitore\"><a href=\"https:\/\/www.edisco.it\/anteprime\/rainbows\/the-canterville-ghost\"><img class=\"flip\" src=\"https:\/\/www.edisco.it\/rainbows\/wp-content\/uploads\/sites\/82\/2023\/08\/the-canterville-ghost-cop.jpg\" width=\"600\" align=\"absmiddle\"><\/a><\/p>\n<div>\n<p>&nbsp;<\/p>\n<p>&nbsp;<\/p>\n<\/div>\n<\/div>\n","protected":false},"excerpt":{"rendered":"<p>&nbsp; &nbsp; a cura di R. Aimo e L. O&#8217;Connor&nbsp; Level A1 volume + audio mp3 &nbsp; Una famiglia americana compera un castello con tutti gli arredi, compreso\u2026 il suo fantasma. Quando l\u2019essere soprannaturale si rivela, viene trattato con molta indifferenza e persino fatto oggetto di scherzi. L\u2019unica persona della famiglia che lo tratta con<\/p>\n","protected":false},"author":3,"featured_media":0,"parent":19,"menu_order":4,"comment_status":"closed","ping_status":"closed","template":"page-templates\/dettaglio_volume.php","meta":[],"acf":[],"_links":{"self":[{"href":"https:\/\/www.edisco.it\/rainbows\/wp-json\/wp\/v2\/pages\/37"}],"collection":[{"href":"https:\/\/www.edisco.it\/rainbows\/wp-json\/wp\/v2\/pages"}],"about":[{"href":"https:\/\/www.edisco.it\/rainbows\/wp-json\/wp\/v2\/types\/page"}],"author":[{"embeddable":true,"href":"https:\/\/www.edisco.it\/rainbows\/wp-json\/wp\/v2\/users\/3"}],"replies":[{"embeddable":true,"href":"https:\/\/www.edisco.it\/rainbows\/wp-json\/wp\/v2\/comments?post=37"}],"version-history":[{"count":12,"href":"https:\/\/www.edisco.it\/rainbows\/wp-json\/wp\/v2\/pages\/37\/revisions"}],"predecessor-version":[{"id":1364,"href":"https:\/\/www.edisco.it\/rainbows\/wp-json\/wp\/v2\/pages\/37\/revisions\/1364"}],"up":[{"embeddable":true,"href":"https:\/\/www.edisco.it\/rainbows\/wp-json\/wp\/v2\/pages\/19"}],"wp:attachment":[{"href":"https:\/\/www.edisco.it\/rainbows\/wp-json\/wp\/v2\/media?parent=37"}],"curies":[{"name":"wp","href":"https:\/\/api.w.org\/{rel}","templated":true}]}}