{"id":39,"date":"2015-02-18T20:04:47","date_gmt":"2015-02-18T19:04:47","guid":{"rendered":"https:\/\/www.edisco.it\/rainbows\/?page_id=39"},"modified":"2024-07-16T16:51:42","modified_gmt":"2024-07-16T14:51:42","slug":"the-wizard-of-oz","status":"publish","type":"page","link":"https:\/\/www.edisco.it\/rainbows\/configurazione\/the-wizard-of-oz\/","title":{"rendered":"The Wizard of Oz"},"content":{"rendered":"<div>&nbsp;<\/div>\n<div>&nbsp;<\/div>\n<div><em><span style=\"color: #(color);\"><span style=\"font-size: 11pt;\"><span style=\"font-family: verdana,geneva,sans-serif;\">a cura di A. Grasso<\/span><\/span><\/span><\/em>&nbsp;<\/p>\n<p><span style=\"color: #000080;\"><span style=\"font-size: 14px;\"><strong><span style=\"font-family: verdana,geneva,sans-serif;\">Level A1<br \/>\n<\/span><\/strong><\/span><\/span><strong><span style=\"font-size: 11pt;\"><span style=\"font-family: verdana,geneva,sans-serif;\">volume + audio mp3<\/span><\/span><\/strong><\/p>\n<\/div>\n<div><span style=\"font-size: 11pt;\"><span style=\"font-family: verdana,geneva,sans-serif;\">Un ciclone trascina Dorothy e il suo cagnolino nella magica terra di Oz. Cos\u00ec comincia a viaggiare verso la Citt\u00e0 di Smeraldo, dove vive un grande mago che le potr\u00e0 permettere di ritornare a casa nel Kansas. Strada facendo, incontra uno spaventapasseri che vuole un cervello, un uomo di latta che desidera un cuore e un leone codardo che ha bisogno di coraggio. Tutti loro sperano che il Mago di Oz li possa aiutare prima che la Malvagia Strega dell\u2019Est li catturi.<\/span><\/span>&nbsp;<\/p>\n<p><span style=\"font-size: 11pt;\"><span style=\"font-family: verdana,geneva,sans-serif;\"><em>Dorothy is a girl who lives in Kansas with her uncle and aunt. One day a cyclone carries her and her dog to the magical land of Oz. She desperately wants to return home and so she begins to travel to the Emerald City where a great wizard lives. On her way she meets a Scarecrow who wants a brain, a Tin Man who desires a heart, and a Cowardly Lion who needs courage. They all hope that the Wizard of Oz will help them, before the Wicked Witch of the West catches them\u2026<br \/>\nThe inserts are about wizards and witches and about the main differences between the original book by L. Frank Baum and the 1939 film version by Victor Fleming, which inspired this reader.<\/em><\/span><\/span><\/p>\n<p><span style=\"font-size: 11pt;\"><em><span style=\"font-family: verdana,geneva,sans-serif;\">Teacher's Resources available online: Answer Key - Audioscripts - Summing-up Activities<\/span><\/em><\/span><\/p>\n<\/div>\n<div>&nbsp;<\/div>\n<div id=\"fondinoazzurro\">\n<p><a href=\"https:\/\/www.edisco.it\/rainbows\/configurazione\/the-wizard-of-oz\/audio\/\" target=\"_blank\" rel=\"noopener noreferrer\"><span style=\"font-size: 13.3333px;\"><img style=\"line-height: 23.1111px; width: 80px; height: 60px;\" src=\"https:\/\/www.edisco.it\/life-reflections\/wp-content\/uploads\/sites\/45\/2015\/04\/audio1.png\" alt=\"\" align=\"absMiddle\"> <\/span><span style=\"font-size: 14pt;\"><strong><span style=\"font-family: verdana,geneva,sans-serif;\">Audiobook<\/span><\/strong><\/span><\/a><\/p>\n<\/div>\n<div>&nbsp;<\/div>\n<div>&nbsp;<\/div>\n<p><a href=\"https:\/\/www.edisco.it\/rainbows\/wp-content\/uploads\/sites\/82\/2016\/06\/the-wizard-of-oz_preview.pdf\" target=\"_blank\" rel=\"noopener noreferrer\"><img src=\"https:\/\/www.edisco.it\/a-caring-society\/wp-content\/uploads\/sites\/86\/2019\/09\/icona-PDF_60.png\" alt=\"\" align=\"absMiddle\"> <\/a><span style=\"font-family: verdana,geneva,sans-serif;\"><span style=\"font-size: 12pt;\"><a href=\"https:\/\/www.edisco.it\/rainbows\/wp-content\/uploads\/sites\/82\/2016\/06\/the-wizard-of-oz_preview.pdf\" target=\"_blank\" rel=\"noopener noreferrer\">The_Wizard_of_Oz_Anteprima.pdf<\/a> <\/span><\/span><\/p>\n<p style=\"text-align: center;\"><span style=\"font-family: verdana, geneva, sans-serif; font-size: 12pt;\"><strong><span style=\"color: #4786b5;\">Clicca sulla copertina per sfogliare l'anteprima<\/span><\/strong> <\/span><\/p>\n<div class=\"contenitore\"><a href=\"https:\/\/www.edisco.it\/anteprime\/rainbows\/the-wizard-of-oz\"><img class=\"flip\" src=\"https:\/\/www.edisco.it\/rainbows\/wp-content\/uploads\/sites\/82\/2023\/08\/the-wizard-of-oz.jpg\" width=\"600\" align=\"absmiddle\"><\/a>&nbsp;<\/p>\n<div>&nbsp;<\/div>\n<\/div>\n","protected":false},"excerpt":{"rendered":"<p>&nbsp; &nbsp; a cura di A. Grasso&nbsp; Level A1 volume + audio mp3 Un ciclone trascina Dorothy e il suo cagnolino nella magica terra di Oz. Cos\u00ec comincia a viaggiare verso la Citt\u00e0 di Smeraldo, dove vive un grande mago che le potr\u00e0 permettere di ritornare a casa nel Kansas. Strada facendo, incontra uno spaventapasseri<\/p>\n","protected":false},"author":3,"featured_media":0,"parent":19,"menu_order":5,"comment_status":"closed","ping_status":"closed","template":"page-templates\/dettaglio_volume.php","meta":[],"acf":[],"_links":{"self":[{"href":"https:\/\/www.edisco.it\/rainbows\/wp-json\/wp\/v2\/pages\/39"}],"collection":[{"href":"https:\/\/www.edisco.it\/rainbows\/wp-json\/wp\/v2\/pages"}],"about":[{"href":"https:\/\/www.edisco.it\/rainbows\/wp-json\/wp\/v2\/types\/page"}],"author":[{"embeddable":true,"href":"https:\/\/www.edisco.it\/rainbows\/wp-json\/wp\/v2\/users\/3"}],"replies":[{"embeddable":true,"href":"https:\/\/www.edisco.it\/rainbows\/wp-json\/wp\/v2\/comments?post=39"}],"version-history":[{"count":13,"href":"https:\/\/www.edisco.it\/rainbows\/wp-json\/wp\/v2\/pages\/39\/revisions"}],"predecessor-version":[{"id":1665,"href":"https:\/\/www.edisco.it\/rainbows\/wp-json\/wp\/v2\/pages\/39\/revisions\/1665"}],"up":[{"embeddable":true,"href":"https:\/\/www.edisco.it\/rainbows\/wp-json\/wp\/v2\/pages\/19"}],"wp:attachment":[{"href":"https:\/\/www.edisco.it\/rainbows\/wp-json\/wp\/v2\/media?parent=39"}],"curies":[{"name":"wp","href":"https:\/\/api.w.org\/{rel}","templated":true}]}}