{"id":56,"date":"2015-02-18T20:18:55","date_gmt":"2015-02-18T19:18:55","guid":{"rendered":"https:\/\/www.edisco.it\/rainbows\/?page_id=56"},"modified":"2024-08-19T11:14:17","modified_gmt":"2024-08-19T09:14:17","slug":"othello","status":"publish","type":"page","link":"https:\/\/www.edisco.it\/rainbows\/configurazione\/othello\/","title":{"rendered":"Othello"},"content":{"rendered":"<div><em><span style=\"color: #(color);\"><span style=\"font-size: 11pt;\"><span style=\"font-family: verdana,geneva,sans-serif;\">a cura di J. Pignet e C. Aira<\/span><\/span><\/span><\/em><\/div>\n<div>&nbsp;<\/div>\n<div><span style=\"color: #000080;\"><span style=\"font-size: 14px;\"><strong><span style=\"font-family: verdana,geneva,sans-serif;\">Level A2<\/span><\/strong><\/span><\/span><\/div>\n<div><strong><span style=\"font-size: 11pt;\"><span style=\"font-family: verdana,geneva,sans-serif;\">volume + audio mp3<br \/>\n<\/span><\/span><\/strong><\/div>\n<div><span style=\"font-size: 11pt;\"><span style=\"font-size: 11pt;\"><span style=\"font-family: verdana,geneva,sans-serif;\"><em><br \/>\nA tragedy of jealousy, but not only. Venice has entrusted Othello, a professional soldier, with its security. But Othello is a Moor and, as a consequence, external to Venetian society.<br \/>\nAfter marrying Desdemona, the Moor is convinced by Iago's machinations to kill his wife because of her presumed unfaithfulness.<\/em><br \/>\n<em>A tragedy of great passion in which the personality of the wicked character prevails: Iago, in fact, is one of the most complex and ambiguous figures of the shakespearean gallery of characters.<\/em><\/span><\/span><\/span>&nbsp;<\/p>\n<div id=\"fondinoazzurro\">\n<p><span style=\"font-size: 13.3333px;\"><img style=\"line-height: 23.1111px; width: 80px; height: 60px;\" src=\"https:\/\/www.edisco.it\/life-reflections\/wp-content\/uploads\/sites\/45\/2015\/04\/audio1.png\" alt=\"\" align=\"absMiddle\"> <\/span><a href=\"https:\/\/www.edisco.it\/rainbows\/configurazione\/othello\/audiobook\/\" target=\"_blank\" rel=\"noopener\"><span style=\"font-size: 14pt;\"><strong><span style=\"font-family: verdana,geneva,sans-serif;\">Audiobook<\/span><\/strong><\/span><\/a><\/p>\n<\/div>\n<p id=\"fondinobianco\">\n<p><em>Teacher's Resources available online: Answer Key - Audioscripts - Summing-up Activities<\/em><\/p>\n<p>Il dramma della gelosia, ma non solo. Othello \u00e8 un militare professionista su cui Venezia fa molto affidamento. \u00c8 anche un Moro Africano, per\u00f2, e quindi una figura estranea alla societ\u00e0 veneziana. Dopo avere sposato Desdemona, Othello viene convinto dalle macchinazioni di Iago ad uccidere la moglie, perch\u00e9 ritenuta infedele.<br \/>\nTragedia di passioni dove spicca la personalit\u00e0 del \"cattivo\", Iago, una delle figure pi\u00f9 complesse e ambigue della galleria di personaggi shakespeariani..<\/p>\n<p><a href=\"https:\/\/www.edisco.it\/rainbows\/wp-content\/uploads\/sites\/82\/2016\/06\/othello_preview.pdf\" target=\"_blank\" rel=\"noopener noreferrer\"><img src=\"https:\/\/www.edisco.it\/a-caring-society\/wp-content\/uploads\/sites\/86\/2019\/09\/icona-PDF_60.png\" alt=\"\" align=\"absMiddle\"> <\/a><span style=\"font-family: verdana,geneva,sans-serif;\"><span style=\"font-size: 12pt;\"><a href=\"https:\/\/www.edisco.it\/rainbows\/wp-content\/uploads\/sites\/82\/2016\/06\/othello_preview.pdf\" target=\"_blank\" rel=\"noopener noreferrer\">Othello_Anteprima.pdf<\/a> <\/span><\/span><\/p>\n<p style=\"text-align: center;\"><span style=\"font-family: verdana, geneva, sans-serif; font-size: 12pt;\"><strong><span style=\"color: #4786b5;\">Clicca sulla copertina per sfogliare l'anteprima<\/span><\/strong> <\/span><\/p>\n<div class=\"contenitore\"><a href=\"https:\/\/www.edisco.it\/anteprime\/rainbows\/othello\"><img class=\"flip\" src=\"https:\/\/www.edisco.it\/rainbows\/wp-content\/uploads\/sites\/82\/2023\/07\/othello-cop-1.jpg\" width=\"600\" align=\"absmiddle\"><\/a>&nbsp;<\/p>\n<\/div>\n<\/div>\n","protected":false},"excerpt":{"rendered":"<p>a cura di J. Pignet e C. Aira &nbsp; Level A2 volume + audio mp3 A tragedy of jealousy, but not only. Venice has entrusted Othello, a professional soldier, with its security. But Othello is a Moor and, as a consequence, external to Venetian society. After marrying Desdemona, the Moor is convinced by Iago&#8217;s machinations<\/p>\n","protected":false},"author":3,"featured_media":0,"parent":19,"menu_order":13,"comment_status":"closed","ping_status":"closed","template":"page-templates\/dettaglio_volume.php","meta":[],"acf":[],"_links":{"self":[{"href":"https:\/\/www.edisco.it\/rainbows\/wp-json\/wp\/v2\/pages\/56"}],"collection":[{"href":"https:\/\/www.edisco.it\/rainbows\/wp-json\/wp\/v2\/pages"}],"about":[{"href":"https:\/\/www.edisco.it\/rainbows\/wp-json\/wp\/v2\/types\/page"}],"author":[{"embeddable":true,"href":"https:\/\/www.edisco.it\/rainbows\/wp-json\/wp\/v2\/users\/3"}],"replies":[{"embeddable":true,"href":"https:\/\/www.edisco.it\/rainbows\/wp-json\/wp\/v2\/comments?post=56"}],"version-history":[{"count":13,"href":"https:\/\/www.edisco.it\/rainbows\/wp-json\/wp\/v2\/pages\/56\/revisions"}],"predecessor-version":[{"id":1770,"href":"https:\/\/www.edisco.it\/rainbows\/wp-json\/wp\/v2\/pages\/56\/revisions\/1770"}],"up":[{"embeddable":true,"href":"https:\/\/www.edisco.it\/rainbows\/wp-json\/wp\/v2\/pages\/19"}],"wp:attachment":[{"href":"https:\/\/www.edisco.it\/rainbows\/wp-json\/wp\/v2\/media?parent=56"}],"curies":[{"name":"wp","href":"https:\/\/api.w.org\/{rel}","templated":true}]}}