{"id":81,"date":"2015-02-18T21:03:22","date_gmt":"2015-02-18T20:03:22","guid":{"rendered":"https:\/\/www.edisco.it\/rainbows\/?page_id=81"},"modified":"2024-07-12T14:43:40","modified_gmt":"2024-07-12T12:43:40","slug":"macbeth","status":"publish","type":"page","link":"https:\/\/www.edisco.it\/rainbows\/configurazione\/macbeth\/","title":{"rendered":"Macbeth"},"content":{"rendered":"<div><span style=\"font-size: 11pt;\"><span style=\"font-family: verdana,geneva,sans-serif;\">&nbsp;<\/span><\/span><\/div>\n<p><em><span style=\"color: #(color);\"><span style=\"font-size: 11pt;\"><span style=\"font-family: verdana,geneva,sans-serif;\">a cura di J. Pignet e C. Aira<\/span><\/span><\/span><\/em><\/p>\n<div>&nbsp;<\/div>\n<div><span style=\"color: #000080;\"><span style=\"font-size: 14px;\"><strong><span style=\"font-family: verdana,geneva,sans-serif;\">Level B1<\/span><\/strong><\/span><\/span><\/div>\n<div><strong><span style=\"font-size: 11pt;\"><span style=\"font-family: verdana,geneva,sans-serif;\">volume + audio mp3<br \/>\n<\/span><\/span><\/strong><\/div>\n<div><span style=\"font-size: 11pt;\"><span style=\"font-size: 11pt;\"><span style=\"font-family: verdana,geneva,sans-serif;\"><em><br \/>\nOne of the best-known of William Shakespeare's plays and his shortest tragedy. Often regarded as archetypal, the play tells of the dangers of lust for power and betrayal of friends.<\/em><br \/>\n<em>Macbeth is given a prophecy by a trio of witches: he himself will become king. Fired by ambition and pushed by his ruthless wife, he murders theking and assumes the throne. More killings follow as Macbeth attempts to retain his crown, until he discovers that prophecies are not always what they seem\u2026<\/em><br \/>\n<em>The numerous in-depth analyses are about history and fiction in <\/em>Macbeth<em>, the paintings, films and music inspired by the tragedy, its stage performances and a close examination of the characters.<\/em><\/span><\/span><\/span>&nbsp;<\/p>\n<p><em>Teacher's Resources available online: Answer Key - Audioscripts - Key to Summing-up Activities<\/em><\/p>\n<p>Macbeth \u00e8 una delle opere pi\u00f9 famose di Shakespeare e la sua tragedia pi\u00f9 breve. Tre streghe profetizzano a Macbeth che egli salir\u00e0 sempre pi\u00f9 nella scala gerarchica fino a diventare re. Avveratasi la prima delle profezie, accecato dall'ambizione e spinto dalla spietata moglie, Macbeth uccide il re e sale sul trono. Seguiranno altre orribili uccisioni nel tentativo di conservare la corona, finch\u00e9 scoprir\u00e0 che le profezie possono avere un'altra verit\u00e0\u2026<\/p>\n<div>&nbsp;<\/div>\n<div id=\"fondinoazzurro\">\n<p><a href=\"https:\/\/www.edisco.it\/rainbows\/configurazione\/macbeth\/audio\/\" target=\"_blank\" rel=\"noopener noreferrer\"><span style=\"font-size: 13.3333px;\"><img style=\"line-height: 23.1111px; width: 80px; height: 60px;\" src=\"https:\/\/www.edisco.it\/life-reflections\/wp-content\/uploads\/sites\/45\/2015\/04\/audio1.png\" alt=\"\" align=\"absMiddle\"> <\/span><span style=\"font-size: 14pt;\"><strong><span style=\"font-family: verdana,geneva,sans-serif;\">Audiobook<\/span><\/strong><\/span><\/a><\/p>\n<\/div>\n<div>&nbsp;<\/div>\n<div>&nbsp;<\/div>\n<p><a href=\"https:\/\/www.edisco.it\/rainbows\/wp-content\/uploads\/sites\/82\/2016\/06\/macbeth_preview.pdf\" target=\"_blank\" rel=\"noopener noreferrer\"><img src=\"https:\/\/www.edisco.it\/a-caring-society\/wp-content\/uploads\/sites\/86\/2019\/09\/icona-PDF_60.png\" alt=\"\" align=\"absMiddle\"> <\/a><span style=\"font-family: verdana,geneva,sans-serif;\"><span style=\"font-size: 12pt;\"><a href=\"https:\/\/www.edisco.it\/rainbows\/wp-content\/uploads\/sites\/82\/2016\/06\/macbeth_preview.pdf\" target=\"_blank\" rel=\"noopener noreferrer\">Macbeth_Anteprima.pdf<\/a> <\/span><\/span><\/p>\n<p style=\"text-align: center;\"><span style=\"font-family: verdana, geneva, sans-serif; font-size: 12pt;\"><strong><span style=\"color: #4786b5;\">Clicca sulla copertina per sfogliare l'anteprima<\/span><\/strong> <\/span><\/p>\n<div class=\"contenitore\"><a href=\"https:\/\/www.edisco.it\/anteprime\/rainbows\/macbeth\"><img class=\"flip\" src=\"https:\/\/www.edisco.it\/rainbows\/wp-content\/uploads\/sites\/82\/2023\/07\/macbeth-cop.jpg\" width=\"600\" align=\"absmiddle\"><\/a>&nbsp;<\/p>\n<\/div>\n<\/div>\n","protected":false},"excerpt":{"rendered":"<p>&nbsp; a cura di J. Pignet e C. Aira &nbsp; Level B1 volume + audio mp3 One of the best-known of William Shakespeare&#8217;s plays and his shortest tragedy. Often regarded as archetypal, the play tells of the dangers of lust for power and betrayal of friends. Macbeth is given a prophecy by a trio of<\/p>\n","protected":false},"author":3,"featured_media":0,"parent":19,"menu_order":23,"comment_status":"closed","ping_status":"closed","template":"page-templates\/dettaglio_volume.php","meta":[],"acf":[],"_links":{"self":[{"href":"https:\/\/www.edisco.it\/rainbows\/wp-json\/wp\/v2\/pages\/81"}],"collection":[{"href":"https:\/\/www.edisco.it\/rainbows\/wp-json\/wp\/v2\/pages"}],"about":[{"href":"https:\/\/www.edisco.it\/rainbows\/wp-json\/wp\/v2\/types\/page"}],"author":[{"embeddable":true,"href":"https:\/\/www.edisco.it\/rainbows\/wp-json\/wp\/v2\/users\/3"}],"replies":[{"embeddable":true,"href":"https:\/\/www.edisco.it\/rainbows\/wp-json\/wp\/v2\/comments?post=81"}],"version-history":[{"count":12,"href":"https:\/\/www.edisco.it\/rainbows\/wp-json\/wp\/v2\/pages\/81\/revisions"}],"predecessor-version":[{"id":1634,"href":"https:\/\/www.edisco.it\/rainbows\/wp-json\/wp\/v2\/pages\/81\/revisions\/1634"}],"up":[{"embeddable":true,"href":"https:\/\/www.edisco.it\/rainbows\/wp-json\/wp\/v2\/pages\/19"}],"wp:attachment":[{"href":"https:\/\/www.edisco.it\/rainbows\/wp-json\/wp\/v2\/media?parent=81"}],"curies":[{"name":"wp","href":"https:\/\/api.w.org\/{rel}","templated":true}]}}