{"id":836,"date":"2021-03-10T09:32:32","date_gmt":"2021-03-10T08:32:32","guid":{"rendered":"https:\/\/www.edisco.it\/rainbows\/?page_id=836"},"modified":"2024-07-08T16:46:21","modified_gmt":"2024-07-08T14:46:21","slug":"the-invisible-man","status":"publish","type":"page","link":"https:\/\/www.edisco.it\/rainbows\/configurazione\/the-invisible-man\/","title":{"rendered":"The Invisible Man"},"content":{"rendered":"<div>&nbsp;<\/div>\n<div>&nbsp;<\/div>\n<div><span style=\"font-size: 11pt;\"><span style=\"font-family: verdana,geneva,sans-serif;\"><span style=\"color: #000080;\"><span style=\"font-size: 18px;\"><strong><span style=\"font-size: 14px;\">Level A2+<\/span><\/strong><\/span><\/span><\/span><\/span><\/div>\n<div><strong><span style=\"font-size: 11pt;\"><span style=\"font-family: verdana,geneva,sans-serif;\">volume + audio mp3<br \/>\n<\/span><\/span><\/strong><\/div>\n<div><span style=\"font-size: 11pt;\"><span style=\"font-size: 11pt;\"><span style=\"font-family: verdana,geneva,sans-serif;\"><em>adaptation by R. Polichetti and M. Simmons<\/em><\/span><\/span><\/span>&nbsp;<\/p>\n<p><em>A quiet country village is upset by the arrival of a stranger who is always covered from head to foot \u2013 he wears a large hat, a scarf, dark glasses, bandages all around his head and has a strange pink nose. But soon the villagers find out why the strange man is always dressed like that. <\/em><br \/>\n<em>He is a scientist who has done an extraordinary experiment on himself\u2026 What are its effects? Why is everybody terribly scared? <\/em><br \/>\n<em>The reader is enriched by stimulating inserts about science fiction plus invisibility in literature, science and cinema. <\/em><\/p>\n<p><em>Teacher's Resources available online: Answer Key - Audioscripts - Key to Summing-up Activities.<\/em><\/p>\n<p>Un tranquillo paese di campagna viene sconvolto dall\u2019arrivo di un forestiero sempre coperto da capo a piedi. Porta cappello a larghe tese, sciarpa, occhiali scuri e ha uno strano naso rosa. Con sgomento e terrore ben presto gli abitanti scoprono perch\u00e9 quell\u2019uomo \u00e8 sempre vestito cos\u00ec, sia dentro che fuori casa. Egli \u00e8 uno scienziato che ha sperimentato su di s\u00e9 una rivoluzionaria formula\u2026<br \/>\nQuali effetti avr\u00e0? Perch\u00e9 sono tutti cos\u00ec spaventati?<br \/>\nIl reader \u00e8 arricchito da approfondimenti sull\u2019invisibilit\u00e0 in campo letterario, scientifico e cinematografico.<\/p>\n<\/div>\n<div>&nbsp;<\/div>\n<div>&nbsp;<\/div>\n<div id=\"fondinoazzurro\">\n<p><a href=\"https:\/\/www.edisco.it\/rainbows\/configurazione\/the-invisible-man\/audio\/\" target=\"_blank\" rel=\"noopener noreferrer\"><span style=\"font-size: 13.3333px;\"><img style=\"line-height: 23.1111px; width: 80px; height: 60px;\" src=\"https:\/\/www.edisco.it\/life-reflections\/wp-content\/uploads\/sites\/45\/2015\/04\/audio1.png\" alt=\"\" align=\"absMiddle\"> <\/span><span style=\"font-size: 14pt;\"><strong><span style=\"font-family: verdana,geneva,sans-serif;\">Audiobook<\/span><\/strong><\/span><\/a><\/p>\n<\/div>\n<p>&nbsp;<\/p>\n<p>&nbsp;<\/p>\n<div>\n<p><a href=\"https:\/\/www.edisco.it\/rainbows\/wp-content\/uploads\/sites\/82\/2021\/03\/Anteprima-The-Invisible-Man.pdf\" target=\"_blank\" rel=\"noopener noreferrer\"><img src=\"https:\/\/www.edisco.it\/a-caring-society\/wp-content\/uploads\/sites\/86\/2019\/09\/icona-PDF_60.png\" alt=\"\" align=\"absMiddle\"><\/a><span style=\"font-size: 12pt;\"><a href=\"https:\/\/www.edisco.it\/rainbows\/wp-content\/uploads\/sites\/82\/2021\/03\/Anteprima-The-Invisible-Man.pdf\" target=\"_blank\" rel=\"noopener noreferrer\"><span style=\"font-family: verdana,geneva,sans-serif;\">The Invisible Man_Anteprima.pdf<\/span><\/a><\/span><\/p>\n<\/div>\n<p style=\"text-align: center;\"><span style=\"font-family: verdana, geneva, sans-serif; font-size: 12pt;\"><strong><span style=\"color: #4786b5;\">Clicca sulla copertina per sfogliare l'anteprima<\/span><\/strong> <\/span><\/p>\n<div class=\"contenitore\"><a href=\"https:\/\/www.edisco.it\/anteprime\/rainbows\/the-invisible-man\/\"><img class=\"flip\" src=\"https:\/\/www.edisco.it\/rainbows\/wp-content\/uploads\/sites\/82\/2021\/03\/cop-invisible.jpg\" width=\"600\" align=\"absmiddle\"><\/a>&nbsp;<\/p>\n<\/div>\n","protected":false},"excerpt":{"rendered":"<p>&nbsp; &nbsp; Level A2+ volume + audio mp3 adaptation by R. Polichetti and M. Simmons&nbsp; A quiet country village is upset by the arrival of a stranger who is always covered from head to foot \u2013 he wears a large hat, a scarf, dark glasses, bandages all around his head and has a strange pink<\/p>\n","protected":false},"author":3,"featured_media":0,"parent":19,"menu_order":0,"comment_status":"closed","ping_status":"closed","template":"page-templates\/dettaglio_volume.php","meta":[],"acf":[],"_links":{"self":[{"href":"https:\/\/www.edisco.it\/rainbows\/wp-json\/wp\/v2\/pages\/836"}],"collection":[{"href":"https:\/\/www.edisco.it\/rainbows\/wp-json\/wp\/v2\/pages"}],"about":[{"href":"https:\/\/www.edisco.it\/rainbows\/wp-json\/wp\/v2\/types\/page"}],"author":[{"embeddable":true,"href":"https:\/\/www.edisco.it\/rainbows\/wp-json\/wp\/v2\/users\/3"}],"replies":[{"embeddable":true,"href":"https:\/\/www.edisco.it\/rainbows\/wp-json\/wp\/v2\/comments?post=836"}],"version-history":[{"count":9,"href":"https:\/\/www.edisco.it\/rainbows\/wp-json\/wp\/v2\/pages\/836\/revisions"}],"predecessor-version":[{"id":1606,"href":"https:\/\/www.edisco.it\/rainbows\/wp-json\/wp\/v2\/pages\/836\/revisions\/1606"}],"up":[{"embeddable":true,"href":"https:\/\/www.edisco.it\/rainbows\/wp-json\/wp\/v2\/pages\/19"}],"wp:attachment":[{"href":"https:\/\/www.edisco.it\/rainbows\/wp-json\/wp\/v2\/media?parent=836"}],"curies":[{"name":"wp","href":"https:\/\/api.w.org\/{rel}","templated":true}]}}