{"id":843,"date":"2021-03-10T10:14:52","date_gmt":"2021-03-10T09:14:52","guid":{"rendered":"https:\/\/www.edisco.it\/rainbows\/?page_id=843"},"modified":"2024-07-25T15:15:19","modified_gmt":"2024-07-25T13:15:19","slug":"the-great-gatsby","status":"publish","type":"page","link":"https:\/\/www.edisco.it\/rainbows\/configurazione\/the-great-gatsby\/","title":{"rendered":"The Great Gatsby"},"content":{"rendered":"<div>&nbsp;<\/div>\n<div>&nbsp;<\/div>\n<div><span style=\"font-size: 11pt;\"><span style=\"font-family: verdana,geneva,sans-serif;\"><span style=\"color: #000080;\"><span style=\"font-size: 18px;\"><strong><span style=\"font-size: 14px;\">Level B2<\/span><\/strong><\/span><\/span><\/span><\/span><\/div>\n<div><strong><span style=\"font-size: 11pt;\"><span style=\"font-family: verdana,geneva,sans-serif;\">volume + audio mp3<br \/>\n<\/span><\/span><\/strong><\/div>\n<div><span style=\"font-size: 11pt;\"><span style=\"font-size: 11pt;\"><span style=\"font-family: verdana,geneva,sans-serif;\"><em>adaptation by Cristina Gioli<\/em><\/span><\/span><\/span>&nbsp;<\/p>\n<p><em>A great classic of American literature. Through the rise and fall of a fascinating young man, the novel shows the decadence of the \u201cJazz Age\u201d America of the 1920s. <\/em><br \/>\n<em>Both tragic, romantic hero and criminal, Gatsby believes that money is the key to reach success and happiness, but above all to make his impossible dream of love come true. Despite his faults, he is passionate and sincere, while the other characters move through life superficially, irresponsibly and seem incapable of real feelings. <\/em><br \/>\n<em>In this story, Fitzgerald presents us with all the contradictions of the period: the thoughtless way of living of the prosperous classes in the 1920s, the poverty of the lower classes and the illusory quality of the \u201cAmerican Dream\u201d.<\/em><\/p>\n<p><em>Teacher's Resources available online: Answer Key - Audioscripts - Key to Summing-up Activities.<\/em><\/p>\n<p>Attraverso l\u2019ascesa e la caduta di un affascinante giovane, il romanzo tratta la decadenza dell\u2019Et\u00e0 del Jazz nell\u2019America degli Anni \u201920.<br \/>\nAllo stesso tempo eroe tragico\/romantico e criminale, Gatsby crede che il denaro sia la chiave per il successo e la felicit\u00e0, ma soprattutto per rendere reale il suo impossibile sogno d\u2019amore.<br \/>\nCon questa storia, Fitzgerald ci mostra tutte le contraddizioni del periodo: l\u2019avventatezza delle classi pi\u00f9 agiate, la povert\u00e0 delle classi pi\u00f9 basse e la qualit\u00e0 illusoria del cosiddetto sogno americano.l\u2019ascesa e la caduta di un affascinante giovane, il romanzo tratta la decadenza dell\u2019Et\u00e0 del Jazz nell\u2019America degli Anni \u201920.<\/p>\n<\/div>\n<div>&nbsp;<\/div>\n<div>\n<div>&nbsp;<\/div>\n<div id=\"fondinoazzurro\">\n<p><a href=\"https:\/\/www.edisco.it\/rainbows\/configurazione\/the-great-gatsby\/audio\/\" target=\"_blank\" rel=\"noopener noreferrer\"><span style=\"font-size: 13.3333px;\"><img style=\"line-height: 23.1111px; width: 80px; height: 60px;\" src=\"https:\/\/www.edisco.it\/life-reflections\/wp-content\/uploads\/sites\/45\/2015\/04\/audio1.png\" alt=\"\" align=\"absMiddle\"> <\/span><span style=\"font-size: 14pt;\"><strong><span style=\"font-family: verdana,geneva,sans-serif;\">Audiobook<\/span><\/strong><\/span><\/a><\/p>\n<\/div>\n<p>&nbsp;<\/p>\n<p><a href=\"https:\/\/www.edisco.it\/rainbows\/wp-content\/uploads\/sites\/82\/2021\/03\/Anteprima-The-Great-Gatsby.pdf\" target=\"_blank\" rel=\"noopener noreferrer\"><img src=\"https:\/\/www.edisco.it\/a-caring-society\/wp-content\/uploads\/sites\/86\/2019\/09\/icona-PDF_60.png\" alt=\"\" align=\"absMiddle\"><\/a><span style=\"font-size: 12pt;\"><a href=\"https:\/\/www.edisco.it\/rainbows\/wp-content\/uploads\/sites\/82\/2021\/03\/Anteprima-The-Great-Gatsby.pdf\" target=\"_blank\" rel=\"noopener noreferrer\"><span style=\"font-family: verdana,geneva,sans-serif;\">The Great_Gatsby_Anteprima.pdf<\/span><\/a><\/span><\/p>\n<\/div>\n<p style=\"text-align: center;\"><span style=\"font-family: verdana, geneva, sans-serif; font-size: 12pt;\"><strong><span style=\"color: #4786b5;\">Clicca sulla copertina per sfogliare l'anteprima<\/span><\/strong> <\/span><\/p>\n<div class=\"contenitore\"><a href=\"https:\/\/www.edisco.it\/anteprime\/rainbows\/the-great-gatsby\/\"><img class=\"flip\" src=\"https:\/\/www.edisco.it\/rainbows\/wp-content\/uploads\/sites\/82\/2021\/03\/cop-gatsby.jpg\" width=\"600\" align=\"absmiddle\"><\/a>&nbsp;<\/p>\n<\/div>\n","protected":false},"excerpt":{"rendered":"<p>&nbsp; &nbsp; Level B2 volume + audio mp3 adaptation by Cristina Gioli&nbsp; A great classic of American literature. Through the rise and fall of a fascinating young man, the novel shows the decadence of the \u201cJazz Age\u201d America of the 1920s. Both tragic, romantic hero and criminal, Gatsby believes that money is the key to<\/p>\n","protected":false},"author":3,"featured_media":0,"parent":19,"menu_order":0,"comment_status":"closed","ping_status":"closed","template":"page-templates\/dettaglio_volume.php","meta":[],"acf":[],"_links":{"self":[{"href":"https:\/\/www.edisco.it\/rainbows\/wp-json\/wp\/v2\/pages\/843"}],"collection":[{"href":"https:\/\/www.edisco.it\/rainbows\/wp-json\/wp\/v2\/pages"}],"about":[{"href":"https:\/\/www.edisco.it\/rainbows\/wp-json\/wp\/v2\/types\/page"}],"author":[{"embeddable":true,"href":"https:\/\/www.edisco.it\/rainbows\/wp-json\/wp\/v2\/users\/3"}],"replies":[{"embeddable":true,"href":"https:\/\/www.edisco.it\/rainbows\/wp-json\/wp\/v2\/comments?post=843"}],"version-history":[{"count":5,"href":"https:\/\/www.edisco.it\/rainbows\/wp-json\/wp\/v2\/pages\/843\/revisions"}],"predecessor-version":[{"id":1717,"href":"https:\/\/www.edisco.it\/rainbows\/wp-json\/wp\/v2\/pages\/843\/revisions\/1717"}],"up":[{"embeddable":true,"href":"https:\/\/www.edisco.it\/rainbows\/wp-json\/wp\/v2\/pages\/19"}],"wp:attachment":[{"href":"https:\/\/www.edisco.it\/rainbows\/wp-json\/wp\/v2\/media?parent=843"}],"curies":[{"name":"wp","href":"https:\/\/api.w.org\/{rel}","templated":true}]}}