{"id":89,"date":"2015-02-18T21:08:15","date_gmt":"2015-02-18T20:08:15","guid":{"rendered":"https:\/\/www.edisco.it\/rainbows\/?page_id=89"},"modified":"2024-06-27T19:14:54","modified_gmt":"2024-06-27T17:14:54","slug":"the-merchant-of-venice","status":"publish","type":"page","link":"https:\/\/www.edisco.it\/rainbows\/configurazione\/the-merchant-of-venice\/","title":{"rendered":"The Merchant of Venice"},"content":{"rendered":"<div><\/div>\n<div><em><span style=\"color: #(color);\"><span style=\"font-size: 11pt;\"><span style=\"font-family: verdana,geneva,sans-serif;\">a cura di J. Pignet<\/span><\/span><\/span><\/em><\/p>\n<p><span style=\"color: #000080;\"><span style=\"font-size: 14px;\"><strong><span style=\"font-family: verdana,geneva,sans-serif;\"><br \/>\nLevel B1<br \/>\n<\/span><\/strong><\/span><\/span><strong><span style=\"font-size: 11pt;\"><span style=\"font-family: verdana,geneva,sans-serif;\">volume + audio mp3<br \/>\n<\/span><\/span><\/strong><\/p>\n<\/div>\n<div><span style=\"font-size: 11pt;\"><span style=\"font-size: 11pt;\"><span style=\"font-family: verdana,geneva,sans-serif;\"><em>In order to help his friend Bassanio court beautiful and rich Portia, Antonio asks Shylock, the Jewish money-lender, for a loan. As he is unable to return the sum in the arranged time, Antonio is forced to accept the agreed terms: a pound of his flesh will be cut off by Shylock! But Portia, disguised as a young lawyer, will save him very cleverly.<\/em><br \/>\n<em>This famous Shakespearian play deals with several themes, such as racial hatred, love and friendship, which are developed at the end of each chapter.<\/em><\/span><\/span><\/span><\/p>\n<p><em>Teacher's Resources available online: Answer Key - Audioscripts - Key to Summing-up Activities.<\/em><\/p>\n<p>Per aiutare l'amico Bassanio a corteggiare la bella e ricca Porzia, Antonio chiede del denaro in prestito all'usuraio ebreo Shylock. Poich\u00e9 non sar\u00e0 in grado di restituire la cifra nei tempi stabiliti, dovr\u00e0 sottostare al patto stipulato con l'usuraio: il prelievo di una libbra di carne dal proprio corpo. Ma sar\u00e0 proprio Porzia, travestita da giovane avvocato, a salvarlo con astuzia e intelligenza.<br \/>\nQuesta famosa opera shakespeariana tratta diverse tematiche quali l'odio razziale, l'amore e l'amicizia, sviluppate nei dossier che arricchiscono il reader.<br \/>\n.<\/p>\n<div><\/div>\n<div id=\"fondinoazzurro\">\n<p><span style=\"font-size: 13.3333px;\"><img style=\"line-height: 23.1111px; width: 80px; height: 60px;\" src=\"https:\/\/www.edisco.it\/life-reflections\/wp-content\/uploads\/sites\/45\/2015\/04\/audio1.png\" alt=\"\" align=\"absMiddle\" \/> <\/span><a href=\"https:\/\/www.edisco.it\/rainbows\/configurazione\/the-merchant-of-venice\/the-merchant-of-venice-audiobook\/\" target=\"_blank\" rel=\"noopener\"><span style=\"font-size: 14pt;\"><strong><span style=\"font-family: verdana,geneva,sans-serif;\">Audiobook<\/span><\/strong><\/span><\/a><\/p>\n<\/div>\n<p id=\"fondinobianco\">.<\/p>\n<p><a href=\"https:\/\/www.edisco.it\/rainbows\/wp-content\/uploads\/sites\/82\/2016\/06\/the-merchant-of-venice_preview.pdf\" target=\"_blank\" rel=\"noopener noreferrer\"><img src=\"https:\/\/www.edisco.it\/a-caring-society\/wp-content\/uploads\/sites\/86\/2019\/09\/icona-PDF_60.png\" alt=\"\" align=\"absMiddle\" \/> <\/a><span style=\"font-family: verdana,geneva,sans-serif;\"><span style=\"font-size: 12pt;\"><a href=\"https:\/\/www.edisco.it\/rainbows\/wp-content\/uploads\/sites\/82\/2016\/06\/the-merchant-of-venice_preview.pdf\" target=\"_blank\" rel=\"noopener noreferrer\">The_Merchant_of_Venice_Anteprima.pdf<\/a> <\/span><\/span><\/p>\n<p style=\"text-align: center;\"><span style=\"font-family: verdana, geneva, sans-serif; font-size: 12pt;\"><strong><span style=\"color: #4786b5;\">Clicca sulla copertina per sfogliare l'anteprima<\/span><\/strong> <\/span><\/p>\n<div class=\"contenitore\"><a href=\"https:\/\/www.edisco.it\/anteprime\/rainbows\/the-merchant-of-venice\"><img class=\"flip\" src=\"https:\/\/www.edisco.it\/rainbows\/wp-content\/uploads\/sites\/82\/2023\/08\/the-merchant-of-venice.jpg\" width=\"600\" align=\"absmiddle\" \/><\/a><\/p>\n<\/div>\n<\/div>\n","protected":false},"excerpt":{"rendered":"<p>a cura di J. Pignet Level B1 volume + audio mp3 In order to help his friend Bassanio court beautiful and rich Portia, Antonio asks Shylock, the Jewish money-lender, for a loan. As he is unable to return the sum in the arranged time, Antonio is forced to accept the agreed terms: a pound of<\/p>\n","protected":false},"author":3,"featured_media":0,"parent":19,"menu_order":27,"comment_status":"closed","ping_status":"closed","template":"page-templates\/dettaglio_volume.php","meta":[],"acf":[],"_links":{"self":[{"href":"https:\/\/www.edisco.it\/rainbows\/wp-json\/wp\/v2\/pages\/89"}],"collection":[{"href":"https:\/\/www.edisco.it\/rainbows\/wp-json\/wp\/v2\/pages"}],"about":[{"href":"https:\/\/www.edisco.it\/rainbows\/wp-json\/wp\/v2\/types\/page"}],"author":[{"embeddable":true,"href":"https:\/\/www.edisco.it\/rainbows\/wp-json\/wp\/v2\/users\/3"}],"replies":[{"embeddable":true,"href":"https:\/\/www.edisco.it\/rainbows\/wp-json\/wp\/v2\/comments?post=89"}],"version-history":[{"count":16,"href":"https:\/\/www.edisco.it\/rainbows\/wp-json\/wp\/v2\/pages\/89\/revisions"}],"predecessor-version":[{"id":1762,"href":"https:\/\/www.edisco.it\/rainbows\/wp-json\/wp\/v2\/pages\/89\/revisions\/1762"}],"up":[{"embeddable":true,"href":"https:\/\/www.edisco.it\/rainbows\/wp-json\/wp\/v2\/pages\/19"}],"wp:attachment":[{"href":"https:\/\/www.edisco.it\/rainbows\/wp-json\/wp\/v2\/media?parent=89"}],"curies":[{"name":"wp","href":"https:\/\/api.w.org\/{rel}","templated":true}]}}