{"id":91,"date":"2015-02-18T21:09:07","date_gmt":"2015-02-18T20:09:07","guid":{"rendered":"https:\/\/www.edisco.it\/rainbows\/?page_id=91"},"modified":"2024-07-19T14:32:11","modified_gmt":"2024-07-19T12:32:11","slug":"dracula","status":"publish","type":"page","link":"https:\/\/www.edisco.it\/rainbows\/configurazione\/dracula\/","title":{"rendered":"Dracula"},"content":{"rendered":"<div>&nbsp;<\/div>\n<div><em><span style=\"color: #(color);\"><span style=\"font-size: 11pt;\"><span style=\"font-family: verdana,geneva,sans-serif;\">a cura di L. Giolitti e M. Sillitti<\/span><\/span><\/span><\/em>&nbsp;<\/p>\n<p><span style=\"color: #000080;\"><span style=\"font-size: 14px;\"><strong><span style=\"font-family: verdana,geneva,sans-serif;\"><br \/>\nLevel B1<br \/>\n<\/span><\/strong><\/span><\/span><strong><span style=\"font-size: 11pt;\"><span style=\"font-family: verdana,geneva,sans-serif;\">volume + audio mp3<br \/>\n<\/span><\/span><\/strong><\/p>\n<\/div>\n<div><span style=\"font-size: 11pt;\"><span style=\"font-size: 11pt;\"><span style=\"font-family: verdana,geneva,sans-serif;\"><br \/>\n<em>A young solicitor goes to Transylvania to sell a house in London to Count Dracula. It is the beginning of troubles, both for himself and his dear ones. A group of friends, however, led by Prof. Van Helsing - an expert in occultism and magic arts - engage in a fight to the death to defeat the terrible vampire.<\/em><br \/>\n<em>Dracula (1897) can be considered the last of the great gothic novels in which Bram Stoker revives the myth of the vampire and creates a novel with gloomy and sinister atmospheres, where fear, terror and horror are the prevailing feelings.<\/em><br \/>\n<em>Stimulating inserts about the origins of Dracula, bats, Transylvania, theatre and cinema performances on the subject enrich the book.<\/em><\/span><\/span><\/span>&nbsp;<\/p>\n<p><em>Teacher's Resources available online: Answer Key - Audioscripts - Key to Summing-up Activities.<\/em><\/p>\n<p>Un giovane agente immobiliare si reca in Transilvania per vendere una casa londinese al Conte Dracula. \u00c8 l'inizio delle sue pene e di quelle delle persone a lui pi\u00f9 care. Dracula (1897) pu\u00f2 essere considerato l'ultimo tra i grandi romanzi gotici. Bram Stoker riprende il mito del vampiro e realizza un romanzo dalle atmosfere oscure dove paura, terrore e orrore sono i sentimenti prevalenti.<br \/>\nCorredato da dossiers sulle origini di Dracula, sui vampiri veri e presunti, sui luoghi dei misfatti come la Transilvania e sulla ricca filmografia.<\/p>\n<div>&nbsp;<\/div>\n<div id=\"fondinoazzurro\">\n<p><a href=\"https:\/\/www.edisco.it\/rainbows\/configurazione\/dracula\/audio\/\" target=\"_blank\" rel=\"noopener noreferrer\"><span style=\"font-size: 13.3333px;\"><img style=\"line-height: 23.1111px; width: 80px; height: 60px;\" src=\"https:\/\/www.edisco.it\/life-reflections\/wp-content\/uploads\/sites\/45\/2015\/04\/audio1.png\" alt=\"\" align=\"absMiddle\"> <\/span><span style=\"font-size: 14pt;\"><strong><span style=\"font-family: verdana,geneva,sans-serif;\">Audiobook<\/span><\/strong><\/span><\/a><\/p>\n<\/div>\n<div>&nbsp;<\/div>\n<div>&nbsp;<\/div>\n<p><a href=\"https:\/\/www.edisco.it\/rainbows\/wp-content\/uploads\/sites\/82\/2016\/06\/dracula_preview.pdf\" target=\"_blank\" rel=\"noopener noreferrer\"><img src=\"https:\/\/www.edisco.it\/a-caring-society\/wp-content\/uploads\/sites\/86\/2019\/09\/icona-PDF_60.png\" alt=\"\" align=\"absMiddle\"> <\/a><span style=\"font-family: verdana,geneva,sans-serif;\"><span style=\"font-size: 12pt;\"><a href=\"https:\/\/www.edisco.it\/rainbows\/wp-content\/uploads\/sites\/82\/2016\/06\/dracula_preview.pdf\" target=\"_blank\" rel=\"noopener noreferrer\">Dracula_Anteprima.pdf<\/a> <\/span><\/span><\/p>\n<p style=\"text-align: center;\"><span style=\"font-family: verdana, geneva, sans-serif; font-size: 12pt;\"><strong><span style=\"color: #4786b5;\">Clicca sulla copertina per sfogliare l'anteprima<\/span><\/strong> <\/span><\/p>\n<div class=\"contenitore\"><a href=\"https:\/\/www.edisco.it\/anteprime\/rainbows\/dracula\"><img class=\"flip\" src=\"https:\/\/www.edisco.it\/rainbows\/wp-content\/uploads\/sites\/82\/2023\/07\/dracula-cop.jpg\" width=\"600\" align=\"absmiddle\"><\/a>&nbsp;<\/p>\n<\/div>\n<\/div>\n","protected":false},"excerpt":{"rendered":"<p>&nbsp; a cura di L. Giolitti e M. Sillitti&nbsp; Level B1 volume + audio mp3 A young solicitor goes to Transylvania to sell a house in London to Count Dracula. It is the beginning of troubles, both for himself and his dear ones. A group of friends, however, led by Prof. Van Helsing &#8211; an<\/p>\n","protected":false},"author":3,"featured_media":0,"parent":19,"menu_order":28,"comment_status":"closed","ping_status":"closed","template":"page-templates\/dettaglio_volume.php","meta":[],"acf":[],"_links":{"self":[{"href":"https:\/\/www.edisco.it\/rainbows\/wp-json\/wp\/v2\/pages\/91"}],"collection":[{"href":"https:\/\/www.edisco.it\/rainbows\/wp-json\/wp\/v2\/pages"}],"about":[{"href":"https:\/\/www.edisco.it\/rainbows\/wp-json\/wp\/v2\/types\/page"}],"author":[{"embeddable":true,"href":"https:\/\/www.edisco.it\/rainbows\/wp-json\/wp\/v2\/users\/3"}],"replies":[{"embeddable":true,"href":"https:\/\/www.edisco.it\/rainbows\/wp-json\/wp\/v2\/comments?post=91"}],"version-history":[{"count":15,"href":"https:\/\/www.edisco.it\/rainbows\/wp-json\/wp\/v2\/pages\/91\/revisions"}],"predecessor-version":[{"id":1682,"href":"https:\/\/www.edisco.it\/rainbows\/wp-json\/wp\/v2\/pages\/91\/revisions\/1682"}],"up":[{"embeddable":true,"href":"https:\/\/www.edisco.it\/rainbows\/wp-json\/wp\/v2\/pages\/19"}],"wp:attachment":[{"href":"https:\/\/www.edisco.it\/rainbows\/wp-json\/wp\/v2\/media?parent=91"}],"curies":[{"name":"wp","href":"https:\/\/api.w.org\/{rel}","templated":true}]}}