{"id":99,"date":"2015-02-18T21:16:21","date_gmt":"2015-02-18T20:16:21","guid":{"rendered":"https:\/\/www.edisco.it\/rainbows\/?page_id=99"},"modified":"2024-09-03T10:29:52","modified_gmt":"2024-09-03T08:29:52","slug":"wuthering-heights","status":"publish","type":"page","link":"https:\/\/www.edisco.it\/rainbows\/configurazione\/wuthering-heights\/","title":{"rendered":"Wuthering Heights"},"content":{"rendered":"<div>&nbsp;<\/div>\n<div><span style=\"font-family: verdana, geneva, sans-serif; font-size: 11pt;\"> <em>A cura di Annabel Pope<\/em><\/span>&nbsp;<\/p>\n<p><span style=\"color: #000080; font-family: verdana, geneva, sans-serif; font-size: 11pt;\"><strong>Level B2<br \/>\n<\/strong><\/span><span style=\"font-family: verdana, geneva, sans-serif; font-size: 11pt;\"><strong>volume + audio mp3<br \/>\n<\/strong><\/span><\/p>\n<\/div>\n<div><span style=\"font-size: 11pt; font-family: verdana, geneva, sans-serif;\"><span style=\"font-size: 11pt; font-family: verdana, geneva, sans-serif;\"> <em>Wuthering Heights is considered to be one of the greatest works in English literature because of its plot, the gallery of characters which spans two generations, the Gothic element and its sentimental and psychological aspects. <\/em><br \/>\n<em>It is the disturbing story of an impossible love from the first childish games on the Yorkshire moors up to Cathy\u2019s death and beyond, in a desperate pursuit of love which transcends life. Grudges, wickedness and cruel revenge, together with bursts of human generosity and passion, all take place inside or not far away from the main character of this novel: the house, i.e. \u201cWuthering Heights\u201d. <\/em><br \/>\n<em>The numerous in-depth analyses are about the Bront\u00eb sisters, the setting of the story, the writer\u2019s poetry, music and works of art inspired by Wuthering Heights, its adaptations for cinema, and the Gothic element present in the novel.<\/em><\/span><\/span>&nbsp;<\/p>\n<div id=\"fondinoazzurro\">\n<p><span style=\"font-size: 13.3333px;\"><img style=\"line-height: 23.1111px; width: 80px; height: 60px;\" src=\"https:\/\/www.edisco.it\/life-reflections\/wp-content\/uploads\/sites\/45\/2015\/04\/audio1.png\" alt=\"\" align=\"absMiddle\"> <\/span><a href=\"https:\/\/www.edisco.it\/rainbows\/configurazione\/wuthering-heights\/audiobook\/\" target=\"_blank\" rel=\"noopener\"><span style=\"font-size: 14pt;\"><strong><span style=\"font-family: verdana,geneva,sans-serif;\">Audiobook<\/span><\/strong><\/span><\/a><\/p>\n<\/div>\n<p id=\"fondinobianco\">&nbsp;<\/p>\n<p><em>Teacher's Resources available online: Answer Key - Transcripts - Summing-up Activities<\/em><\/p>\n<p>Wuthering Heights di Emily Bront\u00eb \u00e8 considerata una delle pi\u00f9 grandi opere della letteratura inglese.<br \/>\n\u00c8 la storia inquietante di un amore impossibile. Rancori, perfidie e vendette crudeli accanto a slanci di umana partecipazione si svolgono tutti dentro o poco distanti dal protagonista assoluto del romanzo: la casa, chiamata \u201cWuthering Heights\u201d.<br \/>\nI numerosi approfondimenti vertono su Emily e le sorelle Bront\u00eb, la poesia dell\u2019autrice, i film e la musica e la tematica gotica che il romanzo ha ispirato.<\/p>\n<\/div>\n<p><a href=\"https:\/\/www.edisco.it\/rainbows\/wp-content\/uploads\/sites\/82\/2016\/07\/wuteringheightspre.pdf\" target=\"_blank\" rel=\"noopener noreferrer\"><img src=\"https:\/\/www.edisco.it\/a-caring-society\/wp-content\/uploads\/sites\/86\/2019\/09\/icona-PDF_60.png\" alt=\"\" align=\"absMiddle\"> <\/a><span style=\"font-family: verdana,geneva,sans-serif;\"><span style=\"font-size: 12pt;\"><a href=\"https:\/\/www.edisco.it\/rainbows\/wp-content\/uploads\/sites\/82\/2016\/07\/wuteringheightspre.pdf\" target=\"_blank\" rel=\"noopener noreferrer\">Wuthering_Heights_Anteprima.pdf<\/a> <\/span><\/span><\/p>\n<p style=\"text-align: center;\"><span style=\"font-family: verdana, geneva, sans-serif; font-size: 12pt;\"><strong><span style=\"color: #4786b5;\">Clicca sulla copertina per sfogliare l'anteprima<\/span><\/strong> <\/span><\/p>\n<div class=\"contenitore\"><a href=\"https:\/\/www.edisco.it\/anteprime\/rainbows\/wuthering-heights\"><img class=\"flip\" src=\"https:\/\/www.edisco.it\/rainbows\/wp-content\/uploads\/sites\/82\/2023\/09\/wuthering-heights-cop.jpg\" width=\"600\" align=\"absmiddle\"><\/a>&nbsp;<\/p>\n<\/div>\n","protected":false},"excerpt":{"rendered":"<p>&nbsp; A cura di Annabel Pope&nbsp; Level B2 volume + audio mp3 Wuthering Heights is considered to be one of the greatest works in English literature because of its plot, the gallery of characters which spans two generations, the Gothic element and its sentimental and psychological aspects. It is the disturbing story of an impossible<\/p>\n","protected":false},"author":3,"featured_media":0,"parent":19,"menu_order":31,"comment_status":"closed","ping_status":"closed","template":"page-templates\/dettaglio_volume.php","meta":[],"acf":[],"_links":{"self":[{"href":"https:\/\/www.edisco.it\/rainbows\/wp-json\/wp\/v2\/pages\/99"}],"collection":[{"href":"https:\/\/www.edisco.it\/rainbows\/wp-json\/wp\/v2\/pages"}],"about":[{"href":"https:\/\/www.edisco.it\/rainbows\/wp-json\/wp\/v2\/types\/page"}],"author":[{"embeddable":true,"href":"https:\/\/www.edisco.it\/rainbows\/wp-json\/wp\/v2\/users\/3"}],"replies":[{"embeddable":true,"href":"https:\/\/www.edisco.it\/rainbows\/wp-json\/wp\/v2\/comments?post=99"}],"version-history":[{"count":10,"href":"https:\/\/www.edisco.it\/rainbows\/wp-json\/wp\/v2\/pages\/99\/revisions"}],"predecessor-version":[{"id":1823,"href":"https:\/\/www.edisco.it\/rainbows\/wp-json\/wp\/v2\/pages\/99\/revisions\/1823"}],"up":[{"embeddable":true,"href":"https:\/\/www.edisco.it\/rainbows\/wp-json\/wp\/v2\/pages\/19"}],"wp:attachment":[{"href":"https:\/\/www.edisco.it\/rainbows\/wp-json\/wp\/v2\/media?parent=99"}],"curies":[{"name":"wp","href":"https:\/\/api.w.org\/{rel}","templated":true}]}}