{"id":10,"date":"2016-03-21T12:57:46","date_gmt":"2016-03-21T11:57:46","guid":{"rendered":"https:\/\/www.edisco.it\/shades-and-shapes\/?page_id=10"},"modified":"2023-03-29T10:51:39","modified_gmt":"2023-03-29T08:51:39","slug":"scheda-dellopera","status":"publish","type":"page","link":"https:\/\/www.edisco.it\/shades-and-shapes\/","title":{"rendered":"Scheda dell&#8217;opera"},"content":{"rendered":"<div id=\"fondopagina\">\n<p><span style=\"font-family: 'Pridi'; font-size: 17pt; color: #31476c; font-weight: 200;\"><strong>L\u2019argomento<\/strong><\/span><br \/>\n<span style=\"font-size: 12pt; font-family: OpenSans; font-weight: 400;\"> <em><strong>Shades and Shapes<\/strong><\/em> \u00e8 rivolto agli studenti del 2\u00b0 Biennio e del 5\u00b0 anno del <strong>Liceo Artistico<\/strong>. <\/span><br \/>\n<span style=\"font-size: 12pt; font-family: OpenSans; font-weight: 400;\"> I contenuti sono stati ordinati secondo criteri di graduale complessit\u00e0 concettuale e linguistica e vengono esplorati utilizzando le quattro abilit\u00e0 in modo omogeneo ed integrato.<br \/>\nI brani offrono un assortimento di stili, registri e livelli di difficolt\u00e0 e sono tratti da fonti diverse: giornali, riviste e manuali specialistici, materiale promozionale e siti Internet.<\/span><\/p>\n<p><span style=\"font-family: 'Pridi'; font-size: 17pt; color: #31476c; font-weight: 200;\"><strong><br \/>\nLa struttura<\/strong><\/span><br \/>\n<span style=\"font-size: 12pt; font-family: OpenSans; font-weight: 400;\"> <span style=\"font-size: 12pt; font-family: OpenSans; font-weight: 400;\"><em><strong>Shades and Shapes<\/strong><\/em> \u00e8 diviso in <strong>sei Moduli<\/strong>, ognuno dei quali \u00e8 ripartito in due sezioni:<\/span><\/span><\/p>\n<p><span style=\"font-family: 'Pridi'; font-size: 15pt; color: #31476c; font-weight: 200;\"><strong>1 \u2013 Content Section<\/strong><\/span><span style=\"font-size: 12pt; font-family: OpenSans; font-weight: 400;\"> \u2013 Divisa in <strong>Unit\u00e0<\/strong>, contiene testi e attivit\u00e0 che riguardano i contenuti specifici della specializzazione gi\u00e0 affrontati in L1.<br \/>\n<\/span><span style=\"font-size: 12pt; font-family: OpenSans; font-weight: 400;\"> Ogni Unit\u00e0 \u00e8 suddivisa in brevi <strong>Capitoli<\/strong> per favorire non solo uno studio pi\u00f9 parcellizzato, ma anche la scelta antologica da parte dell\u2019insegnante.<\/span><br \/>\n<span style=\"font-size: 12pt; font-family: OpenSans; font-weight: 400;\"> I testi vengono affrontati in modo graduale, attraverso esercizi di Before Reading, While Reading, esplorazione del lessico specialistico, comprensione scritta e\/o orale, globale e specifica. Brevi <strong>schede di approfondimento<\/strong>, denominate <em>Moving Deeper<\/em>, permettono di ampliare le conoscenze sull\u2019argomento.<\/span><br \/>\n<span style=\"font-size: 12pt; font-family: OpenSans; font-weight: 400;\"> Un ricco <strong>apparato iconografico<\/strong> correda i brani di lettura, per ognuno dei quali \u00e8 previsto un esauriente <strong>glossario<\/strong>.<\/span><\/p>\n<p><span style=\"font-family: 'Pridi'; font-size: 15pt; color: #31476c; font-weight: 200;\"><strong>2 \u2013 Revision and Practice<\/strong><\/span> \u2013 Si occupa di contenuti inerenti alla disciplina ponendo particolare attenzione all\u2019arricchimento lessicale, strutturale e allo sviluppo delle quattro abilit\u00e0 linguistiche. Presenta le seguenti ripartizioni:<br \/>\n<span style=\"font-size: 12pt; font-family: OpenSans; font-weight: 400;\"> \u2022 <strong>Vocabulary<\/strong>. Comprende specifiche attivit\u00e0 per il conseguimento del lessico specialistico pi\u00f9 importante del Modulo.<\/span><br \/>\n<span style=\"font-size: 12pt; font-family: OpenSans; font-weight: 400;\"> Costituisce anche uno strumento che pu\u00f2 essere utilizzato come rinforzo e ripasso degli argomenti del Modulo.<\/span><br \/>\n<span style=\"font-size: 12pt; font-family: OpenSans; font-weight: 400;\"> \u2022 <strong>Grammar<\/strong>. Propone il ripasso e il rinforzo delle strutture morfosintattiche pi\u00f9 ricorrenti nel linguaggio settoriale.<\/span><br \/>\n<span style=\"font-size: 12pt; font-family: OpenSans; font-weight: 400;\"> \u2022 <strong>Communication<\/strong>. Offre testi e attivit\u00e0 di consolidamento dei contenuti appresi per sviluppare le quattro abilit\u00e0 linguistiche: Reading \u2013 Listening \u2013 Speaking \u2013 Writing.<\/span><br \/>\n<span style=\"font-size: 12pt; font-family: OpenSans; font-weight: 400;\"> \u2022 <strong>CLIL<\/strong>. Alla fine di ogni Modulo \u00e8 presente un CLIL CORNER che si collega alle tematiche presentate in alcune delle discipline curriculari (Letteratura, Storia, Filosofia, Chimica, Fisica, Matematica), ognuna delle quali viene collegata con uno o pi\u00f9 argomenti del Modulo.<\/span><\/p>\n<p><span style=\"font-family: 'Pridi'; font-size: 17pt; color: #31476c; font-weight: 200;\"><strong><br \/>\nMateriali integrativi<\/strong><\/span><br \/>\n<span style=\"font-size: 12pt; font-family: OpenSans; font-weight: 400;\"> \u2022 <strong>TEACHER\u2019S GUIDE<\/strong>. Con le chiavi di soluzione degli esercizi, gli audioscripts delle attivit\u00e0 di ascolto, note e procedure didattiche, prove di verifica collegate ai singoli Moduli e simulazioni della Terza Prova dell\u2019Esame di Stato.<br \/>\n\u2022 <strong>CD AUDIO FORMATO MP3<\/strong>. Registrato con l\u2019impiego di speakers madrelingua, contiene le attivit\u00e0 di ascolto.<br \/>\n\u2022 <strong>ONLINE RESOURCES<\/strong>. Sul sito web della Casa Editrice \u00e8 disponibile una vasta quantit\u00e0 di espansioni online a completamento e potenziamento del testo.<\/span><\/p>\n<\/div>\n<div><\/div>\n<div class=\"centra\">\n<p><span style=\"font-family: verdana, geneva, sans-serif; font-size: 12pt;\"><a href=\"https:\/\/www.edisco.it\/shades-and-shapes\/wp-content\/uploads\/sites\/89\/2016\/03\/SHADES_AND_SHAPES_Relazione_per_l_adozione.pdf\" target=\"_blank\" rel=\"noopener noreferrer\"><img style=\"line-height: 23.1111116872559px;\" src=\"https:\/\/www.edisco.it\/a-caring-society\/wp-content\/uploads\/sites\/86\/2019\/09\/icona-PDF_60.png\" alt=\"\" align=\"absMiddle\" \/><br \/>\nSHADES AND SHAPES<br \/>\nRelazione per l'adozione.pdf<\/a><\/span><\/p>\n<p><span style=\"font-family: verdana, geneva, sans-serif; font-size: 12pt;\"><a href=\"https:\/\/www.edisco.it\/materiali\/proposte-adozione\/2016\/SHADES_AND_SHAPES_Relazione_per_l_adozione.rtf\" target=\"_blank\" rel=\"noopener noreferrer\"><img style=\"line-height: 23.1111px;\" src=\"https:\/\/www.edisco.it\/il-colore-delle-parole\/wp-content\/uploads\/sites\/66\/2015\/04\/icona-Word_60.png\" alt=\"\" align=\"absMiddle\" \/><br \/>\nSHADES AND SHAPES<br \/>\nRelazione per l'adozione.rtf<\/a><\/span><\/p>\n<\/div>\n<div><\/div>\n","protected":false},"excerpt":{"rendered":"<p>L\u2019argomento Shades and Shapes \u00e8 rivolto agli studenti del 2\u00b0 Biennio e del 5\u00b0 anno del Liceo Artistico. I contenuti sono stati ordinati secondo criteri di graduale complessit\u00e0 concettuale e linguistica e vengono esplorati utilizzando le quattro abilit\u00e0 in modo omogeneo ed integrato. I brani offrono un assortimento di stili, registri e livelli di difficolt\u00e0<\/p>\n","protected":false},"author":3,"featured_media":0,"parent":0,"menu_order":1,"comment_status":"closed","ping_status":"closed","template":"page-templates\/scheda_opera.php","meta":[],"acf":[],"_links":{"self":[{"href":"https:\/\/www.edisco.it\/shades-and-shapes\/wp-json\/wp\/v2\/pages\/10"}],"collection":[{"href":"https:\/\/www.edisco.it\/shades-and-shapes\/wp-json\/wp\/v2\/pages"}],"about":[{"href":"https:\/\/www.edisco.it\/shades-and-shapes\/wp-json\/wp\/v2\/types\/page"}],"author":[{"embeddable":true,"href":"https:\/\/www.edisco.it\/shades-and-shapes\/wp-json\/wp\/v2\/users\/3"}],"replies":[{"embeddable":true,"href":"https:\/\/www.edisco.it\/shades-and-shapes\/wp-json\/wp\/v2\/comments?post=10"}],"version-history":[{"count":14,"href":"https:\/\/www.edisco.it\/shades-and-shapes\/wp-json\/wp\/v2\/pages\/10\/revisions"}],"predecessor-version":[{"id":212,"href":"https:\/\/www.edisco.it\/shades-and-shapes\/wp-json\/wp\/v2\/pages\/10\/revisions\/212"}],"wp:attachment":[{"href":"https:\/\/www.edisco.it\/shades-and-shapes\/wp-json\/wp\/v2\/media?parent=10"}],"curies":[{"name":"wp","href":"https:\/\/api.w.org\/{rel}","templated":true}]}}