{"id":40,"date":"2014-09-08T21:03:56","date_gmt":"2014-09-08T19:03:56","guid":{"rendered":"https:\/\/www.edisco.it\/tecnologie-chimiche-industriali\/?page_id=40"},"modified":"2023-06-21T12:24:13","modified_gmt":"2023-06-21T10:24:13","slug":"volume-3","status":"publish","type":"page","link":"https:\/\/www.edisco.it\/tecnologie-chimiche-industriali\/scheda-dellopera\/volume-3\/","title":{"rendered":"Volume 3"},"content":{"rendered":"<p><span style=\"font-size: 12px;\"><span style=\"font-family: verdana,geneva,sans-serif;\">La nuova edizione del <em>terzo volume <\/em>completa il rinnovamento dell\u2019opera iniziato con i primi due volumi.<\/p>\n<p> I contenuti sono stati aggiornati alle necessit\u00e0 dei nuovi programmi. La trattazione teorica dei vari argomenti \u00e8 completata da <strong>esempi svolti<\/strong> che guidano progressivamente alla acquisizione delle adeguate competenze pratiche.<br \/> Gli esempi svolti e gli esercizi di fine capitolo adottano definitivamente il Sistema Internazionale delle unit\u00e0 di misura ed il livello di difficolt\u00e0 \u00e8 coerente con i temi proposti agli Esami di Stato.<\/p>\n<p> Le premesse teoriche e le basi scientifiche sono trattate in totale sincronia con le relative applicazioni tecniche. Per quanto riguarda le produzioni industriali, sono stati aggiornati i dati e sono stati considerati gli sviluppi tecnologici, le tecnologie introdotte, i nuovi scenari economici e ambientali relativi ad un settore sempre in tumultuoso sviluppo.<br \/> Il testo \u00e8 completato di una ricca sezione di <strong>appendici <\/strong>per il reperimento di informazioni e dati tecnici specifici per l\u2019approccio ai problemi tecnici.<br \/> Un <strong>dizionario tecnico<\/strong> dei termini tecnici specifici aiuta alla immersione linguistica e ad un ottimale sfruttamento della rete per reperire risorse e informazioni.<\/p>\n<p> SOMMARIO: Controlli automatici \u2013 Equilibri liquido vapore \u2013 Distillazione \u2013 Assorbimento e strippaggio \u2013 Estrazione \u2013 Industria petrolifera \u2013 Industria petrolchimica \u2013 Materiali polimerici \u2013 Principi di biotecnologia \u2013 Processi biotecnologici \u2013 Energia e ambiente \u2013 Sicurezza e Hazard Operability<\/span><\/span><\/p>\n<p> \u00a0<\/p>\n","protected":false},"excerpt":{"rendered":"<p>La nuova edizione del terzo volume completa il rinnovamento dell\u2019opera iniziato con i primi due volumi. I contenuti sono stati aggiornati alle necessit\u00e0 dei nuovi programmi. La trattazione teorica dei vari argomenti \u00e8 completata da esempi svolti che guidano progressivamente alla acquisizione delle adeguate competenze pratiche. Gli esempi svolti e gli esercizi di fine capitolo<\/p>\n","protected":false},"author":3,"featured_media":0,"parent":25,"menu_order":2,"comment_status":"closed","ping_status":"closed","template":"page-templates\/secondary_page.php","meta":[],"acf":[],"_links":{"self":[{"href":"https:\/\/www.edisco.it\/tecnologie-chimiche-industriali\/wp-json\/wp\/v2\/pages\/40"}],"collection":[{"href":"https:\/\/www.edisco.it\/tecnologie-chimiche-industriali\/wp-json\/wp\/v2\/pages"}],"about":[{"href":"https:\/\/www.edisco.it\/tecnologie-chimiche-industriali\/wp-json\/wp\/v2\/types\/page"}],"author":[{"embeddable":true,"href":"https:\/\/www.edisco.it\/tecnologie-chimiche-industriali\/wp-json\/wp\/v2\/users\/3"}],"replies":[{"embeddable":true,"href":"https:\/\/www.edisco.it\/tecnologie-chimiche-industriali\/wp-json\/wp\/v2\/comments?post=40"}],"version-history":[{"count":2,"href":"https:\/\/www.edisco.it\/tecnologie-chimiche-industriali\/wp-json\/wp\/v2\/pages\/40\/revisions"}],"predecessor-version":[{"id":269,"href":"https:\/\/www.edisco.it\/tecnologie-chimiche-industriali\/wp-json\/wp\/v2\/pages\/40\/revisions\/269"}],"up":[{"embeddable":true,"href":"https:\/\/www.edisco.it\/tecnologie-chimiche-industriali\/wp-json\/wp\/v2\/pages\/25"}],"wp:attachment":[{"href":"https:\/\/www.edisco.it\/tecnologie-chimiche-industriali\/wp-json\/wp\/v2\/media?parent=40"}],"curies":[{"name":"wp","href":"https:\/\/api.w.org\/{rel}","templated":true}]}}