{"id":10,"date":"2024-01-31T14:27:42","date_gmt":"2024-01-31T13:27:42","guid":{"rendered":"https:\/\/www.edisco.it\/the-green-planet\/?page_id=10"},"modified":"2024-10-25T13:58:03","modified_gmt":"2024-10-25T11:58:03","slug":"scheda-dellopera","status":"publish","type":"page","link":"https:\/\/www.edisco.it\/the-green-planet\/","title":{"rendered":"Scheda dell&#8217;opera"},"content":{"rendered":"<p><span style=\"font-family: 'Pridi'; font-size: 17pt; color: #31476c; font-weight: 200;\"><strong>L\u2019argomento<\/strong><\/span><br \/>\n<span style=\"font-size: 12pt; font-family: OpenSans; font-weight: 400;\"><em>The Green Planet<\/em>&nbsp;\u00e8 rivolto in particolare agli studenti dei corsi a indirizzo Agrario, Agroalimentare, Agroindustria e per i Servizi per l\u2019Agricoltura e lo Sviluppo rurale; pi\u00f9 in generale, a coloro che hanno l\u2019esigenza di utilizzare la lingua inglese come strumento di studio e\/o di lavoro in questi settori.<\/span><\/p>\n<p><span style=\"font-size: 12pt; font-family: OpenSans; font-weight: 400;\">I contenuti sono ordinati secondo criteri di graduale complessit\u00e0 concettuale e linguistica e vengono esplorati utilizzando le quattro abilit\u00e0 in modo omogeneo e integrato. I brani offrono un assortimento di stili, registri e livelli di difficolt\u00e0.<\/span><\/p>\n<p><span style=\"font-family: 'Pridi'; font-size: 17pt; color: #31476c; font-weight: 200;\"><strong>La struttura<\/strong><\/span><br \/>\n<span style=\"font-size: 12pt; font-family: OpenSans; font-weight: 400;\"><em>The Green Planet<\/em> \u00e8 diviso in sei Moduli, ognuno dei quali \u00e8 ripartito in un numero variabile di Unit\u00e0.<\/span><\/p>\n<p><span style=\"font-size: 12pt; font-family: OpenSans; font-weight: 400;\">Ogni Unit\u00e0 \u00e8 suddivisa in brevi Capitoli su due pagine \u2013 teoria ed esercizi \u2013 per favorire uno studio pi\u00f9 parcellizzato e la scelta antologica da parte dell\u2019insegnante. Brevi link (curiosit\u00e0, ampliamenti, rimandi, attivit\u00e0 o mini-approfondimenti) arricchiscono i brani per consentire una maggiore interattivit\u00e0. Un ricco apparato iconografico correda i brani di lettura, per ognuno dei quali \u00e8 previsto un esauriente glossario.<\/span><\/p>\n<p><span style=\"font-size: 12pt; font-family: OpenSans; font-weight: 400;\">Al termine di ogni Unit\u00e0 \u00e8 presente la seguente sezione:<\/span><\/p>\n<ul>\n<li><strong>Mapping your mind<\/strong>: Mappa riepilogativa.<\/li>\n<\/ul>\n<p><span style=\"font-size: 12pt; font-family: OpenSans; font-weight: 400;\">Alla fine dei primi sei Moduli, il testo propone ulteriori attivit\u00e0:<\/span><\/p>\n<ul>\n<li><strong>Vocabulary<\/strong>: Esercizi di revisione e consolidamento;<\/li>\n<li><strong>Real-life skills<\/strong>: Compiti di realt\u00e0 e collaborativi, lavori di gruppo con un taglio di tipo pratico calato nella realt\u00e0;<\/li>\n<li><strong>Case study<\/strong>: Argomento di attualit\u00e0 corredato di esercizi mirati all\u2019approfondimento e alla discussione;<\/li>\n<li><strong>Clip<\/strong>: Breve clip tratta da film o documentari attinenti agli argomenti del Modulo;<\/li>\n<li><strong>Debate time<\/strong>: Spunti tratti da articoli giornalistici che stimolano riflessioni legate all\u2019educazione civica secondo la tecnica del Debate.<\/li>\n<\/ul>\n<p><span style=\"font-family: 'Pridi'; font-size: 17pt; color: #31476c; font-weight: 200;\"><strong>Contenuti digitali integrativi<\/strong><\/span><\/p>\n<ul>\n<li>Testi per attivit\u00e0 di approfondimento<\/li>\n<li>Testi per attivit\u00e0 cross-curricolari<\/li>\n<li>Audio in formato mp3 delle attivit\u00e0 di ascolto<\/li>\n<li>Video per attivit\u00e0 di listening e speaking<\/li>\n<li>Esempio di prova INVALSI<\/li>\n<li>Test BES in formato editabile<\/li>\n<\/ul>\n<p><span style=\"font-family: 'Pridi'; font-size: 17pt; color: #31476c; font-weight: 200;\"><strong>Teacher\u2019s Book<\/strong>. Disponibile sia in formato cartaceo sia digitale.<\/span><\/p>\n<ul>\n<li>Programmazione didattica \/ Piano di lavoro<\/li>\n<li>Didattica inclusiva e BES<\/li>\n<li>Test di verifica di tutti i Moduli e le Unit\u00e0, in formato editabile<\/li>\n<li>Materiali per la preparazione dell\u2019esame di Stato<\/li>\n<li>Soluzioni di tutti gli esercizi e dei test<\/li>\n<li><em>Audioscript<\/em>&nbsp;delle attivit\u00e0 di ascolto e dei video<\/li>\n<li>Agenda 2030<\/li>\n<\/ul>\n<div class=\"centra\">\n<p><span style=\"font-family: verdana, geneva, sans-serif; font-size: 12pt;\"><a href=\"https:\/\/www.edisco.it\/the-green-planet\/wp-content\/uploads\/sites\/117\/2024\/03\/The_Green_Planet_Relazione_per_l_adozione.pdf\" target=\"_blank\" rel=\"noopener noreferrer\"><img src=\"https:\/\/www.edisco.it\/a-caring-society\/wp-content\/uploads\/sites\/86\/2019\/09\/icona-PDF_60.png\" alt=\"\" align=\"absMiddle\"><\/a> <a href=\"https:\/\/www.edisco.it\/the-green-planet\/wp-content\/uploads\/sites\/117\/2024\/03\/The_Green_Planet_Relazione_per_l_adozione.pdf\" target=\"_blank\" rel=\"noopener noreferrer\"><br \/>\nTHE GREEN PLANET<br \/>\nRelazione per l'adozione.pdf<\/a><\/span><\/p>\n<p><span style=\"font-size: 12pt;\"><span style=\"font-family: verdana, geneva, sans-serif;\"><a href=\"https:\/\/www.edisco.it\/materiali\/proposte-adozione\/2024\/The_Green_Planet_Relazione_per_l_adozione.rtf\"><img style=\"line-height: 23.1111px;\" src=\"https:\/\/www.edisco.it\/il-colore-delle-parole\/wp-content\/uploads\/sites\/66\/2015\/04\/icona-Word_60.png\" alt=\"\" align=\"absMiddle\"><\/a> <a href=\"https:\/\/www.edisco.it\/materiali\/proposte-adozione\/2024\/The_Green_Planet_Relazione_per_l_adozione.rtf\"><br \/>\nTHE GREEN PLANET<br \/>\nRelazione per l'adozione.rtf<\/a><\/span><\/span><\/p>\n<\/div>\n","protected":false},"excerpt":{"rendered":"<p>L\u2019argomento The Green Planet&nbsp;\u00e8 rivolto in particolare agli studenti dei corsi a indirizzo Agrario, Agroalimentare, Agroindustria e per i Servizi per l\u2019Agricoltura e lo Sviluppo rurale; pi\u00f9 in generale, a coloro che hanno l\u2019esigenza di utilizzare la lingua inglese come strumento di studio e\/o di lavoro in questi settori. I contenuti sono ordinati secondo criteri<\/p>\n","protected":false},"author":3,"featured_media":0,"parent":0,"menu_order":0,"comment_status":"closed","ping_status":"closed","template":"page-templates\/scheda_opera.php","meta":[],"acf":[],"_links":{"self":[{"href":"https:\/\/www.edisco.it\/the-green-planet\/wp-json\/wp\/v2\/pages\/10"}],"collection":[{"href":"https:\/\/www.edisco.it\/the-green-planet\/wp-json\/wp\/v2\/pages"}],"about":[{"href":"https:\/\/www.edisco.it\/the-green-planet\/wp-json\/wp\/v2\/types\/page"}],"author":[{"embeddable":true,"href":"https:\/\/www.edisco.it\/the-green-planet\/wp-json\/wp\/v2\/users\/3"}],"replies":[{"embeddable":true,"href":"https:\/\/www.edisco.it\/the-green-planet\/wp-json\/wp\/v2\/comments?post=10"}],"version-history":[{"count":8,"href":"https:\/\/www.edisco.it\/the-green-planet\/wp-json\/wp\/v2\/pages\/10\/revisions"}],"predecessor-version":[{"id":146,"href":"https:\/\/www.edisco.it\/the-green-planet\/wp-json\/wp\/v2\/pages\/10\/revisions\/146"}],"wp:attachment":[{"href":"https:\/\/www.edisco.it\/the-green-planet\/wp-json\/wp\/v2\/media?parent=10"}],"curies":[{"name":"wp","href":"https:\/\/api.w.org\/{rel}","templated":true}]}}